{"id":719,"date":"2020-08-20T15:20:16","date_gmt":"2020-08-20T15:20:16","guid":{"rendered":"https:\/\/kottmann-gurzeler.erdbeerblau.ch\/test\/?page_id=719"},"modified":"2025-02-24T18:37:48","modified_gmt":"2025-02-24T18:37:48","slug":"kottmann-gurzeler-ag-plattenarbeiten-aargau-wohlen-bremgarten-freiamt-nordwestschweiz","status":"publish","type":"page","link":"https:\/\/kottmann-gurzeler.ch\/cms\/kottmann-gurzeler-ag-plattenarbeiten-aargau-wohlen-bremgarten-freiamt-nordwestschweiz\/","title":{"rendered":"Plattenarbeiten"},"content":{"rendered":"<div  data-label=\"About\" data-id=\"about--1\" data-export-id=\"about-10\" data-category=\"about\" class=\"about-10 content-section content-section-spacing\" id=\"about-1\" style=\"background-color: rgb(253, 254, 255); background-image: none;\"><div  class=\"gridContainer\"> <div  class=\"row middle-sm text-center\"><div  class=\"col-sm-5 space-bottom-xs content-column\" data-type=\"column\">  <h2  class=\"\">Ihr Fachmann f\u00fcr <span  style=\"font-family: Playfair Display,sans-serif; font-weight: 700; font-style: italic;\" href=\"#\">Plattenarbeiten<\/span> aller Art.<\/h2> <p  class=\"\">Ob Sie einen Neubau planen, eine Renovierung ansteht oder einen Komplettumbau projektieren. Von kleinen Reparaturarbeiten bis hin zur totalen Sanierung. In Plattenarbeiten sind wir Meister unseres Faches.\r\n<br ><br >Dank unserer langj\u00e4hrigen Erfahrung k\u00f6nnen wir \u00e4ltere Materialien genauso fachgerecht bearbeiten, wie die neusten Trends f\u00fcr Bodenplatten oder Wandverkleidungen.<\/p> <h3  class=\"\">Renovieren \u2013 mit wenig Staub <\/h3><p  class=\"\" style=\"text-align: left;\"><img decoding=\"async\"  draggable=\"false\" role=\"img\" class=\"emoji\" alt=\"\u2714\" src=\"https:\/\/s.w.org\/images\/core\/emoji\/13.0.0\/svg\/2714.svg\"> Der alte Boden muss nicht herausgespritzt werden<br >\r\n<img decoding=\"async\"  draggable=\"false\" role=\"img\" class=\"emoji\" alt=\"\u2714\" src=\"https:\/\/s.w.org\/images\/core\/emoji\/13.0.0\/svg\/2714.svg\"> Ohne aufwendige Nachreinigung<br >\r\n<img decoding=\"async\"  draggable=\"false\" role=\"img\" class=\"emoji\" alt=\"\u2714\" src=\"https:\/\/s.w.org\/images\/core\/emoji\/13.0.0\/svg\/2714.svg\"> Geeignet bei Renovationen im bewohnten Zustand.\r\n<br ><img decoding=\"async\"  draggable=\"false\" role=\"img\" class=\"emoji\" alt=\"\u2714\" src=\"https:\/\/s.w.org\/images\/core\/emoji\/13.0.0\/svg\/2714.svg\"> K\u00fcrzere Bauzeit<\/p><h3  class=\"\">Langlebig und robust<\/h3><p  class=\"\">Dank besonders d\u00fcnnen und robusten Bodenfliesen zaubern Sie einen neuen Glanz in Ihre vier W\u00e4nde.<br >\r\nWir f\u00fchren d\u00fcnne Wand- und Bodenfliesen diversen Farben, Dekoren, Dimensionen \u2013 f\u00fcr alle Wohnbereiche<\/p><\/div> <div  class=\"col-sm-7 flexbox middle-xs center-xs space-bottom-xs\"><div  class=\"overlay-box middle-xs center-xs flexbox\"> <div  class=\"overlay-box-offset offset-border shadow-medium border-color1 hide-xs\"><\/div> <img decoding=\"async\"  class=\"shadow-large\" data-size=\"485x705\" src=\"https:\/\/kottmann-gurzeler.ch\/cms\/wp-content\/uploads\/2020\/08\/cropped-20191228_104044_resized_20200721_025824535.jpg\" alt=\"\" title=\"cropped-20191228_104044_resized_20200721_025824535.jpg\"><\/div> <\/div><\/div> <\/div><\/div><div  data-label=\"Cta\" data-id=\"cta--1\" data-export-id=\"cta-centered-bg-section\" data-category=\"cta\" data-section-ov=\"1\" class=\"cta-centered-bg-section content-section content-section-spacing-medium white-text\" data-parallax-depth=\"20\" id=\"cta-1\" style=\"background-color: rgb(255, 255, 255); background-image: url(&quot;https:\/\/kottmann-gurzeler.ch\/cms\/wp-content\/uploads\/2020\/07\/bodenplatten-wohnzimmer-1.jpg&quot;); background-size: cover; background-position: center top;\"><div  class=\"gridContainer\"> <div  class=\"row text-center\"><div  data-type=\"column\" class=\"\"> <h2  class=\"\">Sch\u00fctzen Sie Ihre Plattenbel\u00e4ge &gt;&gt;&nbsp; <\/h2> <a class=\"button color2\" href=\"https:\/\/kottmann-gurzeler.ch\/cms\/index.php\/reinigungsmittel\" target=\"_self\" data-cp-link=\"1\" data-icon=\"\" rel=\"noopener noreferrer\"> Reinigungsmittel<\/a><\/div> <\/div><\/div> <\/div>","protected":false},"excerpt":{"rendered":"<p>Ihr Fachmann f\u00fcr Plattenarbeiten aller Art. Ob Sie einen Neubau planen, eine Renovierung ansteht oder einen Komplettumbau projektieren. Von kleinen Reparaturarbeiten bis hin zur totalen Sanierung. In Plattenarbeiten sind wir Meister unseres Faches. Dank unserer langj\u00e4hrigen Erfahrung k\u00f6nnen wir \u00e4ltere Materialien genauso fachgerecht bearbeiten, wie die neusten Trends f\u00fcr Bodenplatten oder Wandverkleidungen. Renovieren \u2013 mit&hellip; <br \/> <a class=\"read-more\" href=\"https:\/\/kottmann-gurzeler.ch\/cms\/kottmann-gurzeler-ag-plattenarbeiten-aargau-wohlen-bremgarten-freiamt-nordwestschweiz\/\">Read more<\/a><\/p>\n","protected":false},"author":1,"featured_media":0,"parent":0,"menu_order":0,"comment_status":"closed","ping_status":"closed","template":"pro\/page-templates\/full-width-page.php","meta":{"footnotes":""},"yoast_head":"<!-- This site is optimized with the Yoast SEO plugin v21.6 - https:\/\/yoast.com\/wordpress\/plugins\/seo\/ -->\n<title>kottmann + gurzeler ag | Terrassenplatten I Gartenplatten, Aargau, Wohlen, Bremgarten, Freiamt, Nordwestschweiz<\/title>\n<meta name=\"description\" content=\"Ihr Partner f\u00fcr Plattenarbeiten im Aargau, Wohlen, Bremgarten, Freiamt und der NordwestschweizIhr Partner f\u00fcr Plattenarbeiten im Aargau, Wohlen, Bremgarten, Freiamt und der Nordwestschweiz\" \/>\n<meta name=\"robots\" content=\"index, follow, max-snippet:-1, max-image-preview:large, max-video-preview:-1\" \/>\n<link rel=\"canonical\" href=\"https:\/\/kottmann-gurzeler.ch\/cms\/kottmann-gurzeler-ag-plattenarbeiten-aargau-wohlen-bremgarten-freiamt-nordwestschweiz\/\" \/>\n<meta property=\"og:locale\" content=\"de_DE\" \/>\n<meta property=\"og:type\" content=\"article\" \/>\n<meta property=\"og:title\" content=\"kottmann + gurzeler ag | Terrassenplatten I Gartenplatten, Aargau, Wohlen, Bremgarten, Freiamt, Nordwestschweiz\" \/>\n<meta property=\"og:description\" content=\"Ihr Partner f\u00fcr Plattenarbeiten im Aargau, Wohlen, Bremgarten, Freiamt und der NordwestschweizIhr Partner f\u00fcr Plattenarbeiten im Aargau, Wohlen, Bremgarten, Freiamt und der Nordwestschweiz\" \/>\n<meta property=\"og:url\" content=\"https:\/\/kottmann-gurzeler.ch\/cms\/kottmann-gurzeler-ag-plattenarbeiten-aargau-wohlen-bremgarten-freiamt-nordwestschweiz\/\" \/>\n<meta property=\"og:site_name\" content=\"kottmann+gurzeler ag |\" \/>\n<meta property=\"article:modified_time\" content=\"2025-02-24T18:37:48+00:00\" \/>\n<meta property=\"og:image\" content=\"https:\/\/s.w.org\/images\/core\/emoji\/13.0.0\/svg\/2714.svg\" \/>\n<meta name=\"twitter:card\" content=\"summary_large_image\" \/>\n<meta name=\"twitter:label1\" content=\"Gesch\u00e4tzte Lesezeit\" \/>\n\t<meta name=\"twitter:data1\" content=\"2\u00a0Minuten\" \/>\n<script type=\"application\/ld+json\" class=\"yoast-schema-graph\">{\"@context\":\"https:\/\/schema.org\",\"@graph\":[{\"@type\":\"WebPage\",\"@id\":\"https:\/\/kottmann-gurzeler.ch\/cms\/kottmann-gurzeler-ag-plattenarbeiten-aargau-wohlen-bremgarten-freiamt-nordwestschweiz\/\",\"url\":\"https:\/\/kottmann-gurzeler.ch\/cms\/kottmann-gurzeler-ag-plattenarbeiten-aargau-wohlen-bremgarten-freiamt-nordwestschweiz\/\",\"name\":\"kottmann + gurzeler ag | Terrassenplatten I Gartenplatten, Aargau, Wohlen, Bremgarten, Freiamt, Nordwestschweiz\",\"isPartOf\":{\"@id\":\"https:\/\/kottmann-gurzeler.ch\/cms\/#website\"},\"datePublished\":\"2020-08-20T15:20:16+00:00\",\"dateModified\":\"2025-02-24T18:37:48+00:00\",\"description\":\"Ihr Partner f\u00fcr Plattenarbeiten im Aargau, Wohlen, Bremgarten, Freiamt und der NordwestschweizIhr Partner f\u00fcr Plattenarbeiten im Aargau, Wohlen, Bremgarten, Freiamt und der Nordwestschweiz\",\"breadcrumb\":{\"@id\":\"https:\/\/kottmann-gurzeler.ch\/cms\/kottmann-gurzeler-ag-plattenarbeiten-aargau-wohlen-bremgarten-freiamt-nordwestschweiz\/#breadcrumb\"},\"inLanguage\":\"de\",\"potentialAction\":[{\"@type\":\"ReadAction\",\"target\":[\"https:\/\/kottmann-gurzeler.ch\/cms\/kottmann-gurzeler-ag-plattenarbeiten-aargau-wohlen-bremgarten-freiamt-nordwestschweiz\/\"]}]},{\"@type\":\"BreadcrumbList\",\"@id\":\"https:\/\/kottmann-gurzeler.ch\/cms\/kottmann-gurzeler-ag-plattenarbeiten-aargau-wohlen-bremgarten-freiamt-nordwestschweiz\/#breadcrumb\",\"itemListElement\":[{\"@type\":\"ListItem\",\"position\":1,\"name\":\"Plattenbel\u00e4ge\",\"item\":\"https:\/\/kottmann-gurzeler.ch\/cms\/\"},{\"@type\":\"ListItem\",\"position\":2,\"name\":\"Plattenarbeiten\"}]},{\"@type\":\"WebSite\",\"@id\":\"https:\/\/kottmann-gurzeler.ch\/cms\/#website\",\"url\":\"https:\/\/kottmann-gurzeler.ch\/cms\/\",\"name\":\"kottmann+gurzeler ag |\",\"description\":\"| Aargau, Wohlen, Bremgarten, Freiamt, Nordwestschweiz\",\"publisher\":{\"@id\":\"https:\/\/kottmann-gurzeler.ch\/cms\/#organization\"},\"potentialAction\":[{\"@type\":\"SearchAction\",\"target\":{\"@type\":\"EntryPoint\",\"urlTemplate\":\"https:\/\/kottmann-gurzeler.ch\/cms\/?s={search_term_string}\"},\"query-input\":\"required name=search_term_string\"}],\"inLanguage\":\"de\"},{\"@type\":\"Organization\",\"@id\":\"https:\/\/kottmann-gurzeler.ch\/cms\/#organization\",\"name\":\"kottmann+gurzeler ag\",\"url\":\"https:\/\/kottmann-gurzeler.ch\/cms\/\",\"logo\":{\"@type\":\"ImageObject\",\"inLanguage\":\"de\",\"@id\":\"https:\/\/kottmann-gurzeler.ch\/cms\/#\/schema\/logo\/image\/\",\"url\":\"https:\/\/kottmann-gurzeler.ch\/cms\/wp-content\/uploads\/2020\/12\/angaben_schrift_farben_logo-e1607023115442.png\",\"contentUrl\":\"https:\/\/kottmann-gurzeler.ch\/cms\/wp-content\/uploads\/2020\/12\/angaben_schrift_farben_logo-e1607023115442.png\",\"width\":1941,\"height\":325,\"caption\":\"kottmann+gurzeler ag\"},\"image\":{\"@id\":\"https:\/\/kottmann-gurzeler.ch\/cms\/#\/schema\/logo\/image\/\"}}]}<\/script>\n<!-- \/ Yoast SEO plugin. -->","yoast_head_json":{"title":"kottmann + gurzeler ag | Terrassenplatten I Gartenplatten, Aargau, Wohlen, Bremgarten, Freiamt, Nordwestschweiz","description":"Ihr Partner f\u00fcr Plattenarbeiten im Aargau, Wohlen, Bremgarten, Freiamt und der NordwestschweizIhr Partner f\u00fcr Plattenarbeiten im Aargau, Wohlen, Bremgarten, Freiamt und der Nordwestschweiz","robots":{"index":"index","follow":"follow","max-snippet":"max-snippet:-1","max-image-preview":"max-image-preview:large","max-video-preview":"max-video-preview:-1"},"canonical":"https:\/\/kottmann-gurzeler.ch\/cms\/kottmann-gurzeler-ag-plattenarbeiten-aargau-wohlen-bremgarten-freiamt-nordwestschweiz\/","og_locale":"de_DE","og_type":"article","og_title":"kottmann + gurzeler ag | Terrassenplatten I Gartenplatten, Aargau, Wohlen, Bremgarten, Freiamt, Nordwestschweiz","og_description":"Ihr Partner f\u00fcr Plattenarbeiten im Aargau, Wohlen, Bremgarten, Freiamt und der NordwestschweizIhr Partner f\u00fcr Plattenarbeiten im Aargau, Wohlen, Bremgarten, Freiamt und der Nordwestschweiz","og_url":"https:\/\/kottmann-gurzeler.ch\/cms\/kottmann-gurzeler-ag-plattenarbeiten-aargau-wohlen-bremgarten-freiamt-nordwestschweiz\/","og_site_name":"kottmann+gurzeler ag |","article_modified_time":"2025-02-24T18:37:48+00:00","og_image":[{"url":"https:\/\/s.w.org\/images\/core\/emoji\/13.0.0\/svg\/2714.svg"}],"twitter_card":"summary_large_image","twitter_misc":{"Gesch\u00e4tzte Lesezeit":"2\u00a0Minuten"},"schema":{"@context":"https:\/\/schema.org","@graph":[{"@type":"WebPage","@id":"https:\/\/kottmann-gurzeler.ch\/cms\/kottmann-gurzeler-ag-plattenarbeiten-aargau-wohlen-bremgarten-freiamt-nordwestschweiz\/","url":"https:\/\/kottmann-gurzeler.ch\/cms\/kottmann-gurzeler-ag-plattenarbeiten-aargau-wohlen-bremgarten-freiamt-nordwestschweiz\/","name":"kottmann + gurzeler ag | Terrassenplatten I Gartenplatten, Aargau, Wohlen, Bremgarten, Freiamt, Nordwestschweiz","isPartOf":{"@id":"https:\/\/kottmann-gurzeler.ch\/cms\/#website"},"datePublished":"2020-08-20T15:20:16+00:00","dateModified":"2025-02-24T18:37:48+00:00","description":"Ihr Partner f\u00fcr Plattenarbeiten im Aargau, Wohlen, Bremgarten, Freiamt und der NordwestschweizIhr Partner f\u00fcr Plattenarbeiten im Aargau, Wohlen, Bremgarten, Freiamt und der Nordwestschweiz","breadcrumb":{"@id":"https:\/\/kottmann-gurzeler.ch\/cms\/kottmann-gurzeler-ag-plattenarbeiten-aargau-wohlen-bremgarten-freiamt-nordwestschweiz\/#breadcrumb"},"inLanguage":"de","potentialAction":[{"@type":"ReadAction","target":["https:\/\/kottmann-gurzeler.ch\/cms\/kottmann-gurzeler-ag-plattenarbeiten-aargau-wohlen-bremgarten-freiamt-nordwestschweiz\/"]}]},{"@type":"BreadcrumbList","@id":"https:\/\/kottmann-gurzeler.ch\/cms\/kottmann-gurzeler-ag-plattenarbeiten-aargau-wohlen-bremgarten-freiamt-nordwestschweiz\/#breadcrumb","itemListElement":[{"@type":"ListItem","position":1,"name":"Plattenbel\u00e4ge","item":"https:\/\/kottmann-gurzeler.ch\/cms\/"},{"@type":"ListItem","position":2,"name":"Plattenarbeiten"}]},{"@type":"WebSite","@id":"https:\/\/kottmann-gurzeler.ch\/cms\/#website","url":"https:\/\/kottmann-gurzeler.ch\/cms\/","name":"kottmann+gurzeler ag |","description":"| Aargau, Wohlen, Bremgarten, Freiamt, Nordwestschweiz","publisher":{"@id":"https:\/\/kottmann-gurzeler.ch\/cms\/#organization"},"potentialAction":[{"@type":"SearchAction","target":{"@type":"EntryPoint","urlTemplate":"https:\/\/kottmann-gurzeler.ch\/cms\/?s={search_term_string}"},"query-input":"required name=search_term_string"}],"inLanguage":"de"},{"@type":"Organization","@id":"https:\/\/kottmann-gurzeler.ch\/cms\/#organization","name":"kottmann+gurzeler ag","url":"https:\/\/kottmann-gurzeler.ch\/cms\/","logo":{"@type":"ImageObject","inLanguage":"de","@id":"https:\/\/kottmann-gurzeler.ch\/cms\/#\/schema\/logo\/image\/","url":"https:\/\/kottmann-gurzeler.ch\/cms\/wp-content\/uploads\/2020\/12\/angaben_schrift_farben_logo-e1607023115442.png","contentUrl":"https:\/\/kottmann-gurzeler.ch\/cms\/wp-content\/uploads\/2020\/12\/angaben_schrift_farben_logo-e1607023115442.png","width":1941,"height":325,"caption":"kottmann+gurzeler ag"},"image":{"@id":"https:\/\/kottmann-gurzeler.ch\/cms\/#\/schema\/logo\/image\/"}}]}},"_links":{"self":[{"href":"https:\/\/kottmann-gurzeler.ch\/cms\/wp-json\/wp\/v2\/pages\/719"}],"collection":[{"href":"https:\/\/kottmann-gurzeler.ch\/cms\/wp-json\/wp\/v2\/pages"}],"about":[{"href":"https:\/\/kottmann-gurzeler.ch\/cms\/wp-json\/wp\/v2\/types\/page"}],"author":[{"embeddable":true,"href":"https:\/\/kottmann-gurzeler.ch\/cms\/wp-json\/wp\/v2\/users\/1"}],"replies":[{"embeddable":true,"href":"https:\/\/kottmann-gurzeler.ch\/cms\/wp-json\/wp\/v2\/comments?post=719"}],"version-history":[{"count":14,"href":"https:\/\/kottmann-gurzeler.ch\/cms\/wp-json\/wp\/v2\/pages\/719\/revisions"}],"predecessor-version":[{"id":1334,"href":"https:\/\/kottmann-gurzeler.ch\/cms\/wp-json\/wp\/v2\/pages\/719\/revisions\/1334"}],"wp:attachment":[{"href":"https:\/\/kottmann-gurzeler.ch\/cms\/wp-json\/wp\/v2\/media?parent=719"}],"curies":[{"name":"wp","href":"https:\/\/api.w.org\/{rel}","templated":true}]}}