{"id":715,"date":"2020-08-20T14:55:54","date_gmt":"2020-08-20T14:55:54","guid":{"rendered":"https:\/\/kottmann-gurzeler.erdbeerblau.ch\/test\/?page_id=715"},"modified":"2025-02-24T18:36:45","modified_gmt":"2025-02-24T18:36:45","slug":"kottmann-gurzeler-ag-terrassenplatten-i-gartenplatten-aargau-wohlen-bremgarten-freiamt-nordwestschweiz","status":"publish","type":"page","link":"https:\/\/kottmann-gurzeler.ch\/cms\/kottmann-gurzeler-ag-terrassenplatten-i-gartenplatten-aargau-wohlen-bremgarten-freiamt-nordwestschweiz\/","title":{"rendered":"Plattenbel\u00e4ge"},"content":{"rendered":"<div  data-label=\"About\" data-id=\"about--1\" data-export-id=\"about-10\" data-category=\"about\" class=\"about-10 content-section content-section-spacing\" id=\"about-1\" style=\"background-color: rgb(245, 250, 253);\"><div  class=\"gridContainer\"> <div  class=\"row middle-sm text-center\"><div  class=\"col-sm-5 space-bottom-xs content-column\" data-type=\"column\">  <h2  class=\"\">Beratung zu<br > <span  style=\"font-family: Playfair Display,sans-serif; font-weight: 700; font-style: italic;\" href=\"#\">Materialien und Verlegeart <\/span>f\u00fcr Ihre optimale Wahl<\/h2>  <p  class=\"lead\">Wand- und Bodenbel\u00e4ge im Wohnbereich zaubern je nach gew\u00e4hltem Bodenbelag und Art der Verlegung Ihrem Raum einen ganz neuen und individuellen Charakter.\r\n<br ><br >Grossformatige Platten mit schmalen Fugen verlegt wirken modern, fl\u00e4chig und ruhig.<\/p><\/div> <div  class=\"col-sm-7 flexbox middle-xs center-xs space-bottom-xs\"><div  class=\"overlay-box middle-xs center-xs flexbox\"> <div  class=\"overlay-box-offset offset-border shadow-medium border-color1 hide-xs\"><\/div> <img decoding=\"async\"  class=\"shadow-large\" data-size=\"485x705\" src=\"https:\/\/kottmann-gurzeler.ch\/cms\/wp-content\/uploads\/2020\/10\/cropped-WP_20140610_09_13_52_Pro.jpg\" alt=\"\" title=\"cropped-WP_20140610_09_13_52_Pro.jpg\"><\/div> <\/div><\/div> <\/div><\/div><div  data-label=\"Content\" data-id=\"content--3\" data-export-id=\"content-8\" data-category=\"content\" class=\"content-8 content-section content-section-spacing\" id=\"content-3\" style=\"background-color: rgb(245, 250, 253);\"><div  class=\"gridContainer\"> <div  class=\"row middle-sm\"><div  class=\"col-sm-6 space-bottom-xs space-top-xs\" data-type=\"column\"> <img decoding=\"async\"  class=\"shadow-large\" src=\"https:\/\/kottmann-gurzeler.ch\/cms\/wp-content\/uploads\/2020\/07\/cropped-DSCN0299-1-2.jpg\" alt=\"\" title=\"cropped-DSCN0299-1-2.jpg\"><\/div> <div  class=\"col-sm-6\" data-type=\"column\"><h2  class=\"\">Terrassen- und Gartenplatten langlebig verlegen <\/h2> <p  class=\"\">Ein besonderes Augenmerk bei Bodenplatten im Aussenbereich gilt der Verwendung der richtigen Materialien und Systeme.<br ><br >Ihr Gartenweg oder Sitzplatz so zu planen, dass kein Wasser ins Haus zur\u00fcckgef\u00fchrt wird ist selbstverst\u00e4ndlich.\r\n<br ><br ><span  style=\"font-weight: 600;\">Schwimmend (offen) verlegen oder fest verkleben?<\/span><br >\r\nLassen Sie sich bei uns ausf\u00fchrlich beraten, wenn es um Ihren Plattenbelag geht.<\/p> <\/div> <\/div><\/div> <\/div><div  data-label=\"Overlappable\" data-id=\"overlappable--1\" data-export-id=\"overlappable-5\" data-category=\"overlappable\" class=\"overlappable-5 content-section content-section-spacing content-relative\" data-overlap=\"true\" id=\"overlappable-1\" style=\"background-color: rgb(255, 255, 255);\"><div  class=\"gridContainer\"> <div  data-type=\"row\" class=\"row shadow-medium bg-color-white\"><div  class=\"col-xs-12 col-sm-4 col-padding col-padding-xs bg-color-white\"> <div  class=\"row middle-sm\"><div  class=\"col-xs-12 col-sm-fit icon-column\"> <i  class=\"fa icon fa-home bordered round color2\"><\/i><\/div> <div  data-type=\"column\" class=\"col-xs-12 col-sm v-spacing\"><h5  class=\"\">Geeignete Bodenbel\u00e4ge im Innenbereich\r\n<\/h5><\/div> <\/div> <div  class=\"row\"> <div  class=\"col-xs-12 col-sm-12\" data-type=\"column\"> <p  class=\"\">Feinsteinzeug\r\n<br >Naturstein<br >\r\nGlasmosaik<br >\r\nKunststeine<\/p> <\/div> <\/div><\/div> <div  class=\"col-xs-12 col-sm-4 col-padding col-padding-xs bg-color-white\"><div  class=\"row middle-sm\"> <div  class=\"col-xs-12 col-sm-fit icon-column\"><i  class=\"fa icon fa-align-center bordered round color2\"><\/i><\/div> <div  data-type=\"column\" class=\"col-xs-12 col-sm v-spacing\"><h5  class=\"\">Geeignete Wandbel\u00e4ge im Innenbereich<\/h5><\/div> <\/div> <div  class=\"row\"> <div  class=\"col-xs-12 col-sm-12\" data-type=\"column\"> <p  class=\"\">Feinsteinzeug\r\n<br >Naturstein\r\n<br >Glasmosaik\r\n<br >Steingut<\/p> <\/div> <\/div><\/div> <div  class=\"col-xs-12 col-sm-4 col-padding col-padding-xs bg-color-white\"><div  class=\"row middle-sm\"> <div  class=\"col-xs-12 col-sm-fit icon-column\"><i  class=\"fa icon fa-bug bordered round color2\"><\/i><\/div> <div  data-type=\"column\" class=\"col-xs-12 col-sm v-spacing\"><h5  class=\"\">Geeignete Bel\u00e4ge im Aussenbereich<\/h5><\/div> <\/div> <div  class=\"row\"> <div  class=\"col-xs-12 col-sm-12\" data-type=\"column\"> <p  class=\"\">Feinsteinzeug\r\n<br >Naturstein<\/p> <\/div> <\/div><\/div> <\/div><\/div> <\/div><div  data-label=\"Cta\" data-id=\"cta--1\" data-export-id=\"cta-centered-bg-section\" data-category=\"cta\" data-section-ov=\"1\" class=\"cta-centered-bg-section content-section content-section-spacing-medium white-text\" data-parallax-depth=\"20\" id=\"cta-1\" style=\"background-color: rgb(255, 255, 255); background-image: url(&quot;https:\/\/kottmann-gurzeler.ch\/cms\/wp-content\/uploads\/2020\/07\/bodenplatten-wohnzimmer-1.jpg&quot;); background-size: cover; background-position: center top;\"><div  class=\"gridContainer\"> <div  class=\"row text-center\"><div  data-type=\"column\" class=\"\"> <h2  class=\"\">.sp\u00fcren .sehen .riechen .darauf gehen &gt;&gt; <\/h2> <a class=\"button color2\" href=\"https:\/\/kottmann-gurzeler.ch\/cms\/index.php\/showroom\" target=\"_self\" data-cp-link=\"1\" data-icon=\"\" rel=\"noopener noreferrer\">Beratung im Showroom<\/a><\/div> <\/div><\/div> <\/div>","protected":false},"excerpt":{"rendered":"<p>Beratung zu Materialien und Verlegeart f\u00fcr Ihre optimale Wahl Wand- und Bodenbel\u00e4ge im Wohnbereich zaubern je nach gew\u00e4hltem Bodenbelag und Art der Verlegung Ihrem Raum einen ganz neuen und individuellen Charakter. Grossformatige Platten mit schmalen Fugen verlegt wirken modern, fl\u00e4chig und ruhig. Terrassen- und Gartenplatten langlebig verlegen Ein besonderes Augenmerk bei Bodenplatten im Aussenbereich gilt&hellip; <br \/> <a class=\"read-more\" href=\"https:\/\/kottmann-gurzeler.ch\/cms\/kottmann-gurzeler-ag-terrassenplatten-i-gartenplatten-aargau-wohlen-bremgarten-freiamt-nordwestschweiz\/\">Read more<\/a><\/p>\n","protected":false},"author":1,"featured_media":0,"parent":0,"menu_order":0,"comment_status":"closed","ping_status":"closed","template":"pro\/page-templates\/full-width-page.php","meta":{"footnotes":""},"yoast_head":"<!-- This site is optimized with the Yoast SEO plugin v21.6 - https:\/\/yoast.com\/wordpress\/plugins\/seo\/ -->\n<title>kottmann+gurzeler ag | Plattenbel\u00e4ge, Aargau, Wohlen, Bremgarten, Freiamt, Nordwestschweiz<\/title>\n<meta name=\"description\" content=\"Ihr Partner f\u00fcr Terrassenplatten resp.Gartenplatten im Aargau, Wohlen, Bremgarten, Freiamt und der Nordwestschweiz\" \/>\n<meta name=\"robots\" content=\"index, follow, max-snippet:-1, max-image-preview:large, max-video-preview:-1\" \/>\n<link rel=\"canonical\" href=\"https:\/\/kottmann-gurzeler.ch\/cms\/kottmann-gurzeler-ag-terrassenplatten-i-gartenplatten-aargau-wohlen-bremgarten-freiamt-nordwestschweiz\/\" \/>\n<meta property=\"og:locale\" content=\"de_DE\" \/>\n<meta property=\"og:type\" content=\"article\" \/>\n<meta property=\"og:title\" content=\"kottmann+gurzeler ag | Plattenbel\u00e4ge, Aargau, Wohlen, Bremgarten, Freiamt, Nordwestschweiz\" \/>\n<meta property=\"og:description\" content=\"Ihr Partner f\u00fcr Terrassenplatten resp.Gartenplatten im Aargau, Wohlen, Bremgarten, Freiamt und der Nordwestschweiz\" \/>\n<meta property=\"og:url\" content=\"https:\/\/kottmann-gurzeler.ch\/cms\/kottmann-gurzeler-ag-terrassenplatten-i-gartenplatten-aargau-wohlen-bremgarten-freiamt-nordwestschweiz\/\" \/>\n<meta property=\"og:site_name\" content=\"kottmann+gurzeler ag |\" \/>\n<meta property=\"article:modified_time\" content=\"2025-02-24T18:36:45+00:00\" \/>\n<meta property=\"og:image\" content=\"https:\/\/kottmann-gurzeler.ch\/cms\/wp-content\/uploads\/2020\/10\/cropped-WP_20140610_09_13_52_Pro.jpg\" \/>\n<meta name=\"twitter:card\" content=\"summary_large_image\" \/>\n<meta name=\"twitter:label1\" content=\"Gesch\u00e4tzte Lesezeit\" \/>\n\t<meta name=\"twitter:data1\" content=\"2\u00a0Minuten\" \/>\n<script type=\"application\/ld+json\" class=\"yoast-schema-graph\">{\"@context\":\"https:\/\/schema.org\",\"@graph\":[{\"@type\":\"WebPage\",\"@id\":\"https:\/\/kottmann-gurzeler.ch\/cms\/kottmann-gurzeler-ag-terrassenplatten-i-gartenplatten-aargau-wohlen-bremgarten-freiamt-nordwestschweiz\/\",\"url\":\"https:\/\/kottmann-gurzeler.ch\/cms\/kottmann-gurzeler-ag-terrassenplatten-i-gartenplatten-aargau-wohlen-bremgarten-freiamt-nordwestschweiz\/\",\"name\":\"kottmann+gurzeler ag | Plattenbel\u00e4ge, Aargau, Wohlen, Bremgarten, Freiamt, Nordwestschweiz\",\"isPartOf\":{\"@id\":\"https:\/\/kottmann-gurzeler.ch\/cms\/#website\"},\"datePublished\":\"2020-08-20T14:55:54+00:00\",\"dateModified\":\"2025-02-24T18:36:45+00:00\",\"description\":\"Ihr Partner f\u00fcr Terrassenplatten resp.Gartenplatten im Aargau, Wohlen, Bremgarten, Freiamt und der Nordwestschweiz\",\"breadcrumb\":{\"@id\":\"https:\/\/kottmann-gurzeler.ch\/cms\/kottmann-gurzeler-ag-terrassenplatten-i-gartenplatten-aargau-wohlen-bremgarten-freiamt-nordwestschweiz\/#breadcrumb\"},\"inLanguage\":\"de\",\"potentialAction\":[{\"@type\":\"ReadAction\",\"target\":[\"https:\/\/kottmann-gurzeler.ch\/cms\/kottmann-gurzeler-ag-terrassenplatten-i-gartenplatten-aargau-wohlen-bremgarten-freiamt-nordwestschweiz\/\"]}]},{\"@type\":\"BreadcrumbList\",\"@id\":\"https:\/\/kottmann-gurzeler.ch\/cms\/kottmann-gurzeler-ag-terrassenplatten-i-gartenplatten-aargau-wohlen-bremgarten-freiamt-nordwestschweiz\/#breadcrumb\",\"itemListElement\":[{\"@type\":\"ListItem\",\"position\":1,\"name\":\"Plattenbel\u00e4ge\",\"item\":\"https:\/\/kottmann-gurzeler.ch\/cms\/\"},{\"@type\":\"ListItem\",\"position\":2,\"name\":\"Plattenbel\u00e4ge\"}]},{\"@type\":\"WebSite\",\"@id\":\"https:\/\/kottmann-gurzeler.ch\/cms\/#website\",\"url\":\"https:\/\/kottmann-gurzeler.ch\/cms\/\",\"name\":\"kottmann+gurzeler ag |\",\"description\":\"| Aargau, Wohlen, Bremgarten, Freiamt, Nordwestschweiz\",\"publisher\":{\"@id\":\"https:\/\/kottmann-gurzeler.ch\/cms\/#organization\"},\"potentialAction\":[{\"@type\":\"SearchAction\",\"target\":{\"@type\":\"EntryPoint\",\"urlTemplate\":\"https:\/\/kottmann-gurzeler.ch\/cms\/?s={search_term_string}\"},\"query-input\":\"required name=search_term_string\"}],\"inLanguage\":\"de\"},{\"@type\":\"Organization\",\"@id\":\"https:\/\/kottmann-gurzeler.ch\/cms\/#organization\",\"name\":\"kottmann+gurzeler ag\",\"url\":\"https:\/\/kottmann-gurzeler.ch\/cms\/\",\"logo\":{\"@type\":\"ImageObject\",\"inLanguage\":\"de\",\"@id\":\"https:\/\/kottmann-gurzeler.ch\/cms\/#\/schema\/logo\/image\/\",\"url\":\"https:\/\/kottmann-gurzeler.ch\/cms\/wp-content\/uploads\/2020\/12\/angaben_schrift_farben_logo-e1607023115442.png\",\"contentUrl\":\"https:\/\/kottmann-gurzeler.ch\/cms\/wp-content\/uploads\/2020\/12\/angaben_schrift_farben_logo-e1607023115442.png\",\"width\":1941,\"height\":325,\"caption\":\"kottmann+gurzeler ag\"},\"image\":{\"@id\":\"https:\/\/kottmann-gurzeler.ch\/cms\/#\/schema\/logo\/image\/\"}}]}<\/script>\n<!-- \/ Yoast SEO plugin. -->","yoast_head_json":{"title":"kottmann+gurzeler ag | Plattenbel\u00e4ge, Aargau, Wohlen, Bremgarten, Freiamt, Nordwestschweiz","description":"Ihr Partner f\u00fcr Terrassenplatten resp.Gartenplatten im Aargau, Wohlen, Bremgarten, Freiamt und der Nordwestschweiz","robots":{"index":"index","follow":"follow","max-snippet":"max-snippet:-1","max-image-preview":"max-image-preview:large","max-video-preview":"max-video-preview:-1"},"canonical":"https:\/\/kottmann-gurzeler.ch\/cms\/kottmann-gurzeler-ag-terrassenplatten-i-gartenplatten-aargau-wohlen-bremgarten-freiamt-nordwestschweiz\/","og_locale":"de_DE","og_type":"article","og_title":"kottmann+gurzeler ag | Plattenbel\u00e4ge, Aargau, Wohlen, Bremgarten, Freiamt, Nordwestschweiz","og_description":"Ihr Partner f\u00fcr Terrassenplatten resp.Gartenplatten im Aargau, Wohlen, Bremgarten, Freiamt und der Nordwestschweiz","og_url":"https:\/\/kottmann-gurzeler.ch\/cms\/kottmann-gurzeler-ag-terrassenplatten-i-gartenplatten-aargau-wohlen-bremgarten-freiamt-nordwestschweiz\/","og_site_name":"kottmann+gurzeler ag |","article_modified_time":"2025-02-24T18:36:45+00:00","og_image":[{"url":"https:\/\/kottmann-gurzeler.ch\/cms\/wp-content\/uploads\/2020\/10\/cropped-WP_20140610_09_13_52_Pro.jpg"}],"twitter_card":"summary_large_image","twitter_misc":{"Gesch\u00e4tzte Lesezeit":"2\u00a0Minuten"},"schema":{"@context":"https:\/\/schema.org","@graph":[{"@type":"WebPage","@id":"https:\/\/kottmann-gurzeler.ch\/cms\/kottmann-gurzeler-ag-terrassenplatten-i-gartenplatten-aargau-wohlen-bremgarten-freiamt-nordwestschweiz\/","url":"https:\/\/kottmann-gurzeler.ch\/cms\/kottmann-gurzeler-ag-terrassenplatten-i-gartenplatten-aargau-wohlen-bremgarten-freiamt-nordwestschweiz\/","name":"kottmann+gurzeler ag | Plattenbel\u00e4ge, Aargau, Wohlen, Bremgarten, Freiamt, Nordwestschweiz","isPartOf":{"@id":"https:\/\/kottmann-gurzeler.ch\/cms\/#website"},"datePublished":"2020-08-20T14:55:54+00:00","dateModified":"2025-02-24T18:36:45+00:00","description":"Ihr Partner f\u00fcr Terrassenplatten resp.Gartenplatten im Aargau, Wohlen, Bremgarten, Freiamt und der Nordwestschweiz","breadcrumb":{"@id":"https:\/\/kottmann-gurzeler.ch\/cms\/kottmann-gurzeler-ag-terrassenplatten-i-gartenplatten-aargau-wohlen-bremgarten-freiamt-nordwestschweiz\/#breadcrumb"},"inLanguage":"de","potentialAction":[{"@type":"ReadAction","target":["https:\/\/kottmann-gurzeler.ch\/cms\/kottmann-gurzeler-ag-terrassenplatten-i-gartenplatten-aargau-wohlen-bremgarten-freiamt-nordwestschweiz\/"]}]},{"@type":"BreadcrumbList","@id":"https:\/\/kottmann-gurzeler.ch\/cms\/kottmann-gurzeler-ag-terrassenplatten-i-gartenplatten-aargau-wohlen-bremgarten-freiamt-nordwestschweiz\/#breadcrumb","itemListElement":[{"@type":"ListItem","position":1,"name":"Plattenbel\u00e4ge","item":"https:\/\/kottmann-gurzeler.ch\/cms\/"},{"@type":"ListItem","position":2,"name":"Plattenbel\u00e4ge"}]},{"@type":"WebSite","@id":"https:\/\/kottmann-gurzeler.ch\/cms\/#website","url":"https:\/\/kottmann-gurzeler.ch\/cms\/","name":"kottmann+gurzeler ag |","description":"| Aargau, Wohlen, Bremgarten, Freiamt, Nordwestschweiz","publisher":{"@id":"https:\/\/kottmann-gurzeler.ch\/cms\/#organization"},"potentialAction":[{"@type":"SearchAction","target":{"@type":"EntryPoint","urlTemplate":"https:\/\/kottmann-gurzeler.ch\/cms\/?s={search_term_string}"},"query-input":"required name=search_term_string"}],"inLanguage":"de"},{"@type":"Organization","@id":"https:\/\/kottmann-gurzeler.ch\/cms\/#organization","name":"kottmann+gurzeler ag","url":"https:\/\/kottmann-gurzeler.ch\/cms\/","logo":{"@type":"ImageObject","inLanguage":"de","@id":"https:\/\/kottmann-gurzeler.ch\/cms\/#\/schema\/logo\/image\/","url":"https:\/\/kottmann-gurzeler.ch\/cms\/wp-content\/uploads\/2020\/12\/angaben_schrift_farben_logo-e1607023115442.png","contentUrl":"https:\/\/kottmann-gurzeler.ch\/cms\/wp-content\/uploads\/2020\/12\/angaben_schrift_farben_logo-e1607023115442.png","width":1941,"height":325,"caption":"kottmann+gurzeler ag"},"image":{"@id":"https:\/\/kottmann-gurzeler.ch\/cms\/#\/schema\/logo\/image\/"}}]}},"_links":{"self":[{"href":"https:\/\/kottmann-gurzeler.ch\/cms\/wp-json\/wp\/v2\/pages\/715"}],"collection":[{"href":"https:\/\/kottmann-gurzeler.ch\/cms\/wp-json\/wp\/v2\/pages"}],"about":[{"href":"https:\/\/kottmann-gurzeler.ch\/cms\/wp-json\/wp\/v2\/types\/page"}],"author":[{"embeddable":true,"href":"https:\/\/kottmann-gurzeler.ch\/cms\/wp-json\/wp\/v2\/users\/1"}],"replies":[{"embeddable":true,"href":"https:\/\/kottmann-gurzeler.ch\/cms\/wp-json\/wp\/v2\/comments?post=715"}],"version-history":[{"count":22,"href":"https:\/\/kottmann-gurzeler.ch\/cms\/wp-json\/wp\/v2\/pages\/715\/revisions"}],"predecessor-version":[{"id":1262,"href":"https:\/\/kottmann-gurzeler.ch\/cms\/wp-json\/wp\/v2\/pages\/715\/revisions\/1262"}],"wp:attachment":[{"href":"https:\/\/kottmann-gurzeler.ch\/cms\/wp-json\/wp\/v2\/media?parent=715"}],"curies":[{"name":"wp","href":"https:\/\/api.w.org\/{rel}","templated":true}]}}