{"id":65,"date":"2017-11-10T14:08:51","date_gmt":"2017-11-10T14:08:51","guid":{"rendered":"http:\/\/tag_link_site_url\/mesmerize\/"},"modified":"2024-12-10T14:46:38","modified_gmt":"2024-12-10T14:46:38","slug":"mesmerize","status":"publish","type":"page","link":"https:\/\/kottmann-gurzeler.ch\/cms\/","title":{"rendered":"Plattenarbeiten vom Fachmann"},"content":{"rendered":"<div  id=\"kottmanngurzeler\" class=\"about-1 content-section\" style=\"background-color: #fdfeff; background-image: none;\" data-label=\"kottmanngurzeler\" data-id=\"about--1\" data-export-id=\"about-1\" data-category=\"about\">\n<div  class=\"\">\n<div  class=\"row text-center\">\n<div  class=\"section-title-col\" data-type=\"column\">\n<h2  class=\"\" style=\"border-bottom-color: #d4cac9;\">Plattenbel\u00e4ge sind <span  style=\"font-style: italic; font-weight: bold; font-family: 'Playfair Display', arial, helvetica, sans-serif;\">unsere Passion<\/span>, wir freuen uns \u2013 Ihre Wohntr\u00e4ume zu realisieren.<\/h2>\n<p  class=\"lead\">Die Firma kottmann + gurzeler ag aus Fischbach-G\u00f6slikon AG ist seit \u00fcber 55 Jahren Ihr Fachmann f\u00fcr Plattenbel\u00e4ge aller Art.<\/p>\n<\/div>\n<\/div>\n<\/div>\n<\/div><figure  class=\"wp-block-video aligncenter\"><video  controls=\"\" src=\"https:\/\/kottmann-gurzeler.ch\/cms\/wp-content\/uploads\/2023\/11\/Kottmann_Gurzeler.mp4\"><\/video><\/figure><div  class=\"row\">\n<div  class=\"button-holder space-bottom space-bottom-small\" data-type=\"column\">&nbsp;<\/div>\n<div  class=\"col-xs bottom-xs flexbox image-group-bottom-3-img space-bottom-xs center-xs\"><img  decoding=\"async\" class=\"left-img shadow-large-black\" title=\"Musterplatten-Ausstellung bei Bremgarten AG\" src=\"https:\/\/kottmann-gurzeler.ch\/cms\/wp-content\/uploads\/2020\/10\/cropped-IMG_20201022_152306_resized_20201022_043951775-2.jpg\" alt=\"Plattenausstellung\" data-size=\"500x300\"> <img  decoding=\"async\" class=\"center-img shadow-large-black\" title=\"Plattenbel\u00e4ge\" src=\"https:\/\/kottmann-gurzeler.ch\/cms\/wp-content\/uploads\/2020\/08\/cropped-cropped-kg-platten-team-2.jpg\" alt=\"kottmann+gurzeler ag - Ihr Fachmann f\u00fcr Plattenarbeiten\" data-size=\"500x300\"> <img  decoding=\"async\" class=\"right-img shadow-large-black\" title=\"Bodenplatten Ausstellung\" src=\"https:\/\/kottmann-gurzeler.ch\/cms\/wp-content\/uploads\/2020\/10\/IMG_20201022_152849_resized_20201022_043950832.jpg\" alt=\"Showroom Bodenplatten und Wandkeramik\" data-size=\"500x300\"><\/div>\n<\/div><div  id=\"wandbelag-bodenbelage\" class=\"portfolio-5 content-section content-section-spacing\" style=\"background-color: #ffffff; background-image: none;\" data-label=\"Wandbelag  Bodenbelage\" data-id=\"portfolio-5\" data-export-id=\"portfolio-5\" data-category=\"portfolio\">\n<div  class=\"\">\n<div  class=\"row text-center\">\n<div  class=\"section-title-col\" data-type=\"column\">\n<h2  class=\"no-after\" style=\"border-bottom-color: #dd3333;\">Plattenarbeiten aller Art<\/h2>\n<p  class=\"\"><img  decoding=\"async\" class=\"custom-image\" title=\"cropped-home_slogan.jpg\" src=\"https:\/\/kottmann-gurzeler.ch\/cms\/wp-content\/uploads\/2020\/07\/cropped-home_slogan.jpg\" alt=\"\"><\/p>\n<\/div>\n<\/div>\n<div  class=\"row space-bottom spaced-cols\" data-type=\"row\">\n<div  class=\"col-xs-12 col-sm-4 text-center col-md-2 \">\n<div  class=\"card no-padding bordered\">\n<div  class=\"contentswap-effect\" data-hover-fx=\"portfolio-6\">\n<div  class=\"initial-image\"><img  decoding=\"async\" src=\"https:\/\/kottmann-gurzeler.ch\/cms\/wp-content\/uploads\/2020\/07\/WP_20140610_09_13_52_Pro.jpg\" data-size=\"500x500\"><\/div>\n<div  class=\"overlay bg-color7\">&nbsp;<\/div>\n<div  class=\"swap-inner col-xs-12\">\n<div  class=\"row full-height-row middle-xs middle-sm\">\n<div  class=\"col-xs-12 text-center content-holder\"><a class=\"button small color2\" href=\"https:\/\/kottmann-gurzeler.ch\/cms\/index.php\/referenzen-wohnzimmer\" target=\"_self\" rel=\"noopener noreferrer\" data-cp-link=\"1\" data-icon=\"\">Wohnzimmer<\/a><\/div>\n<\/div>\n<\/div>\n<\/div>\n<div  class=\"col-xs-12\">\n<div  class=\"space-bottom space-top\" data-type=\"column\">\n<h4  class=\"end\">Wohnzimmer<\/h4>\n<p  class=\"italic\">Ihr Bodenbelag im Wohnzimmer ist massgebend f\u00fcr das Ambiente zu Hause.<\/p>\n<\/div>\n<\/div>\n<\/div>\n<\/div>\n<div  class=\"col-xs-12 col-sm-4 text-center col-md-2 \">\n<div  class=\"card no-padding bordered\">\n<div  class=\"contentswap-effect\" data-hover-fx=\"portfolio-6\">\n<div  class=\"initial-image\"><img  decoding=\"async\" src=\"https:\/\/kottmann-gurzeler.ch\/cms\/wp-content\/uploads\/2020\/07\/ref_05.jpg\" data-size=\"500x500\"><\/div>\n<div  class=\"overlay bg-color7\">&nbsp;<\/div>\n<div  class=\"swap-inner col-xs-12\">\n<div  class=\"row full-height-row middle-xs middle-sm\">\n<div  class=\"col-xs-12 text-center content-holder\"><a class=\"button small color2\" href=\"https:\/\/kottmann-gurzeler.ch\/cms\/index.php\/referenzen-bad\" target=\"_self\" rel=\"noopener noreferrer\" data-cp-link=\"1\" data-icon=\"\">Badezimmer<\/a><\/div>\n<\/div>\n<\/div>\n<\/div>\n<div  class=\"col-xs-12\">\n<div  class=\"space-bottom space-top\" data-type=\"column\">\n<h4  class=\"end\">Badezimmer<\/h4>\n<p  class=\"italic\">Ob Neubau oder Renovation. Wir realisieren Ihr Bauprojekt im Bad oder Dusche.<\/p>\n<\/div>\n<\/div>\n<\/div>\n<\/div>\n<div  class=\"col-xs-12 col-sm-4 text-center col-md-2 \">\n<div  class=\"card no-padding bordered\">\n<div  class=\"contentswap-effect\" data-hover-fx=\"portfolio-6\">\n<div  class=\"initial-image\"><img  decoding=\"async\" src=\"https:\/\/kottmann-gurzeler.ch\/cms\/wp-content\/uploads\/2020\/07\/DSCN0259.jpg\" data-size=\"500x500\"><\/div>\n<div  class=\"overlay bg-color7\">&nbsp;<\/div>\n<div  class=\"swap-inner col-xs-12\">\n<div  class=\"row full-height-row middle-xs middle-sm\">\n<div  class=\"col-xs-12 text-center content-holder\"><a class=\"button small color2\" href=\"https:\/\/kottmann-gurzeler.ch\/cms\/index.php\/kueche-3\" target=\"_self\" rel=\"noopener noreferrer\" data-cp-link=\"1\">K\u00fcchen<\/a><\/div>\n<\/div>\n<\/div>\n<\/div>\n<div  class=\"col-xs-12\">\n<div  class=\"space-bottom space-top\" data-type=\"column\">\n<h4  class=\"end\">K\u00fcchen<\/h4>\n<p  class=\"italic\">Wir erledigen die Plattenarbeiten f\u00fcr Neubauten und Renovationen f\u00fcr Ihre Traum-K\u00fcche.<\/p>\n<\/div>\n<\/div>\n<\/div>\n<\/div>\n<div  class=\"col-xs-12 col-sm-4 text-center col-md-2 \">\n<div  class=\"card no-padding bordered\">\n<div  class=\"contentswap-effect\" data-hover-fx=\"portfolio-6\">\n<div  class=\"initial-image\"><img  decoding=\"async\" src=\"https:\/\/kottmann-gurzeler.ch\/cms\/wp-content\/uploads\/2020\/07\/DSCN2272.jpg\" data-size=\"500x500\"><\/div>\n<div  class=\"overlay bg-color7\">&nbsp;<\/div>\n<div  class=\"swap-inner col-xs-12\">\n<div  class=\"row full-height-row middle-xs middle-sm\">\n<div  class=\"col-xs-12 text-center content-holder\"><a class=\"button small color2\" href=\"https:\/\/kottmann-gurzeler.ch\/cms\/index.php\/referenzen-treppen\" target=\"_self\" rel=\"noopener noreferrer\" data-cp-link=\"1\">Treppen<\/a><\/div>\n<\/div>\n<\/div>\n<\/div>\n<div  class=\"col-xs-12\">\n<div  class=\"space-bottom space-top\" data-type=\"column\">\n<h4  class=\"end\">Treppen<\/h4>\n<p  class=\"italic\">Sch\u00f6ne und sichere Treppenstufen f\u00fcr Ihren perfekten Wohnkomfort.<\/p>\n<\/div>\n<\/div>\n<\/div>\n<\/div>\n<div  class=\"col-xs-12 col-sm-4 text-center col-md-2 \">\n<div  class=\"card no-padding bordered\">\n<div  class=\"contentswap-effect\" data-hover-fx=\"portfolio-6\">\n<div  class=\"initial-image\"><img  decoding=\"async\" src=\"https:\/\/kottmann-gurzeler.ch\/cms\/wp-content\/uploads\/2020\/07\/terasse-boden.jpg\" data-size=\"500x500\"><\/div>\n<div  class=\"overlay bg-color8 bg-color7\">&nbsp;<\/div>\n<div  class=\"swap-inner col-xs-12\">\n<div  class=\"row full-height-row middle-xs middle-sm\">\n<div  class=\"col-xs-12 text-center content-holder\"><a class=\"button small color2\" href=\"https:\/\/kottmann-gurzeler.ch\/cms\/index.php\/referenzen-aussenbereich\" target=\"_self\" rel=\"noopener noreferrer\" data-cp-link=\"1\">Aussenbereich<\/a><\/div>\n<\/div>\n<\/div>\n<\/div>\n<div  class=\"col-xs-12\">\n<div  class=\"space-bottom space-top\" data-type=\"column\">\n<h4  class=\"end\">Aussenplatten<\/h4>\n<p  class=\"italic\">Wir gestalten Ihren Sitzplatz oder Terrasse in die Oase Ihrer W\u00fcnsche.<\/p>\n<\/div>\n<\/div>\n<\/div>\n<\/div>\n<div  class=\"col-xs-12 col-sm-4 text-center col-md-2 \">\n<div  class=\"card no-padding bordered\">\n<div  class=\"contentswap-effect\" data-hover-fx=\"portfolio-6\">\n<div  class=\"initial-image\"><img  decoding=\"async\" src=\"https:\/\/kottmann-gurzeler.ch\/cms\/wp-content\/uploads\/2020\/07\/cropped-kottmann-gurzeler-platten-b-1-1.jpg\" data-size=\"500x500\"><\/div>\n<div  class=\"overlay bg-color7\">&nbsp;<\/div>\n<div  class=\"swap-inner col-xs-12\">\n<div  class=\"row full-height-row middle-xs middle-sm\">\n<div  class=\"col-xs-12 text-center content-holder\"><a class=\"button small color2\" href=\"https:\/\/kottmann-gurzeler.ch\/cms\/index.php\/referenzen-kreative-plattenarbeiten\" target=\"_self\" rel=\"noopener noreferrer\" data-cp-link=\"1\" data-icon=\"\">Spezielles<\/a><\/div>\n<\/div>\n<\/div>\n<\/div>\n<div  class=\"col-xs-12\">\n<div  class=\"space-bottom space-top\" data-type=\"column\">\n<h4  class=\"end\">Kreatives<\/h4>\n<p  class=\"italic\">Es ist uns eine Freude Ihre kreativen Ideen zu verwiklichen.&nbsp;<\/p>\n<\/div>\n<\/div>\n<\/div>\n<\/div>\n<\/div>\n<div  class=\"row\">\n<div  class=\"col-xs-12 text-center\" data-type=\"column\"><a class=\"button blue\" href=\"https:\/\/kottmann-gurzeler.ch\/cms\/index.php\/referenzen\" target=\"_self\" rel=\"noopener noreferrer\" data-cp-link=\"1\">Referenzarbeiten<\/a><\/div>\n<\/div>\n<\/div>\n<\/div><div  id=\"plattenarbeiten\" class=\"features-12-card-bordered content-section content-section-spacing \" style=\"background-color: #ffffff; background-image: none;\" data-label=\"Plattenarbeiten\" data-id=\"features-12-card-bordered\" data-export-id=\"features-12-card-bordered\" data-category=\"features\">\n<div  class=\"gridContainer\">\n<div  class=\"row text-center\">\n<div  class=\"section-title-col\" data-type=\"column\">\n<h2  class=\"\" style=\"border-bottom-color: #98938b;\">Unser Angebot<\/h2>\n<p  class=\"lead\">Wir f\u00fchren alle Arbeiten im Bereich Plattenbel\u00e4ge aus; dazu geh\u00f6ren s\u00e4mtliche Wand- und Bodenbel\u00e4ge in Keramik, Mosaik, Naturstein- und Feinsteinzeug.<\/p>\n<\/div>\n<\/div>\n<div  class=\"row spaced-cols\" data-type=\"row\">\n<div  class=\"col-sm-6\">\n<div  class=\"card row-card bordered y-move\">\n<div  class=\"row\">\n<div  class=\"col-sm-fit icon-column\">&nbsp;<\/div>\n<div  class=\"col-sm\" data-type=\"column\">\n<h5  class=\"color2\">Neubauten<\/h5>\n<p  class=\"\">Wir beherrschen alle Wand- und Plattenbel\u00e4ge.<\/p>\n<p  class=\"\">Keramische Bel\u00e4ge, Mosaikarbeiten, Naturstein und Feinsteinzeug sind unser Spezialgebiet.<\/p>\n<\/div>\n<\/div>\n<\/div>\n<\/div>\n<div  class=\"col-sm-6\">\n<div  class=\"card row-card bordered y-move\">\n<div  class=\"row\">\n<div  class=\"col-sm-fit icon-column\">&nbsp;<\/div>\n<div  class=\"col-sm\" data-type=\"column\">\n<h5  class=\"color2\">Umbauten<\/h5>\n<p  class=\"\">Unsere erfahrenen Plattenleger f\u00fchren f\u00fcr Sie Umbauten und Reparaturen fachm\u00e4nnisch aus, denn auch mit \u00e4lteren Materialien kennen wir uns bestens aus.<\/p>\n<\/div>\n<\/div>\n<\/div>\n<\/div>\n<div  class=\"col-sm-6\">\n<div  class=\"card row-card bordered y-move\">\n<div  class=\"row\">\n<div  class=\"col-sm-fit icon-column\">&nbsp;<\/div>\n<div  class=\"col-sm\" data-type=\"column\">\n<h5  class=\"color2\">Renovationen<\/h5>\n<p  class=\"\">Wir beraten Sie umfassen zum Thema Bodenplatten \/ Wandverkleidungen wenn Sie eine Renovation planen.<\/p>\n<p  class=\"\"><a class=\"link\" href=\"https:\/\/kottmann-gurzeler.ch\/cms\/index.php\/ihr-partner-fuer-plattenarbeiten\" target=\"_self\" rel=\"noopener noreferrer\" data-cp-link=\"1\">Renovationen ohne Staub<\/a><\/p>\n<\/div>\n<\/div>\n<\/div>\n<\/div>\n<div  class=\"col-sm-6\">\n<div  class=\"card row-card bordered y-move\">\n<div  class=\"row\">\n<div  class=\"col-sm-fit icon-column\">&nbsp;<\/div>\n<div  class=\"col-sm\" data-type=\"column\">\n<h5  class=\"color2\">Sanierungen<\/h5>\n<p  class=\"\">Wir haben das n\u00f6tige Fachwissen f\u00fcr Ihre Komplettsanierung und verstehen unser Handwerk.<\/p>\n<\/div>\n<\/div>\n<\/div>\n<\/div>\n<\/div>\n<\/div>\n<\/div>","protected":false},"excerpt":{"rendered":"<p>Plattenbel\u00e4ge sind unsere Passion, wir freuen uns \u2013 Ihre Wohntr\u00e4ume zu realisieren. Die Firma kottmann + gurzeler ag aus Fischbach-G\u00f6slikon AG ist seit \u00fcber 55 Jahren Ihr Fachmann f\u00fcr Plattenbel\u00e4ge aller Art. &nbsp; Plattenarbeiten aller Art &nbsp; Wohnzimmer Wohnzimmer Ihr Bodenbelag im Wohnzimmer ist massgebend f\u00fcr das Ambiente zu Hause. &nbsp; Badezimmer Badezimmer Ob Neubau&hellip; <br \/> <a class=\"read-more\" href=\"https:\/\/kottmann-gurzeler.ch\/cms\/\">Read more<\/a><\/p>\n","protected":false},"author":1,"featured_media":0,"parent":0,"menu_order":0,"comment_status":"closed","ping_status":"closed","template":"","meta":{"footnotes":""},"yoast_head":"<!-- This site is optimized with the Yoast SEO plugin v21.6 - https:\/\/yoast.com\/wordpress\/plugins\/seo\/ -->\n<title>kottmann+gurzeler ag | Plattenbel\u00e4ge, Aargau, Wohlen, Bremgarten, Freiamt, Nordwestschweiz<\/title>\n<meta name=\"description\" content=\"Ihr Partner f\u00fcr Plattenbel\u00e4ge im Aargau, Wohlen, Bremgarten, Freiamt und der Nordwestschweiz\" \/>\n<meta name=\"robots\" content=\"index, follow, max-snippet:-1, max-image-preview:large, max-video-preview:-1\" \/>\n<link rel=\"canonical\" href=\"https:\/\/kottmann-gurzeler.ch\/cms\/\" \/>\n<meta property=\"og:locale\" content=\"de_DE\" \/>\n<meta property=\"og:type\" content=\"article\" \/>\n<meta property=\"og:title\" content=\"kottmann+gurzeler ag | Plattenbel\u00e4ge, Aargau, Wohlen, Bremgarten, Freiamt, Nordwestschweiz\" \/>\n<meta property=\"og:description\" content=\"Ihr Partner f\u00fcr Plattenbel\u00e4ge im Aargau, Wohlen, Bremgarten, Freiamt und der Nordwestschweiz\" \/>\n<meta property=\"og:url\" content=\"https:\/\/kottmann-gurzeler.ch\/cms\/\" \/>\n<meta property=\"og:site_name\" content=\"kottmann+gurzeler ag |\" \/>\n<meta property=\"article:modified_time\" content=\"2024-12-10T14:46:38+00:00\" \/>\n<meta property=\"og:image\" content=\"https:\/\/kottmann-gurzeler.ch\/cms\/wp-content\/uploads\/2020\/10\/cropped-IMG_20201022_152306_resized_20201022_043951775-2.jpg\" \/>\n<meta name=\"twitter:card\" content=\"summary_large_image\" \/>\n<meta name=\"twitter:label1\" content=\"Gesch\u00e4tzte Lesezeit\" \/>\n\t<meta name=\"twitter:data1\" content=\"4\u00a0Minuten\" \/>\n<script type=\"application\/ld+json\" class=\"yoast-schema-graph\">{\"@context\":\"https:\/\/schema.org\",\"@graph\":[{\"@type\":\"WebPage\",\"@id\":\"https:\/\/kottmann-gurzeler.ch\/cms\/\",\"url\":\"https:\/\/kottmann-gurzeler.ch\/cms\/\",\"name\":\"kottmann+gurzeler ag | Plattenbel\u00e4ge, Aargau, Wohlen, Bremgarten, Freiamt, Nordwestschweiz\",\"isPartOf\":{\"@id\":\"https:\/\/kottmann-gurzeler.ch\/cms\/#website\"},\"datePublished\":\"2017-11-10T14:08:51+00:00\",\"dateModified\":\"2024-12-10T14:46:38+00:00\",\"description\":\"Ihr Partner f\u00fcr Plattenbel\u00e4ge im Aargau, Wohlen, Bremgarten, Freiamt und der Nordwestschweiz\",\"breadcrumb\":{\"@id\":\"https:\/\/kottmann-gurzeler.ch\/cms\/#breadcrumb\"},\"inLanguage\":\"de\",\"potentialAction\":[{\"@type\":\"ReadAction\",\"target\":[\"https:\/\/kottmann-gurzeler.ch\/cms\/\"]}]},{\"@type\":\"BreadcrumbList\",\"@id\":\"https:\/\/kottmann-gurzeler.ch\/cms\/#breadcrumb\",\"itemListElement\":[{\"@type\":\"ListItem\",\"position\":1,\"name\":\"Plattenbel\u00e4ge\",\"item\":\"https:\/\/kottmann-gurzeler.ch\/cms\/\"},{\"@type\":\"ListItem\",\"position\":2,\"name\":\"Plattenarbeiten vom Fachmann\"}]},{\"@type\":\"WebSite\",\"@id\":\"https:\/\/kottmann-gurzeler.ch\/cms\/#website\",\"url\":\"https:\/\/kottmann-gurzeler.ch\/cms\/\",\"name\":\"kottmann+gurzeler ag |\",\"description\":\"| Aargau, Wohlen, Bremgarten, Freiamt, Nordwestschweiz\",\"publisher\":{\"@id\":\"https:\/\/kottmann-gurzeler.ch\/cms\/#organization\"},\"potentialAction\":[{\"@type\":\"SearchAction\",\"target\":{\"@type\":\"EntryPoint\",\"urlTemplate\":\"https:\/\/kottmann-gurzeler.ch\/cms\/?s={search_term_string}\"},\"query-input\":\"required name=search_term_string\"}],\"inLanguage\":\"de\"},{\"@type\":\"Organization\",\"@id\":\"https:\/\/kottmann-gurzeler.ch\/cms\/#organization\",\"name\":\"kottmann+gurzeler ag\",\"url\":\"https:\/\/kottmann-gurzeler.ch\/cms\/\",\"logo\":{\"@type\":\"ImageObject\",\"inLanguage\":\"de\",\"@id\":\"https:\/\/kottmann-gurzeler.ch\/cms\/#\/schema\/logo\/image\/\",\"url\":\"https:\/\/kottmann-gurzeler.ch\/cms\/wp-content\/uploads\/2020\/12\/angaben_schrift_farben_logo-e1607023115442.png\",\"contentUrl\":\"https:\/\/kottmann-gurzeler.ch\/cms\/wp-content\/uploads\/2020\/12\/angaben_schrift_farben_logo-e1607023115442.png\",\"width\":1941,\"height\":325,\"caption\":\"kottmann+gurzeler ag\"},\"image\":{\"@id\":\"https:\/\/kottmann-gurzeler.ch\/cms\/#\/schema\/logo\/image\/\"}}]}<\/script>\n<!-- \/ Yoast SEO plugin. -->","yoast_head_json":{"title":"kottmann+gurzeler ag | Plattenbel\u00e4ge, Aargau, Wohlen, Bremgarten, Freiamt, Nordwestschweiz","description":"Ihr Partner f\u00fcr Plattenbel\u00e4ge im Aargau, Wohlen, Bremgarten, Freiamt und der Nordwestschweiz","robots":{"index":"index","follow":"follow","max-snippet":"max-snippet:-1","max-image-preview":"max-image-preview:large","max-video-preview":"max-video-preview:-1"},"canonical":"https:\/\/kottmann-gurzeler.ch\/cms\/","og_locale":"de_DE","og_type":"article","og_title":"kottmann+gurzeler ag | Plattenbel\u00e4ge, Aargau, Wohlen, Bremgarten, Freiamt, Nordwestschweiz","og_description":"Ihr Partner f\u00fcr Plattenbel\u00e4ge im Aargau, Wohlen, Bremgarten, Freiamt und der Nordwestschweiz","og_url":"https:\/\/kottmann-gurzeler.ch\/cms\/","og_site_name":"kottmann+gurzeler ag |","article_modified_time":"2024-12-10T14:46:38+00:00","og_image":[{"url":"https:\/\/kottmann-gurzeler.ch\/cms\/wp-content\/uploads\/2020\/10\/cropped-IMG_20201022_152306_resized_20201022_043951775-2.jpg"}],"twitter_card":"summary_large_image","twitter_misc":{"Gesch\u00e4tzte Lesezeit":"4\u00a0Minuten"},"schema":{"@context":"https:\/\/schema.org","@graph":[{"@type":"WebPage","@id":"https:\/\/kottmann-gurzeler.ch\/cms\/","url":"https:\/\/kottmann-gurzeler.ch\/cms\/","name":"kottmann+gurzeler ag | Plattenbel\u00e4ge, Aargau, Wohlen, Bremgarten, Freiamt, Nordwestschweiz","isPartOf":{"@id":"https:\/\/kottmann-gurzeler.ch\/cms\/#website"},"datePublished":"2017-11-10T14:08:51+00:00","dateModified":"2024-12-10T14:46:38+00:00","description":"Ihr Partner f\u00fcr Plattenbel\u00e4ge im Aargau, Wohlen, Bremgarten, Freiamt und der Nordwestschweiz","breadcrumb":{"@id":"https:\/\/kottmann-gurzeler.ch\/cms\/#breadcrumb"},"inLanguage":"de","potentialAction":[{"@type":"ReadAction","target":["https:\/\/kottmann-gurzeler.ch\/cms\/"]}]},{"@type":"BreadcrumbList","@id":"https:\/\/kottmann-gurzeler.ch\/cms\/#breadcrumb","itemListElement":[{"@type":"ListItem","position":1,"name":"Plattenbel\u00e4ge","item":"https:\/\/kottmann-gurzeler.ch\/cms\/"},{"@type":"ListItem","position":2,"name":"Plattenarbeiten vom Fachmann"}]},{"@type":"WebSite","@id":"https:\/\/kottmann-gurzeler.ch\/cms\/#website","url":"https:\/\/kottmann-gurzeler.ch\/cms\/","name":"kottmann+gurzeler ag |","description":"| Aargau, Wohlen, Bremgarten, Freiamt, Nordwestschweiz","publisher":{"@id":"https:\/\/kottmann-gurzeler.ch\/cms\/#organization"},"potentialAction":[{"@type":"SearchAction","target":{"@type":"EntryPoint","urlTemplate":"https:\/\/kottmann-gurzeler.ch\/cms\/?s={search_term_string}"},"query-input":"required name=search_term_string"}],"inLanguage":"de"},{"@type":"Organization","@id":"https:\/\/kottmann-gurzeler.ch\/cms\/#organization","name":"kottmann+gurzeler ag","url":"https:\/\/kottmann-gurzeler.ch\/cms\/","logo":{"@type":"ImageObject","inLanguage":"de","@id":"https:\/\/kottmann-gurzeler.ch\/cms\/#\/schema\/logo\/image\/","url":"https:\/\/kottmann-gurzeler.ch\/cms\/wp-content\/uploads\/2020\/12\/angaben_schrift_farben_logo-e1607023115442.png","contentUrl":"https:\/\/kottmann-gurzeler.ch\/cms\/wp-content\/uploads\/2020\/12\/angaben_schrift_farben_logo-e1607023115442.png","width":1941,"height":325,"caption":"kottmann+gurzeler ag"},"image":{"@id":"https:\/\/kottmann-gurzeler.ch\/cms\/#\/schema\/logo\/image\/"}}]}},"_links":{"self":[{"href":"https:\/\/kottmann-gurzeler.ch\/cms\/wp-json\/wp\/v2\/pages\/65"}],"collection":[{"href":"https:\/\/kottmann-gurzeler.ch\/cms\/wp-json\/wp\/v2\/pages"}],"about":[{"href":"https:\/\/kottmann-gurzeler.ch\/cms\/wp-json\/wp\/v2\/types\/page"}],"author":[{"embeddable":true,"href":"https:\/\/kottmann-gurzeler.ch\/cms\/wp-json\/wp\/v2\/users\/1"}],"replies":[{"embeddable":true,"href":"https:\/\/kottmann-gurzeler.ch\/cms\/wp-json\/wp\/v2\/comments?post=65"}],"version-history":[{"count":57,"href":"https:\/\/kottmann-gurzeler.ch\/cms\/wp-json\/wp\/v2\/pages\/65\/revisions"}],"predecessor-version":[{"id":1488,"href":"https:\/\/kottmann-gurzeler.ch\/cms\/wp-json\/wp\/v2\/pages\/65\/revisions\/1488"}],"wp:attachment":[{"href":"https:\/\/kottmann-gurzeler.ch\/cms\/wp-json\/wp\/v2\/media?parent=65"}],"curies":[{"name":"wp","href":"https:\/\/api.w.org\/{rel}","templated":true}]}}