{"id":628,"date":"2020-08-07T16:16:30","date_gmt":"2020-08-07T16:16:30","guid":{"rendered":"https:\/\/kottmann-gurzeler.erdbeerblau.ch\/test\/?page_id=628"},"modified":"2025-02-24T18:38:35","modified_gmt":"2025-02-24T18:38:35","slug":"kottmann-gurzeler-ag-plattenbelagsausstellung-aargau-wohlen-bremgarten-freiamt-nordwestschweiz","status":"publish","type":"page","link":"https:\/\/kottmann-gurzeler.ch\/cms\/kottmann-gurzeler-ag-plattenbelagsausstellung-aargau-wohlen-bremgarten-freiamt-nordwestschweiz\/","title":{"rendered":"Showroom"},"content":{"rendered":"<div  data-label=\"About\" data-id=\"about--1\" data-export-id=\"about-10\" data-category=\"about\" class=\"about-10 content-section content-section-spacing\" id=\"about-1\" style=\"background-color: rgb(253, 254, 255); background-image: none;\"><div  class=\"gridContainer\"> <div  class=\"row middle-sm text-center\"><div  class=\"col-sm-5 space-bottom-xs content-column\" data-type=\"column\">  <h2  class=\"\"><span  style=\"font-weight: 300;\">.sp\u00fchren .sehen .darauf gehen \u2013 Ihre <\/span><span  style=\"font-weight: 400;\"><span  style=\"font-family: Playfair Display, sans-serif; font-style: italic; font-weight: 700;\" href=\"#\">kompetente Beratung<\/span> <span  style=\"font-weight: 300;\">im Showroom<\/span><\/span><\/h2> <p  class=\"\" style=\"text-align: center;\">Gerne beraten wir Sie ausf\u00fchrlich in unserem Neu gestalteten Showroom.\r\n\r\n<br ><br >Dank unserem neuen Lichtkonzept sehen Sie welchen Einfluss das Licht auf das Erscheinungsbild der Platten hat.<br ><br >In unserer permanenten Ausstellung in Fischbach-G\u00f6slikon zeigen wir Neuheiten und stellen auch bew\u00e4hrte Materialien vor. F\u00fcr einen Besuch der Ausstellung bitten wir Sie um eine telefonische Anmeldung, damit wir Ihnen eine Fachperson beratend zur Verf\u00fcgung stellen k\u00f6nnen.<\/p> <a class=\"button color1\" href=\"https:\/\/kottmann-gurzeler.ch\/cms\/index.php\/anfahrt\/#kontakt\" target=\"_self\" data-cp-link=\"1\" data-icon=\"\" rel=\"noopener noreferrer\">Termin vereinbaren<\/a><\/div> <div  class=\"col-sm-7 flexbox middle-xs center-xs space-bottom-xs\"><div  class=\"overlay-box middle-xs center-xs flexbox\"> <div  class=\"overlay-box-offset offset-border shadow-medium border-color1 hide-xs\"><\/div> <img decoding=\"async\"  class=\"shadow-large\" data-size=\"485x705\" src=\"https:\/\/kottmann-gurzeler.ch\/cms\/wp-content\/uploads\/2020\/10\/cropped-IMG_20201022_152849_resized_20201022_043950832-3.jpg\" alt=\"\" title=\"cropped-IMG_20201022_152849_resized_20201022_043950832-3.jpg\"><\/div> <\/div><\/div> <\/div><\/div><div  data-label=\"Gallery\" data-id=\"gallery--1\" data-export-id=\"gallery-1\" data-category=\"gallery\" class=\"gallery-1 content-section content-section-spacing\" id=\"gallery-1\" style=\"background-color: rgb(255, 255, 255); background-image: none;\"><div  class=\"gridContainer\"> <div  class=\"row\"><div  class=\"section-title-col\" data-type=\"column\"><h3  class=\"\">Impressionen aus unserem Ausstellungsraum<\/h3>  <\/div> <\/div> <div  class=\"row text-center\"> <div  class=\"col-xs-12\" data-editable=\"true\" data-content-shortcode=\"mesmerize_gallery id=&quot;mesmerize-gallery-1&quot; columns=&quot;3&quot; ids=&quot;782,781,777&quot; lb=&quot;1&quot; masonry=&quot;1&quot; size=&quot;medium&quot; link=&quot;file&quot; \"><div id='mesmerize-gallery-1' class='gallery-wrapper'><style type=\"text\/css\">\n                    @media only screen and (min-width: 768px) {\n                    [data-unique-id='mesmerize-gallery-1-69e4d03f77bf4'] dl {\n                        float: left;\n                        width: 33.333333333333% !important;\n                        max-width:  33.333333333333% !important;\n                        min-width:  33.333333333333% !important;\n                    }\n\n                    [data-unique-id='mesmerize-gallery-1-69e4d03f77bf4'] dl:nth-of-type(3n +1 ) {\n                      clear: both;\n                      }\n                    }\n                <\/style><div id='mesmerize-gallery-1' class='mesmerize-gallery-1-dls-wrapper gallery-items-wrapper materialis-gallery' data-unique-id='mesmerize-gallery-1-69e4d03f77bf4'><dl class='gallery-item'>\n\t\t\t<dt class='gallery-icon landscape'>\n\t\t\t\t<a data-fancybox=\"mesmerize-gallery-1-group\" href='https:\/\/kottmann-gurzeler.ch\/cms\/wp-content\/uploads\/2020\/10\/IMG_20201022_152337_resized_20201022_043951115.jpg'><img loading=\"lazy\" decoding=\"async\"  width=\"300\" height=\"225\" src=\"https:\/\/kottmann-gurzeler.ch\/cms\/wp-content\/uploads\/2020\/10\/IMG_20201022_152337_resized_20201022_043951115-300x225.jpg\"  class='mesmerize-gallery-1-image' alt=\"\" srcset=\"https:\/\/kottmann-gurzeler.ch\/cms\/wp-content\/uploads\/2020\/10\/IMG_20201022_152337_resized_20201022_043951115-300x225.jpg 300w, https:\/\/kottmann-gurzeler.ch\/cms\/wp-content\/uploads\/2020\/10\/IMG_20201022_152337_resized_20201022_043951115-1024x768.jpg 1024w, https:\/\/kottmann-gurzeler.ch\/cms\/wp-content\/uploads\/2020\/10\/IMG_20201022_152337_resized_20201022_043951115-768x576.jpg 768w, https:\/\/kottmann-gurzeler.ch\/cms\/wp-content\/uploads\/2020\/10\/IMG_20201022_152337_resized_20201022_043951115-1536x1152.jpg 1536w, https:\/\/kottmann-gurzeler.ch\/cms\/wp-content\/uploads\/2020\/10\/IMG_20201022_152337_resized_20201022_043951115-1440x1080.jpg 1440w, https:\/\/kottmann-gurzeler.ch\/cms\/wp-content\/uploads\/2020\/10\/IMG_20201022_152337_resized_20201022_043951115.jpg 1824w\" sizes=\"(max-width: 300px) 100vw, 300px\" \/><\/a>\n\t\t\t<\/dt><\/dl><dl class='gallery-item'>\n\t\t\t<dt class='gallery-icon landscape'>\n\t\t\t\t<a data-fancybox=\"mesmerize-gallery-1-group\" href='https:\/\/kottmann-gurzeler.ch\/cms\/wp-content\/uploads\/2020\/10\/IMG_20201022_152319_resized_20201022_043951383.jpg'><img loading=\"lazy\" decoding=\"async\"  width=\"300\" height=\"225\" src=\"https:\/\/kottmann-gurzeler.ch\/cms\/wp-content\/uploads\/2020\/10\/IMG_20201022_152319_resized_20201022_043951383-300x225.jpg\"  class='mesmerize-gallery-1-image' alt=\"\" srcset=\"https:\/\/kottmann-gurzeler.ch\/cms\/wp-content\/uploads\/2020\/10\/IMG_20201022_152319_resized_20201022_043951383-300x225.jpg 300w, https:\/\/kottmann-gurzeler.ch\/cms\/wp-content\/uploads\/2020\/10\/IMG_20201022_152319_resized_20201022_043951383-1024x768.jpg 1024w, https:\/\/kottmann-gurzeler.ch\/cms\/wp-content\/uploads\/2020\/10\/IMG_20201022_152319_resized_20201022_043951383-768x576.jpg 768w, https:\/\/kottmann-gurzeler.ch\/cms\/wp-content\/uploads\/2020\/10\/IMG_20201022_152319_resized_20201022_043951383-1536x1152.jpg 1536w, https:\/\/kottmann-gurzeler.ch\/cms\/wp-content\/uploads\/2020\/10\/IMG_20201022_152319_resized_20201022_043951383-1440x1080.jpg 1440w, https:\/\/kottmann-gurzeler.ch\/cms\/wp-content\/uploads\/2020\/10\/IMG_20201022_152319_resized_20201022_043951383.jpg 1824w\" sizes=\"(max-width: 300px) 100vw, 300px\" \/><\/a>\n\t\t\t<\/dt><\/dl><dl class='gallery-item'>\n\t\t\t<dt class='gallery-icon portrait'>\n\t\t\t\t<a data-fancybox=\"mesmerize-gallery-1-group\" href='https:\/\/kottmann-gurzeler.ch\/cms\/wp-content\/uploads\/2020\/10\/IMG_20201022_152206_resized_20201022_043952592.jpg'><img loading=\"lazy\" decoding=\"async\"  width=\"225\" height=\"300\" src=\"https:\/\/kottmann-gurzeler.ch\/cms\/wp-content\/uploads\/2020\/10\/IMG_20201022_152206_resized_20201022_043952592-225x300.jpg\"  class='mesmerize-gallery-1-image' alt=\"\" aria-describedby=\"gallery-1-777\" srcset=\"https:\/\/kottmann-gurzeler.ch\/cms\/wp-content\/uploads\/2020\/10\/IMG_20201022_152206_resized_20201022_043952592-225x300.jpg 225w, https:\/\/kottmann-gurzeler.ch\/cms\/wp-content\/uploads\/2020\/10\/IMG_20201022_152206_resized_20201022_043952592-768x1024.jpg 768w, https:\/\/kottmann-gurzeler.ch\/cms\/wp-content\/uploads\/2020\/10\/IMG_20201022_152206_resized_20201022_043952592-1152x1536.jpg 1152w, https:\/\/kottmann-gurzeler.ch\/cms\/wp-content\/uploads\/2020\/10\/IMG_20201022_152206_resized_20201022_043952592-1024x1365.jpg 1024w, https:\/\/kottmann-gurzeler.ch\/cms\/wp-content\/uploads\/2020\/10\/IMG_20201022_152206_resized_20201022_043952592-810x1080.jpg 810w, https:\/\/kottmann-gurzeler.ch\/cms\/wp-content\/uploads\/2020\/10\/IMG_20201022_152206_resized_20201022_043952592.jpg 1368w\" sizes=\"(max-width: 225px) 100vw, 225px\" \/><\/a>\n\t\t\t<\/dt>\n\t\t\t\t<dd class='wp-caption-text gallery-caption' id='gallery-1-777'>\n\t\t\t\tDuschwand im Marmor Butterfly effekt.\n\t\t\t\t<\/dd><\/dl>\n\t\t<\/div>\n<script>(function($){window.MaterialisCaptionsGallery && window.MaterialisCaptionsGallery($('[data-unique-id=\"mesmerize-gallery-1-69e4d03f77bf4\"]'))})(jQuery)<\/script><\/div><\/div><\/div> <\/div><\/div>","protected":false},"excerpt":{"rendered":"<p>.sp\u00fchren .sehen .darauf gehen \u2013 Ihre kompetente Beratung im Showroom Gerne beraten wir Sie ausf\u00fchrlich in unserem Neu gestalteten Showroom. Dank unserem neuen Lichtkonzept sehen Sie welchen Einfluss das Licht auf das Erscheinungsbild der Platten hat.In unserer permanenten Ausstellung in Fischbach-G\u00f6slikon zeigen wir Neuheiten und stellen auch bew\u00e4hrte Materialien vor. F\u00fcr einen Besuch der Ausstellung&hellip; <br \/> <a class=\"read-more\" href=\"https:\/\/kottmann-gurzeler.ch\/cms\/kottmann-gurzeler-ag-plattenbelagsausstellung-aargau-wohlen-bremgarten-freiamt-nordwestschweiz\/\">Read more<\/a><\/p>\n","protected":false},"author":1,"featured_media":0,"parent":0,"menu_order":0,"comment_status":"closed","ping_status":"closed","template":"pro\/page-templates\/full-width-page.php","meta":{"footnotes":""},"yoast_head":"<!-- This site is optimized with the Yoast SEO plugin v21.6 - https:\/\/yoast.com\/wordpress\/plugins\/seo\/ -->\n<title>Showroom | kottmann+gurzeler ag |<\/title>\n<meta name=\"description\" content=\"Die Plattenbelagsausstellung f\u00fcr Ihr Bau -resp. Umbauvorhaben im Aargau, Wohlen, Bremgarten, Freiamt und der NordwestschweizDie Plattenbelagsausstellung f\u00fcr Ihr Bau -resp.Umbauvorhaben im Aargau, Wohlen, Bremgarten, Freiamt und der Nordwestschweiz\" \/>\n<meta name=\"robots\" content=\"index, follow, max-snippet:-1, max-image-preview:large, max-video-preview:-1\" \/>\n<link rel=\"canonical\" href=\"https:\/\/kottmann-gurzeler.ch\/cms\/kottmann-gurzeler-ag-plattenbelagsausstellung-aargau-wohlen-bremgarten-freiamt-nordwestschweiz\/\" \/>\n<meta property=\"og:locale\" content=\"de_DE\" \/>\n<meta property=\"og:type\" content=\"article\" \/>\n<meta property=\"og:title\" content=\"Showroom | kottmann+gurzeler ag |\" \/>\n<meta property=\"og:description\" content=\"Die Plattenbelagsausstellung f\u00fcr Ihr Bau -resp. Umbauvorhaben im Aargau, Wohlen, Bremgarten, Freiamt und der NordwestschweizDie Plattenbelagsausstellung f\u00fcr Ihr Bau -resp.Umbauvorhaben im Aargau, Wohlen, Bremgarten, Freiamt und der Nordwestschweiz\" \/>\n<meta property=\"og:url\" content=\"https:\/\/kottmann-gurzeler.ch\/cms\/kottmann-gurzeler-ag-plattenbelagsausstellung-aargau-wohlen-bremgarten-freiamt-nordwestschweiz\/\" \/>\n<meta property=\"og:site_name\" content=\"kottmann+gurzeler ag |\" \/>\n<meta property=\"article:modified_time\" content=\"2025-02-24T18:38:35+00:00\" \/>\n<meta property=\"og:image\" content=\"https:\/\/kottmann-gurzeler.ch\/cms\/wp-content\/uploads\/2020\/10\/cropped-IMG_20201022_152849_resized_20201022_043950832-3.jpg\" \/>\n<meta name=\"twitter:card\" content=\"summary_large_image\" \/>\n<meta name=\"twitter:label1\" content=\"Gesch\u00e4tzte Lesezeit\" \/>\n\t<meta name=\"twitter:data1\" content=\"1\u00a0Minute\" \/>\n<script type=\"application\/ld+json\" class=\"yoast-schema-graph\">{\"@context\":\"https:\/\/schema.org\",\"@graph\":[{\"@type\":\"WebPage\",\"@id\":\"https:\/\/kottmann-gurzeler.ch\/cms\/kottmann-gurzeler-ag-plattenbelagsausstellung-aargau-wohlen-bremgarten-freiamt-nordwestschweiz\/\",\"url\":\"https:\/\/kottmann-gurzeler.ch\/cms\/kottmann-gurzeler-ag-plattenbelagsausstellung-aargau-wohlen-bremgarten-freiamt-nordwestschweiz\/\",\"name\":\"Showroom | kottmann+gurzeler ag |\",\"isPartOf\":{\"@id\":\"https:\/\/kottmann-gurzeler.ch\/cms\/#website\"},\"datePublished\":\"2020-08-07T16:16:30+00:00\",\"dateModified\":\"2025-02-24T18:38:35+00:00\",\"description\":\"Die Plattenbelagsausstellung f\u00fcr Ihr Bau -resp. Umbauvorhaben im Aargau, Wohlen, Bremgarten, Freiamt und der NordwestschweizDie Plattenbelagsausstellung f\u00fcr Ihr Bau -resp.Umbauvorhaben im Aargau, Wohlen, Bremgarten, Freiamt und der Nordwestschweiz\",\"breadcrumb\":{\"@id\":\"https:\/\/kottmann-gurzeler.ch\/cms\/kottmann-gurzeler-ag-plattenbelagsausstellung-aargau-wohlen-bremgarten-freiamt-nordwestschweiz\/#breadcrumb\"},\"inLanguage\":\"de\",\"potentialAction\":[{\"@type\":\"ReadAction\",\"target\":[\"https:\/\/kottmann-gurzeler.ch\/cms\/kottmann-gurzeler-ag-plattenbelagsausstellung-aargau-wohlen-bremgarten-freiamt-nordwestschweiz\/\"]}]},{\"@type\":\"BreadcrumbList\",\"@id\":\"https:\/\/kottmann-gurzeler.ch\/cms\/kottmann-gurzeler-ag-plattenbelagsausstellung-aargau-wohlen-bremgarten-freiamt-nordwestschweiz\/#breadcrumb\",\"itemListElement\":[{\"@type\":\"ListItem\",\"position\":1,\"name\":\"Plattenbel\u00e4ge\",\"item\":\"https:\/\/kottmann-gurzeler.ch\/cms\/\"},{\"@type\":\"ListItem\",\"position\":2,\"name\":\"Showroom\"}]},{\"@type\":\"WebSite\",\"@id\":\"https:\/\/kottmann-gurzeler.ch\/cms\/#website\",\"url\":\"https:\/\/kottmann-gurzeler.ch\/cms\/\",\"name\":\"kottmann+gurzeler ag |\",\"description\":\"| Aargau, Wohlen, Bremgarten, Freiamt, Nordwestschweiz\",\"publisher\":{\"@id\":\"https:\/\/kottmann-gurzeler.ch\/cms\/#organization\"},\"potentialAction\":[{\"@type\":\"SearchAction\",\"target\":{\"@type\":\"EntryPoint\",\"urlTemplate\":\"https:\/\/kottmann-gurzeler.ch\/cms\/?s={search_term_string}\"},\"query-input\":\"required name=search_term_string\"}],\"inLanguage\":\"de\"},{\"@type\":\"Organization\",\"@id\":\"https:\/\/kottmann-gurzeler.ch\/cms\/#organization\",\"name\":\"kottmann+gurzeler ag\",\"url\":\"https:\/\/kottmann-gurzeler.ch\/cms\/\",\"logo\":{\"@type\":\"ImageObject\",\"inLanguage\":\"de\",\"@id\":\"https:\/\/kottmann-gurzeler.ch\/cms\/#\/schema\/logo\/image\/\",\"url\":\"https:\/\/kottmann-gurzeler.ch\/cms\/wp-content\/uploads\/2020\/12\/angaben_schrift_farben_logo-e1607023115442.png\",\"contentUrl\":\"https:\/\/kottmann-gurzeler.ch\/cms\/wp-content\/uploads\/2020\/12\/angaben_schrift_farben_logo-e1607023115442.png\",\"width\":1941,\"height\":325,\"caption\":\"kottmann+gurzeler ag\"},\"image\":{\"@id\":\"https:\/\/kottmann-gurzeler.ch\/cms\/#\/schema\/logo\/image\/\"}}]}<\/script>\n<!-- \/ Yoast SEO plugin. -->","yoast_head_json":{"title":"Showroom | kottmann+gurzeler ag |","description":"Die Plattenbelagsausstellung f\u00fcr Ihr Bau -resp. Umbauvorhaben im Aargau, Wohlen, Bremgarten, Freiamt und der NordwestschweizDie Plattenbelagsausstellung f\u00fcr Ihr Bau -resp.Umbauvorhaben im Aargau, Wohlen, Bremgarten, Freiamt und der Nordwestschweiz","robots":{"index":"index","follow":"follow","max-snippet":"max-snippet:-1","max-image-preview":"max-image-preview:large","max-video-preview":"max-video-preview:-1"},"canonical":"https:\/\/kottmann-gurzeler.ch\/cms\/kottmann-gurzeler-ag-plattenbelagsausstellung-aargau-wohlen-bremgarten-freiamt-nordwestschweiz\/","og_locale":"de_DE","og_type":"article","og_title":"Showroom | kottmann+gurzeler ag |","og_description":"Die Plattenbelagsausstellung f\u00fcr Ihr Bau -resp. Umbauvorhaben im Aargau, Wohlen, Bremgarten, Freiamt und der NordwestschweizDie Plattenbelagsausstellung f\u00fcr Ihr Bau -resp.Umbauvorhaben im Aargau, Wohlen, Bremgarten, Freiamt und der Nordwestschweiz","og_url":"https:\/\/kottmann-gurzeler.ch\/cms\/kottmann-gurzeler-ag-plattenbelagsausstellung-aargau-wohlen-bremgarten-freiamt-nordwestschweiz\/","og_site_name":"kottmann+gurzeler ag |","article_modified_time":"2025-02-24T18:38:35+00:00","og_image":[{"url":"https:\/\/kottmann-gurzeler.ch\/cms\/wp-content\/uploads\/2020\/10\/cropped-IMG_20201022_152849_resized_20201022_043950832-3.jpg"}],"twitter_card":"summary_large_image","twitter_misc":{"Gesch\u00e4tzte Lesezeit":"1\u00a0Minute"},"schema":{"@context":"https:\/\/schema.org","@graph":[{"@type":"WebPage","@id":"https:\/\/kottmann-gurzeler.ch\/cms\/kottmann-gurzeler-ag-plattenbelagsausstellung-aargau-wohlen-bremgarten-freiamt-nordwestschweiz\/","url":"https:\/\/kottmann-gurzeler.ch\/cms\/kottmann-gurzeler-ag-plattenbelagsausstellung-aargau-wohlen-bremgarten-freiamt-nordwestschweiz\/","name":"Showroom | kottmann+gurzeler ag |","isPartOf":{"@id":"https:\/\/kottmann-gurzeler.ch\/cms\/#website"},"datePublished":"2020-08-07T16:16:30+00:00","dateModified":"2025-02-24T18:38:35+00:00","description":"Die Plattenbelagsausstellung f\u00fcr Ihr Bau -resp. Umbauvorhaben im Aargau, Wohlen, Bremgarten, Freiamt und der NordwestschweizDie Plattenbelagsausstellung f\u00fcr Ihr Bau -resp.Umbauvorhaben im Aargau, Wohlen, Bremgarten, Freiamt und der Nordwestschweiz","breadcrumb":{"@id":"https:\/\/kottmann-gurzeler.ch\/cms\/kottmann-gurzeler-ag-plattenbelagsausstellung-aargau-wohlen-bremgarten-freiamt-nordwestschweiz\/#breadcrumb"},"inLanguage":"de","potentialAction":[{"@type":"ReadAction","target":["https:\/\/kottmann-gurzeler.ch\/cms\/kottmann-gurzeler-ag-plattenbelagsausstellung-aargau-wohlen-bremgarten-freiamt-nordwestschweiz\/"]}]},{"@type":"BreadcrumbList","@id":"https:\/\/kottmann-gurzeler.ch\/cms\/kottmann-gurzeler-ag-plattenbelagsausstellung-aargau-wohlen-bremgarten-freiamt-nordwestschweiz\/#breadcrumb","itemListElement":[{"@type":"ListItem","position":1,"name":"Plattenbel\u00e4ge","item":"https:\/\/kottmann-gurzeler.ch\/cms\/"},{"@type":"ListItem","position":2,"name":"Showroom"}]},{"@type":"WebSite","@id":"https:\/\/kottmann-gurzeler.ch\/cms\/#website","url":"https:\/\/kottmann-gurzeler.ch\/cms\/","name":"kottmann+gurzeler ag |","description":"| Aargau, Wohlen, Bremgarten, Freiamt, Nordwestschweiz","publisher":{"@id":"https:\/\/kottmann-gurzeler.ch\/cms\/#organization"},"potentialAction":[{"@type":"SearchAction","target":{"@type":"EntryPoint","urlTemplate":"https:\/\/kottmann-gurzeler.ch\/cms\/?s={search_term_string}"},"query-input":"required name=search_term_string"}],"inLanguage":"de"},{"@type":"Organization","@id":"https:\/\/kottmann-gurzeler.ch\/cms\/#organization","name":"kottmann+gurzeler ag","url":"https:\/\/kottmann-gurzeler.ch\/cms\/","logo":{"@type":"ImageObject","inLanguage":"de","@id":"https:\/\/kottmann-gurzeler.ch\/cms\/#\/schema\/logo\/image\/","url":"https:\/\/kottmann-gurzeler.ch\/cms\/wp-content\/uploads\/2020\/12\/angaben_schrift_farben_logo-e1607023115442.png","contentUrl":"https:\/\/kottmann-gurzeler.ch\/cms\/wp-content\/uploads\/2020\/12\/angaben_schrift_farben_logo-e1607023115442.png","width":1941,"height":325,"caption":"kottmann+gurzeler ag"},"image":{"@id":"https:\/\/kottmann-gurzeler.ch\/cms\/#\/schema\/logo\/image\/"}}]}},"_links":{"self":[{"href":"https:\/\/kottmann-gurzeler.ch\/cms\/wp-json\/wp\/v2\/pages\/628"}],"collection":[{"href":"https:\/\/kottmann-gurzeler.ch\/cms\/wp-json\/wp\/v2\/pages"}],"about":[{"href":"https:\/\/kottmann-gurzeler.ch\/cms\/wp-json\/wp\/v2\/types\/page"}],"author":[{"embeddable":true,"href":"https:\/\/kottmann-gurzeler.ch\/cms\/wp-json\/wp\/v2\/users\/1"}],"replies":[{"embeddable":true,"href":"https:\/\/kottmann-gurzeler.ch\/cms\/wp-json\/wp\/v2\/comments?post=628"}],"version-history":[{"count":29,"href":"https:\/\/kottmann-gurzeler.ch\/cms\/wp-json\/wp\/v2\/pages\/628\/revisions"}],"predecessor-version":[{"id":1330,"href":"https:\/\/kottmann-gurzeler.ch\/cms\/wp-json\/wp\/v2\/pages\/628\/revisions\/1330"}],"wp:attachment":[{"href":"https:\/\/kottmann-gurzeler.ch\/cms\/wp-json\/wp\/v2\/media?parent=628"}],"curies":[{"name":"wp","href":"https:\/\/api.w.org\/{rel}","templated":true}]}}