{"id":566,"date":"2020-08-04T15:43:12","date_gmt":"2020-08-04T15:43:12","guid":{"rendered":"https:\/\/kottmann-gurzeler.erdbeerblau.ch\/test\/?page_id=566"},"modified":"2021-03-27T07:12:57","modified_gmt":"2021-03-27T07:12:57","slug":"referenzen-bad","status":"publish","type":"page","link":"https:\/\/kottmann-gurzeler.ch\/cms\/referenzen-bad\/","title":{"rendered":"Referenzen Bad"},"content":{"rendered":"<div  data-label=\"About\" data-id=\"about--1\" data-export-id=\"about-10\" data-category=\"about\" class=\"about-10 content-section content-section-spacing\" id=\"about-1\" style=\"background-color: rgb(245, 250, 253);\"><div  class=\"gridContainer\"> <div  class=\"row middle-sm text-center\"><div  class=\"col-sm-5 space-bottom-xs content-column\" data-type=\"column\">  <h2  class=\"\">Wand- und Bodenbel\u00e4ge im <span  style=\"font-family: Playfair Display,sans-serif; font-weight: 700; font-style: italic;\" href=\"#\">Badezimmer \/ Dusche WC<\/span><\/h2> <p  class=\"\">Ihr Badezimmer, Ihre Dusche oder G\u00e4ste-WC mit der optimalen Wahl vom Bodenbelag und Verlegungsart bekommen Sie die Wohlf\u00fchloase, die zu Ihnen und dem Raum passt.<br >\r\n\r\n\r\n<br ><br >Rutschhemmende Bodenbel\u00e4ge und barrierefreie Systeme sind nicht nur \u00c4sthetisch \u2013 Sie garantieren lange Freude an Ihrem neuen Bad.<\/p> <\/div> <div  class=\"col-sm-7 flexbox middle-xs center-xs space-bottom-xs\"><div  class=\"overlay-box middle-xs center-xs flexbox\"> <div  class=\"overlay-box-offset offset-border shadow-medium border-color1 hide-xs\"><\/div> <img decoding=\"async\"  class=\"shadow-large\" data-size=\"485x705\" src=\"https:\/\/kottmann-gurzeler.ch\/cms\/wp-content\/uploads\/2020\/07\/cropped-IMG_0236.jpg\" alt=\"\" title=\"cropped-IMG_0236.jpg\"><\/div> <\/div><\/div> <\/div><\/div><div  data-label=\"Gallery\" data-id=\"gallery--1\" data-export-id=\"gallery-1\" data-category=\"gallery\" class=\"gallery-1 content-section content-section-spacing\" id=\"gallery-1\" style=\"background-color: rgb(245, 250, 253);\"><div  class=\"gridContainer\"> <div  class=\"row\"><div  class=\"section-title-col\" data-type=\"column\"> <h2  class=\"\">Badezimmer<\/h2> <\/div> <\/div> <div  class=\"row text-center\"> <div  class=\"col-xs-12\" data-editable=\"true\" data-content-shortcode=\"mesmerize_gallery id=&quot;mesmerize-gallery-1&quot; columns=&quot;4&quot; ids=&quot;915,517,518,519,516,414,399&quot; lb=&quot;1&quot; masonry=&quot;1&quot; size=&quot;medium&quot; link=&quot;file&quot; \"><div id='mesmerize-gallery-1' class='gallery-wrapper'><style type=\"text\/css\">\n                    @media only screen and (min-width: 768px) {\n                    [data-unique-id='mesmerize-gallery-1-69e4ce8021875'] dl {\n                        float: left;\n                        width: 25% !important;\n                        max-width:  25% !important;\n                        min-width:  25% !important;\n                    }\n\n                    [data-unique-id='mesmerize-gallery-1-69e4ce8021875'] dl:nth-of-type(4n +1 ) {\n                      clear: both;\n                      }\n                    }\n                <\/style><div id='mesmerize-gallery-1' class='mesmerize-gallery-1-dls-wrapper gallery-items-wrapper materialis-gallery' data-unique-id='mesmerize-gallery-1-69e4ce8021875'><dl class='gallery-item'>\n\t\t\t<dt class='gallery-icon landscape'>\n\t\t\t\t<a data-fancybox=\"mesmerize-gallery-1-group\" href='https:\/\/kottmann-gurzeler.ch\/cms\/wp-content\/uploads\/2020\/07\/cropped-ref_05-1.jpg'><img loading=\"lazy\" decoding=\"async\"  width=\"300\" height=\"199\" src=\"https:\/\/kottmann-gurzeler.ch\/cms\/wp-content\/uploads\/2020\/07\/cropped-ref_05-1-300x199.jpg\"  class='mesmerize-gallery-1-image' alt=\"\" srcset=\"https:\/\/kottmann-gurzeler.ch\/cms\/wp-content\/uploads\/2020\/07\/cropped-ref_05-1-300x199.jpg 300w, https:\/\/kottmann-gurzeler.ch\/cms\/wp-content\/uploads\/2020\/07\/cropped-ref_05-1.jpg 542w\" sizes=\"(max-width: 300px) 100vw, 300px\" \/><\/a>\n\t\t\t<\/dt><\/dl><dl class='gallery-item'>\n\t\t\t<dt class='gallery-icon landscape'>\n\t\t\t\t<a data-fancybox=\"mesmerize-gallery-1-group\" href='https:\/\/kottmann-gurzeler.ch\/cms\/wp-content\/uploads\/2020\/07\/DSC_0628-1.jpg'><img loading=\"lazy\" decoding=\"async\"  width=\"300\" height=\"225\" src=\"https:\/\/kottmann-gurzeler.ch\/cms\/wp-content\/uploads\/2020\/07\/DSC_0628-1-300x225.jpg\"  class='mesmerize-gallery-1-image' alt=\"test 4\" srcset=\"https:\/\/kottmann-gurzeler.ch\/cms\/wp-content\/uploads\/2020\/07\/DSC_0628-1-300x225.jpg 300w, https:\/\/kottmann-gurzeler.ch\/cms\/wp-content\/uploads\/2020\/07\/DSC_0628-1.jpg 640w\" sizes=\"(max-width: 300px) 100vw, 300px\" \/><\/a>\n\t\t\t<\/dt><\/dl><dl class='gallery-item'>\n\t\t\t<dt class='gallery-icon landscape'>\n\t\t\t\t<a data-fancybox=\"mesmerize-gallery-1-group\" href='https:\/\/kottmann-gurzeler.ch\/cms\/wp-content\/uploads\/2020\/07\/DSC_0804-1.jpg'><img loading=\"lazy\" decoding=\"async\"  width=\"300\" height=\"225\" src=\"https:\/\/kottmann-gurzeler.ch\/cms\/wp-content\/uploads\/2020\/07\/DSC_0804-1-300x225.jpg\"  class='mesmerize-gallery-1-image' alt=\"test 3\" srcset=\"https:\/\/kottmann-gurzeler.ch\/cms\/wp-content\/uploads\/2020\/07\/DSC_0804-1-300x225.jpg 300w, https:\/\/kottmann-gurzeler.ch\/cms\/wp-content\/uploads\/2020\/07\/DSC_0804-1.jpg 640w\" sizes=\"(max-width: 300px) 100vw, 300px\" \/><\/a>\n\t\t\t<\/dt><\/dl><dl class='gallery-item'>\n\t\t\t<dt class='gallery-icon landscape'>\n\t\t\t\t<a data-fancybox=\"mesmerize-gallery-1-group\" href='https:\/\/kottmann-gurzeler.ch\/cms\/wp-content\/uploads\/2020\/07\/dusche-1.jpg'><img loading=\"lazy\" decoding=\"async\"  width=\"300\" height=\"225\" src=\"https:\/\/kottmann-gurzeler.ch\/cms\/wp-content\/uploads\/2020\/07\/dusche-1-300x225.jpg\"  class='mesmerize-gallery-1-image' alt=\"test 2\" srcset=\"https:\/\/kottmann-gurzeler.ch\/cms\/wp-content\/uploads\/2020\/07\/dusche-1-300x225.jpg 300w, https:\/\/kottmann-gurzeler.ch\/cms\/wp-content\/uploads\/2020\/07\/dusche-1.jpg 640w\" sizes=\"(max-width: 300px) 100vw, 300px\" \/><\/a>\n\t\t\t<\/dt><\/dl><dl class='gallery-item'>\n\t\t\t<dt class='gallery-icon landscape'>\n\t\t\t\t<a data-fancybox=\"mesmerize-gallery-1-group\" href='https:\/\/kottmann-gurzeler.ch\/cms\/wp-content\/uploads\/2020\/07\/DSC_0570-1.jpg'><img loading=\"lazy\" decoding=\"async\"  width=\"300\" height=\"225\" src=\"https:\/\/kottmann-gurzeler.ch\/cms\/wp-content\/uploads\/2020\/07\/DSC_0570-1-300x225.jpg\"  class='mesmerize-gallery-1-image' alt=\"test 4\" srcset=\"https:\/\/kottmann-gurzeler.ch\/cms\/wp-content\/uploads\/2020\/07\/DSC_0570-1-300x225.jpg 300w, https:\/\/kottmann-gurzeler.ch\/cms\/wp-content\/uploads\/2020\/07\/DSC_0570-1.jpg 640w\" sizes=\"(max-width: 300px) 100vw, 300px\" \/><\/a>\n\t\t\t<\/dt><\/dl><dl class='gallery-item'>\n\t\t\t<dt class='gallery-icon portrait'>\n\t\t\t\t<a data-fancybox=\"mesmerize-gallery-1-group\" href='https:\/\/kottmann-gurzeler.ch\/cms\/wp-content\/uploads\/2020\/07\/IMG_0236.jpg'><img loading=\"lazy\" decoding=\"async\"  width=\"225\" height=\"300\" src=\"https:\/\/kottmann-gurzeler.ch\/cms\/wp-content\/uploads\/2020\/07\/IMG_0236-225x300.jpg\"  class='mesmerize-gallery-1-image' alt=\"\" srcset=\"https:\/\/kottmann-gurzeler.ch\/cms\/wp-content\/uploads\/2020\/07\/IMG_0236-225x300.jpg 225w, https:\/\/kottmann-gurzeler.ch\/cms\/wp-content\/uploads\/2020\/07\/IMG_0236.jpg 480w\" sizes=\"(max-width: 225px) 100vw, 225px\" \/><\/a>\n\t\t\t<\/dt><\/dl><dl class='gallery-item'>\n\t\t\t<dt class='gallery-icon landscape'>\n\t\t\t\t<a data-fancybox=\"mesmerize-gallery-1-group\" href='https:\/\/kottmann-gurzeler.ch\/cms\/wp-content\/uploads\/2020\/07\/wc-plattenbelag.jpg'><img loading=\"lazy\" decoding=\"async\"  width=\"300\" height=\"225\" src=\"https:\/\/kottmann-gurzeler.ch\/cms\/wp-content\/uploads\/2020\/07\/wc-plattenbelag-300x225.jpg\"  class='mesmerize-gallery-1-image' alt=\"test 4\" srcset=\"https:\/\/kottmann-gurzeler.ch\/cms\/wp-content\/uploads\/2020\/07\/wc-plattenbelag-300x225.jpg 300w, https:\/\/kottmann-gurzeler.ch\/cms\/wp-content\/uploads\/2020\/07\/wc-plattenbelag.jpg 640w\" sizes=\"(max-width: 300px) 100vw, 300px\" \/><\/a>\n\t\t\t<\/dt><\/dl>\n\t\t\t\n\t\t<\/div>\n<script>(function($){window.MaterialisCaptionsGallery && window.MaterialisCaptionsGallery($('[data-unique-id=\"mesmerize-gallery-1-69e4ce8021875\"]'))})(jQuery)<\/script><\/div><\/div><\/div> <\/div><\/div>","protected":false},"excerpt":{"rendered":"<p>Wand- und Bodenbel\u00e4ge im Badezimmer \/ Dusche WC Ihr Badezimmer, Ihre Dusche oder G\u00e4ste-WC mit der optimalen Wahl vom Bodenbelag und Verlegungsart bekommen Sie die Wohlf\u00fchloase, die zu Ihnen und dem Raum passt. Rutschhemmende Bodenbel\u00e4ge und barrierefreie Systeme sind nicht nur \u00c4sthetisch \u2013 Sie garantieren lange Freude an Ihrem neuen Bad. Badezimmer<\/p>\n","protected":false},"author":1,"featured_media":0,"parent":0,"menu_order":0,"comment_status":"closed","ping_status":"closed","template":"pro\/page-templates\/full-width-page.php","meta":{"footnotes":""},"yoast_head":"<!-- This site is optimized with the Yoast SEO plugin v21.6 - https:\/\/yoast.com\/wordpress\/plugins\/seo\/ -->\n<title>Referenzen Bad | kottmann+gurzeler ag |<\/title>\n<meta name=\"description\" content=\"Referenzen vom Badezimmerfliessen - Wir realisieren Ihre Plattenarbeiten f\u00fcr ihr perfektes Badezimmer oder Dusche.\" \/>\n<meta name=\"robots\" content=\"index, follow, max-snippet:-1, max-image-preview:large, max-video-preview:-1\" \/>\n<link rel=\"canonical\" href=\"https:\/\/kottmann-gurzeler.ch\/cms\/referenzen-bad\/\" \/>\n<meta property=\"og:locale\" content=\"de_DE\" \/>\n<meta property=\"og:type\" content=\"article\" \/>\n<meta property=\"og:title\" content=\"Referenzen Bad | kottmann+gurzeler ag |\" \/>\n<meta property=\"og:description\" content=\"Referenzen vom Badezimmerfliessen - Wir realisieren Ihre Plattenarbeiten f\u00fcr ihr perfektes Badezimmer oder Dusche.\" \/>\n<meta property=\"og:url\" content=\"https:\/\/kottmann-gurzeler.ch\/cms\/referenzen-bad\/\" \/>\n<meta property=\"og:site_name\" content=\"kottmann+gurzeler ag |\" \/>\n<meta property=\"article:modified_time\" content=\"2021-03-27T07:12:57+00:00\" \/>\n<meta property=\"og:image\" content=\"https:\/\/kottmann-gurzeler.ch\/cms\/wp-content\/uploads\/2020\/07\/cropped-IMG_0236.jpg\" \/>\n<meta name=\"twitter:card\" content=\"summary_large_image\" \/>\n<script type=\"application\/ld+json\" class=\"yoast-schema-graph\">{\"@context\":\"https:\/\/schema.org\",\"@graph\":[{\"@type\":\"WebPage\",\"@id\":\"https:\/\/kottmann-gurzeler.ch\/cms\/referenzen-bad\/\",\"url\":\"https:\/\/kottmann-gurzeler.ch\/cms\/referenzen-bad\/\",\"name\":\"Referenzen Bad | kottmann+gurzeler ag |\",\"isPartOf\":{\"@id\":\"https:\/\/kottmann-gurzeler.ch\/cms\/#website\"},\"datePublished\":\"2020-08-04T15:43:12+00:00\",\"dateModified\":\"2021-03-27T07:12:57+00:00\",\"description\":\"Referenzen vom Badezimmerfliessen - Wir realisieren Ihre Plattenarbeiten f\u00fcr ihr perfektes Badezimmer oder Dusche.\",\"breadcrumb\":{\"@id\":\"https:\/\/kottmann-gurzeler.ch\/cms\/referenzen-bad\/#breadcrumb\"},\"inLanguage\":\"de\",\"potentialAction\":[{\"@type\":\"ReadAction\",\"target\":[\"https:\/\/kottmann-gurzeler.ch\/cms\/referenzen-bad\/\"]}]},{\"@type\":\"BreadcrumbList\",\"@id\":\"https:\/\/kottmann-gurzeler.ch\/cms\/referenzen-bad\/#breadcrumb\",\"itemListElement\":[{\"@type\":\"ListItem\",\"position\":1,\"name\":\"Plattenbel\u00e4ge\",\"item\":\"https:\/\/kottmann-gurzeler.ch\/cms\/\"},{\"@type\":\"ListItem\",\"position\":2,\"name\":\"Referenzen Bad\"}]},{\"@type\":\"WebSite\",\"@id\":\"https:\/\/kottmann-gurzeler.ch\/cms\/#website\",\"url\":\"https:\/\/kottmann-gurzeler.ch\/cms\/\",\"name\":\"kottmann+gurzeler ag |\",\"description\":\"| Aargau, Wohlen, Bremgarten, Freiamt, Nordwestschweiz\",\"publisher\":{\"@id\":\"https:\/\/kottmann-gurzeler.ch\/cms\/#organization\"},\"potentialAction\":[{\"@type\":\"SearchAction\",\"target\":{\"@type\":\"EntryPoint\",\"urlTemplate\":\"https:\/\/kottmann-gurzeler.ch\/cms\/?s={search_term_string}\"},\"query-input\":\"required name=search_term_string\"}],\"inLanguage\":\"de\"},{\"@type\":\"Organization\",\"@id\":\"https:\/\/kottmann-gurzeler.ch\/cms\/#organization\",\"name\":\"kottmann+gurzeler ag\",\"url\":\"https:\/\/kottmann-gurzeler.ch\/cms\/\",\"logo\":{\"@type\":\"ImageObject\",\"inLanguage\":\"de\",\"@id\":\"https:\/\/kottmann-gurzeler.ch\/cms\/#\/schema\/logo\/image\/\",\"url\":\"https:\/\/kottmann-gurzeler.ch\/cms\/wp-content\/uploads\/2020\/12\/angaben_schrift_farben_logo-e1607023115442.png\",\"contentUrl\":\"https:\/\/kottmann-gurzeler.ch\/cms\/wp-content\/uploads\/2020\/12\/angaben_schrift_farben_logo-e1607023115442.png\",\"width\":1941,\"height\":325,\"caption\":\"kottmann+gurzeler ag\"},\"image\":{\"@id\":\"https:\/\/kottmann-gurzeler.ch\/cms\/#\/schema\/logo\/image\/\"}}]}<\/script>\n<!-- \/ Yoast SEO plugin. -->","yoast_head_json":{"title":"Referenzen Bad | kottmann+gurzeler ag |","description":"Referenzen vom Badezimmerfliessen - Wir realisieren Ihre Plattenarbeiten f\u00fcr ihr perfektes Badezimmer oder Dusche.","robots":{"index":"index","follow":"follow","max-snippet":"max-snippet:-1","max-image-preview":"max-image-preview:large","max-video-preview":"max-video-preview:-1"},"canonical":"https:\/\/kottmann-gurzeler.ch\/cms\/referenzen-bad\/","og_locale":"de_DE","og_type":"article","og_title":"Referenzen Bad | kottmann+gurzeler ag |","og_description":"Referenzen vom Badezimmerfliessen - Wir realisieren Ihre Plattenarbeiten f\u00fcr ihr perfektes Badezimmer oder Dusche.","og_url":"https:\/\/kottmann-gurzeler.ch\/cms\/referenzen-bad\/","og_site_name":"kottmann+gurzeler ag |","article_modified_time":"2021-03-27T07:12:57+00:00","og_image":[{"url":"https:\/\/kottmann-gurzeler.ch\/cms\/wp-content\/uploads\/2020\/07\/cropped-IMG_0236.jpg"}],"twitter_card":"summary_large_image","schema":{"@context":"https:\/\/schema.org","@graph":[{"@type":"WebPage","@id":"https:\/\/kottmann-gurzeler.ch\/cms\/referenzen-bad\/","url":"https:\/\/kottmann-gurzeler.ch\/cms\/referenzen-bad\/","name":"Referenzen Bad | kottmann+gurzeler ag |","isPartOf":{"@id":"https:\/\/kottmann-gurzeler.ch\/cms\/#website"},"datePublished":"2020-08-04T15:43:12+00:00","dateModified":"2021-03-27T07:12:57+00:00","description":"Referenzen vom Badezimmerfliessen - Wir realisieren Ihre Plattenarbeiten f\u00fcr ihr perfektes Badezimmer oder Dusche.","breadcrumb":{"@id":"https:\/\/kottmann-gurzeler.ch\/cms\/referenzen-bad\/#breadcrumb"},"inLanguage":"de","potentialAction":[{"@type":"ReadAction","target":["https:\/\/kottmann-gurzeler.ch\/cms\/referenzen-bad\/"]}]},{"@type":"BreadcrumbList","@id":"https:\/\/kottmann-gurzeler.ch\/cms\/referenzen-bad\/#breadcrumb","itemListElement":[{"@type":"ListItem","position":1,"name":"Plattenbel\u00e4ge","item":"https:\/\/kottmann-gurzeler.ch\/cms\/"},{"@type":"ListItem","position":2,"name":"Referenzen Bad"}]},{"@type":"WebSite","@id":"https:\/\/kottmann-gurzeler.ch\/cms\/#website","url":"https:\/\/kottmann-gurzeler.ch\/cms\/","name":"kottmann+gurzeler ag |","description":"| Aargau, Wohlen, Bremgarten, Freiamt, Nordwestschweiz","publisher":{"@id":"https:\/\/kottmann-gurzeler.ch\/cms\/#organization"},"potentialAction":[{"@type":"SearchAction","target":{"@type":"EntryPoint","urlTemplate":"https:\/\/kottmann-gurzeler.ch\/cms\/?s={search_term_string}"},"query-input":"required name=search_term_string"}],"inLanguage":"de"},{"@type":"Organization","@id":"https:\/\/kottmann-gurzeler.ch\/cms\/#organization","name":"kottmann+gurzeler ag","url":"https:\/\/kottmann-gurzeler.ch\/cms\/","logo":{"@type":"ImageObject","inLanguage":"de","@id":"https:\/\/kottmann-gurzeler.ch\/cms\/#\/schema\/logo\/image\/","url":"https:\/\/kottmann-gurzeler.ch\/cms\/wp-content\/uploads\/2020\/12\/angaben_schrift_farben_logo-e1607023115442.png","contentUrl":"https:\/\/kottmann-gurzeler.ch\/cms\/wp-content\/uploads\/2020\/12\/angaben_schrift_farben_logo-e1607023115442.png","width":1941,"height":325,"caption":"kottmann+gurzeler ag"},"image":{"@id":"https:\/\/kottmann-gurzeler.ch\/cms\/#\/schema\/logo\/image\/"}}]}},"_links":{"self":[{"href":"https:\/\/kottmann-gurzeler.ch\/cms\/wp-json\/wp\/v2\/pages\/566"}],"collection":[{"href":"https:\/\/kottmann-gurzeler.ch\/cms\/wp-json\/wp\/v2\/pages"}],"about":[{"href":"https:\/\/kottmann-gurzeler.ch\/cms\/wp-json\/wp\/v2\/types\/page"}],"author":[{"embeddable":true,"href":"https:\/\/kottmann-gurzeler.ch\/cms\/wp-json\/wp\/v2\/users\/1"}],"replies":[{"embeddable":true,"href":"https:\/\/kottmann-gurzeler.ch\/cms\/wp-json\/wp\/v2\/comments?post=566"}],"version-history":[{"count":14,"href":"https:\/\/kottmann-gurzeler.ch\/cms\/wp-json\/wp\/v2\/pages\/566\/revisions"}],"predecessor-version":[{"id":1223,"href":"https:\/\/kottmann-gurzeler.ch\/cms\/wp-json\/wp\/v2\/pages\/566\/revisions\/1223"}],"wp:attachment":[{"href":"https:\/\/kottmann-gurzeler.ch\/cms\/wp-json\/wp\/v2\/media?parent=566"}],"curies":[{"name":"wp","href":"https:\/\/api.w.org\/{rel}","templated":true}]}}