{"id":526,"date":"2020-08-06T15:58:05","date_gmt":"2020-08-06T15:58:05","guid":{"rendered":"https:\/\/kottmann-gurzeler.erdbeerblau.ch\/test\/?page_id=526"},"modified":"2021-03-27T08:32:03","modified_gmt":"2021-03-27T08:32:03","slug":"reinigungsmittel","status":"publish","type":"page","link":"https:\/\/kottmann-gurzeler.ch\/cms\/reinigungsmittel\/","title":{"rendered":"Reinigungsmittel"},"content":{"rendered":"<div  data-label=\"About\" data-id=\"about--1\" data-export-id=\"about-10\" data-category=\"about\" class=\"about-10 content-section content-section-spacing\" id=\"about-1\" style=\"background-color: rgb(245, 250, 253);\"><div  class=\"gridContainer\"> <div  class=\"row middle-sm text-center\"><div  class=\"col-sm-5 space-bottom-xs content-column\" data-type=\"column\">  <h2  class=\"\">F\u00fcr den<br > <span  style=\"font-family: Playfair Display,sans-serif; font-weight: 700; font-style: italic;\" href=\"#\">optimalen Schutz <\/span>Ihrer Plattenbel\u00e4ge<\/h2> <p  class=\"\">Als offizieller Vertragspartner von Moeller Stone Care bieten wir Ihnen die passenden Reinigungs- und Pflegemittel f\u00fcr Ihre Plattenbel\u00e4ge.<br ><br >Wir f\u00fchren Steinreiniger, Fliesenreiniger, Naturstein impr\u00e4gnieren und Stein Versiegelung, Fleckentferner und andere Steinpflegeanwendungen.<\/p> <h4  class=\"\"><span  style=\"color: rgb(221, 51, 51);\">Geeignete Bel\u00e4ge<\/span><\/h4><p  class=\"\"><img decoding=\"async\"  draggable=\"false\" role=\"img\" class=\"emoji\" alt=\"\u2714\" src=\"https:\/\/s.w.org\/images\/core\/emoji\/13.0.0\/svg\/2714.svg\"> Terrassen und Aussenbereiche<br >\n    <img decoding=\"async\"  draggable=\"false\" role=\"img\" class=\"emoji\" alt=\"\u2714\" src=\"https:\/\/s.w.org\/images\/core\/emoji\/13.0.0\/svg\/2714.svg\"> Treppen und B\u00f6den<br >\n    <img decoding=\"async\"  draggable=\"false\" role=\"img\" class=\"emoji\" alt=\"\u2714\" src=\"https:\/\/s.w.org\/images\/core\/emoji\/13.0.0\/svg\/2714.svg\"> K\u00fcchenoberfl\u00e4chen<br >\n    <img decoding=\"async\"  draggable=\"false\" role=\"img\" class=\"emoji\" alt=\"\u2714\" src=\"https:\/\/s.w.org\/images\/core\/emoji\/13.0.0\/svg\/2714.svg\"> Bad- und Nassbereich<br >\n    <img decoding=\"async\"  draggable=\"false\" role=\"img\" class=\"emoji\" alt=\"\u2714\" src=\"https:\/\/s.w.org\/images\/core\/emoji\/13.0.0\/svg\/2714.svg\"> Naturstein \u2013 Restaurierung<\/p><\/div> <div  class=\"col-sm-7 flexbox middle-xs center-xs space-bottom-xs\"><div  class=\"overlay-box middle-xs center-xs flexbox\"> <div  class=\"overlay-box-offset offset-border shadow-medium border-color1 hide-xs\"><\/div> <img decoding=\"async\"  class=\"shadow-large\" data-size=\"485x705\" src=\"https:\/\/kottmann-gurzeler.ch\/cms\/wp-content\/uploads\/2020\/08\/cropped-r161.jpg\" alt=\"\" title=\"cropped-r161.jpg\"><\/div> <\/div><\/div> <\/div><\/div><div  data-label=\"Reinigungsmitter\" data-id=\"testimonials--3\" data-export-id=\"testimonials-3\" data-category=\"testimonials\" class=\"testimonials-3 content-section content-section-spacing\" id=\"reinigungsmitter\" style=\"background-color: rgb(255, 255, 255);\"><div  class=\"gridContainer\"> <div  class=\"row\"><div  data-type=\"column\" class=\"section-title-col\"><h4  class=\"\">Unser Tipp f\u00fcr Pflege- und vom bestgeeigneten Reinigungsmittel \u2013 Beratung unter 056 622 05 55<\/h4>  <\/div> <\/div> <div  class=\"row spaced-cols content-center-sm\" data-type=\"row\"> <div  class=\"col-xs-12 col-sm-4\"> <div  class=\"card shadow\" data-type=\"column\"> <h6  class=\"\">Ben\u00f6tigen Sie eine Beratung?<\/h6><img decoding=\"async\"  src=\"https:\/\/kottmann-gurzeler.ch\/cms\/wp-content\/uploads\/2020\/08\/cropped-tipp-2.jpg\" class=\"round icon\" alt=\"\" title=\"cropped-tipp-2.jpg\"><i  class=\"fa icon quotation-icon fa-quote-right small color1\"><\/i> <p  class=\"\">Damit Sie lange Freude haben an Ihren keramischen Platten oder Natursteinplatten ist die richtige Pflege von zentraler Bedeutung. Gerne helfen wir Ihnen bei der Wahl des bestgeeigneten Reinigungsmittels.<\/p>   <a class=\"link\" href=\"mailto:info@kgplatten.ch\" target=\"_blank\" data-cp-link=\"1\" rel=\"noopener noreferrer\">Beratung zu Reinigungs- und Pflegemitteln<\/a><\/div> <\/div><div  class=\"col-xs-12 col-sm-4\"> <div  class=\"card shadow\" data-type=\"column\"> <h6  class=\"\">drei in eins&nbsp;<span  style=\"font-weight: 300;\">[P301]<\/span><\/h6><i  class=\"fa icon quotation-icon fa-quote-right small color1\"><\/i> <p  class=\"\">F\u00fcr die t\u00e4gliche Pflege von K\u00fcchenarbeitsplatten, Tischen, Waschtischen usw. aus Natur- und Kunststein. Reinigt, sch\u00fctzt und pflegt in einem Arbeitsgang.<\/p> <img decoding=\"async\"  src=\"https:\/\/kottmann-gurzeler.ch\/cms\/wp-content\/uploads\/2020\/08\/cropped-p301-1.jpg\" class=\"round icon\" alt=\"\" title=\"cropped-p301-1.jpg\">  <a class=\"link\" href=\"https:\/\/kottmann-gurzeler.ch\/cms\/p301-natur-kunststeinreiniger-2\" target=\"_blank\" data-cp-link=\"1\" rel=\"noopener noreferrer\">Naturstein \/ Kunststeinreiniger [PDF]<\/a><\/div> <\/div> <div  class=\"col-xs-12 col-sm-4\"> <div  class=\"card shadow\" data-type=\"column\"> <h6  class=\"\">Feinsteinzeug Pflegereiniger<span  style=\"font-weight: 300;\"> [P315]<\/span><\/h6><i  class=\"fa fa-quote-right icon color1 small quotation-icon\"><\/i> <p  class=\"\">Milder Unterhaltsreiniger, der in einem Arbeitsgang alle Feinsteinzeug-Oberfl\u00e4chen reinigt und pflegt. Die wasserl\u00f6slichen Inhaltsstoffe verhindern Schlierenbildung und bauen bei richtiger Dosierung keine Schichten auf.<\/p> <a data-cp-link=\"1\" href=\"#\" class=\"\" target=\"_self\" rel=\"noopener noreferrer\"><img decoding=\"async\"  src=\"https:\/\/kottmann-gurzeler.ch\/cms\/wp-content\/uploads\/2020\/08\/cropped-p324.jpg\" class=\"round icon\"><\/a>  <a class=\"link\" href=\"https:\/\/kottmann-gurzeler.ch\/cms\/p315-feinsteinzeug-pflegereiniger-2\" target=\"_self\" data-cp-link=\"1\" rel=\"noopener noreferrer\">Feinsteinzeug \/ Pflegereiniger [PDF]<\/a><\/div> <\/div> <div  class=\"col-xs-12 col-sm-4\"> <div  class=\"card shadow\" data-type=\"column\"> <h6  class=\"\">Edel \u2013 Steinseife Wischpflege <span  style=\"font-weight: 300;\">[P324]<\/span><\/h6><img decoding=\"async\"  src=\"https:\/\/kottmann-gurzeler.ch\/cms\/wp-content\/uploads\/2020\/08\/cropped-p324-1.jpg\" class=\"round icon\" alt=\"\" title=\"cropped-p324-1.jpg\"><i  class=\"fa fa-quote-right icon color1 small quotation-icon\"><\/i> <p  class=\"\">Milder Unterhaltsreiniger, der in einem Arbeitsgang alle Naturstein-, Kunststein-, Cotto- und Klinkerbel\u00e4ge reinigt und pflegt. Die wasserl\u00f6slichen Inhaltsstoffe verhindern Schlierenbildung und bauen bei richtiger Dosierung keine Schichten auf.<\/p>   <a class=\"link\" href=\"https:\/\/kottmann-gurzeler.ch\/cms\/p324-steinseife-wischpflege-2\" target=\"_self\" data-cp-link=\"1\" rel=\"noopener noreferrer\">Steinseife \/ Wischpflege  [PDF]<\/a><\/div> <\/div><div  class=\"col-xs-12 col-sm-4\"> <div  class=\"card shadow\" data-type=\"column\"> <h6  class=\"\">Grundreiniger <span  style=\"font-weight: 300;\">s\u00e4urefrei&nbsp;[R155]<\/span><\/h6><img decoding=\"async\"  src=\"https:\/\/kottmann-gurzeler.ch\/cms\/wp-content\/uploads\/2020\/08\/cropped-r155-1.jpg\" class=\"round icon\" alt=\"\" title=\"cropped-r155-1.jpg\"><i  class=\"fa icon quotation-icon fa-quote-right small color1\"><\/i> <p  class=\"\">Entfernt Bauschmutz, Dispersionsfarben, Selbstglanzschichten, Pflegemittelr\u00fcckst\u00e4nde, \u00d6le, Fette, sowie leichten Zementschleier von Natur- und Kunststein im Innen- und Aussenbereich. Polierte Oberfl\u00e4chen werden nicht angegriffen.<\/p> <a class=\"link\" href=\"https:\/\/kottmann-gurzeler.ch\/cms\/r155-grundreiniger-2\" target=\"_self\" data-cp-link=\"1\" rel=\"noopener noreferrer\">Grundreiniger [PDF]<\/a>  <\/div> <\/div><div  class=\"col-xs-12 col-sm-4\"> <div  class=\"card shadow\" data-type=\"column\"> <h6  class=\"\">Fliesen Intensivreiniger<span  style=\"font-weight: 300;\"> [R157]<\/span><\/h6><img decoding=\"async\"  src=\"https:\/\/kottmann-gurzeler.ch\/cms\/wp-content\/uploads\/2020\/08\/cropped-r157-1.jpg\" class=\"round icon\" alt=\"\" title=\"cropped-r157-1.jpg\"><i  class=\"fa icon quotation-icon fa-quote-right small color1\"><\/i> <p  class=\"\">Entfernt \u00f6lige und fettige Schmutzschichten, Pflegemittelr\u00fcckst\u00e4nde, Bauschmutz,&nbsp; sowie leichten Zementschleier von glasierter und unglasierter Keramik, Feinsteinzeug, Cotto-, und Klinkerplatten im Innen- und Aussenbereich. Polierte Oberfl\u00e4chen werden nicht angegriffen. Nicht geeignet f\u00fcr Natur- und Kunststein.<\/p>   <a class=\"link\" href=\"https:\/\/kottmann-gurzeler.ch\/cms\/r157_fliesen-intensivreiniger-2\" target=\"_self\" data-cp-link=\"1\" rel=\"noopener noreferrer\">Fliesen Intensivreiniger [PDF]<\/a><\/div> <\/div><div  class=\"col-xs-12 col-sm-4\"> <div  class=\"card shadow\" data-type=\"column\"> <h6  class=\"\">Bad- und Duschkabinen Reiniger<span  style=\"font-weight: 300;\"> [R158]<\/span><\/h6><img decoding=\"async\"  src=\"https:\/\/kottmann-gurzeler.ch\/cms\/wp-content\/uploads\/2020\/08\/cropped-p301-1.jpg\" class=\"round icon\" alt=\"\" title=\"cropped-p301-1.jpg\"><i  class=\"fa icon quotation-icon fa-quote-right small color1\"><\/i> <p  class=\"\">F\u00fcr die t\u00e4gliche Pflege von K\u00fcchenarbeitsplatten, Tischen, Waschtischen usw. aus Natur- und Kunststein. Reinigt, sch\u00fctzt und pflegt in einem Arbeitsgang.<\/p>   <a class=\"link\" href=\"https:\/\/kottmann-gurzeler.ch\/cms\/r158_bad-duschkabinen-reiniger-2\" target=\"_self\" data-cp-link=\"1\" rel=\"noopener noreferrer\">Bad- und Duschkabinen Reiniger [PDF]<\/a><\/div> <\/div><div  class=\"col-xs-12 col-sm-4\"> <div  class=\"card shadow\" data-type=\"column\"> <h6  class=\"\">Fliesen- und Sanit\u00e4rreiniger<span  style=\"font-weight: 300;\"> [R159]<\/span><\/h6><img decoding=\"async\"  src=\"https:\/\/kottmann-gurzeler.ch\/cms\/wp-content\/uploads\/2020\/08\/cropped-r159-3.jpg\" class=\"round icon\" alt=\"\" title=\"cropped-r159-3.jpg\"><i  class=\"fa icon quotation-icon fa-quote-right small color1\"><\/i> <p  class=\"\">Entfernt Kalk- und Schmutzablagerungen, Urinstein, Seifenreste sowie leichten Zementschleier von glasierten und unglasierten Keramik-, Feinsteinzeug-, Glas- und s\u00e4urefesten Natursteinoberfl\u00e4chen im Dusch-, Bad- und Nassbereich. Verschmutzte Fugen werden wieder sauber. Enth\u00e4lt S\u00e4uren.<\/p>   <a class=\"link\" href=\"https:\/\/kottmann-gurzeler.ch\/cms\/R159-Fliesenreiniger.pdf\" target=\"_blank\" data-cp-link=\"1\" rel=\"noopener noreferrer\">Fliesen- und Sanit\u00e4rreiniger [PDF]<\/a><\/div> <\/div><div  class=\"col-xs-12 col-sm-4\"> <div  class=\"card shadow\" data-type=\"column\"> <h6  class=\"\">Moos \u2013 und Schimmel Ex<span  style=\"font-weight: 300;\"> [R160]<\/span><\/h6><img decoding=\"async\"  src=\"https:\/\/kottmann-gurzeler.ch\/cms\/wp-content\/uploads\/2020\/08\/cropped-r160-1.jpg\" class=\"round icon\" alt=\"\" title=\"cropped-r160-1.jpg\"><i  class=\"fa icon quotation-icon fa-quote-right small color1\"><\/i> <p  class=\"\">Beseitigt schnell und effektiv Moos, Pilz- und Schimmelbefall auf Natur- und Kunststeinen, Keramik, Beton, Putz, usw. im Innen- und Aussenbereich mit Langzeitwirkung. Polierte Oberfl\u00e4chen werden nicht angegriffen. Bleicht organische Verf\u00e4rbungen, sowie R\u00fcckst\u00e4nde von Kaffee, Cola, Rotwein, Bl\u00fcten, Beeren, Obst usw.<\/p>   <a class=\"link\" href=\"https:\/\/kottmann-gurzeler.ch\/cms\/r160-moos-schimmel-entferner-2\" target=\"_blank\" data-cp-link=\"1\" rel=\"noopener noreferrer\">Moos &amp; Schimmel Entferner [PDF]<\/a><\/div> <\/div><div  class=\"col-xs-12 col-sm-4\"> <div  class=\"card shadow\" data-type=\"column\"> <h6  class=\"\">Feinsteinzeug Grundreiniger<span  style=\"font-weight: 300;\"> [R161]<\/span><\/h6><img decoding=\"async\"  src=\"https:\/\/kottmann-gurzeler.ch\/cms\/wp-content\/uploads\/2020\/08\/cropped-r161-5.jpg\" class=\"round icon\" alt=\"\" title=\"cropped-r161-5.jpg\"><i  class=\"fa icon quotation-icon fa-quote-right small color1\"><\/i> <p  class=\"\">Entfernt \u00f6lige und fettige Schmutzschichten, Pflegemittelr\u00fcckst\u00e4nde, Bauschmutz und leichten Zementschleier von Feinsteinzeugplatten mit polierter, geschliffener oder nat\u00fcrlicher Oberfl\u00e4che im Innen- und Aussenbereich. Polierte Oberfl\u00e4chen werden nicht angegriffen. Nicht geeignet f\u00fcr Natur- und Kunststein. \u00c4tzend.<\/p>   <a class=\"link\" href=\"https:\/\/kottmann-gurzeler.ch\/cms\/r161-feinsteinzeug-grundreiniger-2\" target=\"_blank\" data-cp-link=\"1\" rel=\"noopener noreferrer\">Feinsteinzeug Grundreiniger [PDF]<\/a><\/div> <\/div><div  class=\"col-xs-12 col-sm-4\"> <div  class=\"card shadow\" data-type=\"column\"> <h6  class=\"\">Natursteinreiniger Zementschleier Ex\n<br ><span  style=\"font-weight: 300;\">[R183]<\/span><\/h6><img decoding=\"async\"  src=\"https:\/\/kottmann-gurzeler.ch\/cms\/wp-content\/uploads\/2020\/10\/cropped-r183.jpg\" class=\"round icon\" alt=\"\" title=\"cropped-r183.jpg\"><i  class=\"fa icon quotation-icon fa-quote-right small color1\"><\/i> <p  class=\"\">S\u00e4urehaltiger Spezialreiniger f\u00fcr die Entfernung von Bauschmutz, Zementschleier und Kalkablagerungen auf allen s\u00e4urebest\u00e4ndigen Naturstein-, Kunststein-, Keramik-, Klinker- sowie rauen Betonwerkstein-Oberfl\u00e4chen. Frei von Salz- und Phosphors\u00e4ure.<\/p>   <a class=\"link\" href=\"https:\/\/kottmann-gurzeler.ch\/cms\/r183-natursteinreiniger-zementschleier-2\" target=\"_blank\" data-cp-link=\"1\" rel=\"noopener noreferrer\">Natursteinreiniger \/ Zementschleier Ex [PDF]<\/a><\/div> <\/div><div  class=\"col-xs-12 col-sm-4\"> <div  class=\"card shadow\" data-type=\"column\"> <h6  class=\"\">Reinigung durch den Fachmann<\/h6><img decoding=\"async\"  src=\"https:\/\/kottmann-gurzeler.ch\/cms\/wp-content\/uploads\/2020\/08\/cropped-20191228_104044_resized_20200721_025824535-4.jpg\" class=\"round icon\" alt=\"\" title=\"cropped-20191228_104044_resized_20200721_025824535-4.jpg\"><i  class=\"fa icon quotation-icon fa-quote-right small color1\"><\/i> <p  class=\"\">Wir haben das Know How, Maschinenpark sowie Mittel um Ihnen eine professionelle Grundreinigung anbieten zu k\u00f6nnen.<\/p>   <a class=\"link\" href=\"https:\/\/kottmann-gurzeler.ch\/cms\/index.php\/anfahrt\" target=\"_blank\" data-cp-link=\"1\" rel=\"noopener noreferrer\">Profesionelle Reinigung<\/a><\/div> <\/div><\/div> <\/div><\/div>","protected":false},"excerpt":{"rendered":"<p>F\u00fcr den optimalen Schutz Ihrer Plattenbel\u00e4ge Als offizieller Vertragspartner von Moeller Stone Care bieten wir Ihnen die passenden Reinigungs- und Pflegemittel f\u00fcr Ihre Plattenbel\u00e4ge.Wir f\u00fchren Steinreiniger, Fliesenreiniger, Naturstein impr\u00e4gnieren und Stein Versiegelung, Fleckentferner und andere Steinpflegeanwendungen. Geeignete Bel\u00e4ge Terrassen und Aussenbereiche Treppen und B\u00f6den K\u00fcchenoberfl\u00e4chen Bad- und Nassbereich Naturstein \u2013 Restaurierung Unser Tipp f\u00fcr Pflege-&hellip; <br \/> <a class=\"read-more\" href=\"https:\/\/kottmann-gurzeler.ch\/cms\/reinigungsmittel\/\">Read more<\/a><\/p>\n","protected":false},"author":1,"featured_media":0,"parent":0,"menu_order":0,"comment_status":"closed","ping_status":"closed","template":"pro\/page-templates\/full-width-page.php","meta":{"footnotes":""},"yoast_head":"<!-- This site is optimized with the Yoast SEO plugin v21.6 - https:\/\/yoast.com\/wordpress\/plugins\/seo\/ -->\n<title>Reinigungsmittel | kottmann+gurzeler ag |<\/title>\n<meta name=\"description\" content=\"Sch\u00fctzen Sie Ihren Plattenbelag optimal &gt;&gt; Wir vertreiben Profi Reinigungsmittel f\u00fcr alle Wand- und Bodenplatten\" \/>\n<meta name=\"robots\" content=\"index, follow, max-snippet:-1, max-image-preview:large, max-video-preview:-1\" \/>\n<link rel=\"canonical\" href=\"https:\/\/kottmann-gurzeler.ch\/cms\/reinigungsmittel\/\" \/>\n<meta property=\"og:locale\" content=\"de_DE\" \/>\n<meta property=\"og:type\" content=\"article\" \/>\n<meta property=\"og:title\" content=\"Reinigungsmittel | kottmann+gurzeler ag |\" \/>\n<meta property=\"og:description\" content=\"Sch\u00fctzen Sie Ihren Plattenbelag optimal &gt;&gt; Wir vertreiben Profi Reinigungsmittel f\u00fcr alle Wand- und Bodenplatten\" \/>\n<meta property=\"og:url\" content=\"https:\/\/kottmann-gurzeler.ch\/cms\/reinigungsmittel\/\" \/>\n<meta property=\"og:site_name\" content=\"kottmann+gurzeler ag |\" \/>\n<meta property=\"article:modified_time\" content=\"2021-03-27T08:32:03+00:00\" \/>\n<meta property=\"og:image\" content=\"https:\/\/s.w.org\/images\/core\/emoji\/13.0.0\/svg\/2714.svg\" \/>\n<meta name=\"twitter:card\" content=\"summary_large_image\" \/>\n<meta name=\"twitter:label1\" content=\"Gesch\u00e4tzte Lesezeit\" \/>\n\t<meta name=\"twitter:data1\" content=\"3\u00a0Minuten\" \/>\n<script type=\"application\/ld+json\" class=\"yoast-schema-graph\">{\"@context\":\"https:\/\/schema.org\",\"@graph\":[{\"@type\":\"WebPage\",\"@id\":\"https:\/\/kottmann-gurzeler.ch\/cms\/reinigungsmittel\/\",\"url\":\"https:\/\/kottmann-gurzeler.ch\/cms\/reinigungsmittel\/\",\"name\":\"Reinigungsmittel | kottmann+gurzeler ag |\",\"isPartOf\":{\"@id\":\"https:\/\/kottmann-gurzeler.ch\/cms\/#website\"},\"datePublished\":\"2020-08-06T15:58:05+00:00\",\"dateModified\":\"2021-03-27T08:32:03+00:00\",\"description\":\"Sch\u00fctzen Sie Ihren Plattenbelag optimal >> Wir vertreiben Profi Reinigungsmittel f\u00fcr alle Wand- und Bodenplatten\",\"breadcrumb\":{\"@id\":\"https:\/\/kottmann-gurzeler.ch\/cms\/reinigungsmittel\/#breadcrumb\"},\"inLanguage\":\"de\",\"potentialAction\":[{\"@type\":\"ReadAction\",\"target\":[\"https:\/\/kottmann-gurzeler.ch\/cms\/reinigungsmittel\/\"]}]},{\"@type\":\"BreadcrumbList\",\"@id\":\"https:\/\/kottmann-gurzeler.ch\/cms\/reinigungsmittel\/#breadcrumb\",\"itemListElement\":[{\"@type\":\"ListItem\",\"position\":1,\"name\":\"Plattenbel\u00e4ge\",\"item\":\"https:\/\/kottmann-gurzeler.ch\/cms\/\"},{\"@type\":\"ListItem\",\"position\":2,\"name\":\"Reinigungsmittel\"}]},{\"@type\":\"WebSite\",\"@id\":\"https:\/\/kottmann-gurzeler.ch\/cms\/#website\",\"url\":\"https:\/\/kottmann-gurzeler.ch\/cms\/\",\"name\":\"kottmann+gurzeler ag |\",\"description\":\"| Aargau, Wohlen, Bremgarten, Freiamt, Nordwestschweiz\",\"publisher\":{\"@id\":\"https:\/\/kottmann-gurzeler.ch\/cms\/#organization\"},\"potentialAction\":[{\"@type\":\"SearchAction\",\"target\":{\"@type\":\"EntryPoint\",\"urlTemplate\":\"https:\/\/kottmann-gurzeler.ch\/cms\/?s={search_term_string}\"},\"query-input\":\"required name=search_term_string\"}],\"inLanguage\":\"de\"},{\"@type\":\"Organization\",\"@id\":\"https:\/\/kottmann-gurzeler.ch\/cms\/#organization\",\"name\":\"kottmann+gurzeler ag\",\"url\":\"https:\/\/kottmann-gurzeler.ch\/cms\/\",\"logo\":{\"@type\":\"ImageObject\",\"inLanguage\":\"de\",\"@id\":\"https:\/\/kottmann-gurzeler.ch\/cms\/#\/schema\/logo\/image\/\",\"url\":\"https:\/\/kottmann-gurzeler.ch\/cms\/wp-content\/uploads\/2020\/12\/angaben_schrift_farben_logo-e1607023115442.png\",\"contentUrl\":\"https:\/\/kottmann-gurzeler.ch\/cms\/wp-content\/uploads\/2020\/12\/angaben_schrift_farben_logo-e1607023115442.png\",\"width\":1941,\"height\":325,\"caption\":\"kottmann+gurzeler ag\"},\"image\":{\"@id\":\"https:\/\/kottmann-gurzeler.ch\/cms\/#\/schema\/logo\/image\/\"}}]}<\/script>\n<!-- \/ Yoast SEO plugin. -->","yoast_head_json":{"title":"Reinigungsmittel | kottmann+gurzeler ag |","description":"Sch\u00fctzen Sie Ihren Plattenbelag optimal >> Wir vertreiben Profi Reinigungsmittel f\u00fcr alle Wand- und Bodenplatten","robots":{"index":"index","follow":"follow","max-snippet":"max-snippet:-1","max-image-preview":"max-image-preview:large","max-video-preview":"max-video-preview:-1"},"canonical":"https:\/\/kottmann-gurzeler.ch\/cms\/reinigungsmittel\/","og_locale":"de_DE","og_type":"article","og_title":"Reinigungsmittel | kottmann+gurzeler ag |","og_description":"Sch\u00fctzen Sie Ihren Plattenbelag optimal >> Wir vertreiben Profi Reinigungsmittel f\u00fcr alle Wand- und Bodenplatten","og_url":"https:\/\/kottmann-gurzeler.ch\/cms\/reinigungsmittel\/","og_site_name":"kottmann+gurzeler ag |","article_modified_time":"2021-03-27T08:32:03+00:00","og_image":[{"url":"https:\/\/s.w.org\/images\/core\/emoji\/13.0.0\/svg\/2714.svg"}],"twitter_card":"summary_large_image","twitter_misc":{"Gesch\u00e4tzte Lesezeit":"3\u00a0Minuten"},"schema":{"@context":"https:\/\/schema.org","@graph":[{"@type":"WebPage","@id":"https:\/\/kottmann-gurzeler.ch\/cms\/reinigungsmittel\/","url":"https:\/\/kottmann-gurzeler.ch\/cms\/reinigungsmittel\/","name":"Reinigungsmittel | kottmann+gurzeler ag |","isPartOf":{"@id":"https:\/\/kottmann-gurzeler.ch\/cms\/#website"},"datePublished":"2020-08-06T15:58:05+00:00","dateModified":"2021-03-27T08:32:03+00:00","description":"Sch\u00fctzen Sie Ihren Plattenbelag optimal >> Wir vertreiben Profi Reinigungsmittel f\u00fcr alle Wand- und Bodenplatten","breadcrumb":{"@id":"https:\/\/kottmann-gurzeler.ch\/cms\/reinigungsmittel\/#breadcrumb"},"inLanguage":"de","potentialAction":[{"@type":"ReadAction","target":["https:\/\/kottmann-gurzeler.ch\/cms\/reinigungsmittel\/"]}]},{"@type":"BreadcrumbList","@id":"https:\/\/kottmann-gurzeler.ch\/cms\/reinigungsmittel\/#breadcrumb","itemListElement":[{"@type":"ListItem","position":1,"name":"Plattenbel\u00e4ge","item":"https:\/\/kottmann-gurzeler.ch\/cms\/"},{"@type":"ListItem","position":2,"name":"Reinigungsmittel"}]},{"@type":"WebSite","@id":"https:\/\/kottmann-gurzeler.ch\/cms\/#website","url":"https:\/\/kottmann-gurzeler.ch\/cms\/","name":"kottmann+gurzeler ag |","description":"| Aargau, Wohlen, Bremgarten, Freiamt, Nordwestschweiz","publisher":{"@id":"https:\/\/kottmann-gurzeler.ch\/cms\/#organization"},"potentialAction":[{"@type":"SearchAction","target":{"@type":"EntryPoint","urlTemplate":"https:\/\/kottmann-gurzeler.ch\/cms\/?s={search_term_string}"},"query-input":"required name=search_term_string"}],"inLanguage":"de"},{"@type":"Organization","@id":"https:\/\/kottmann-gurzeler.ch\/cms\/#organization","name":"kottmann+gurzeler ag","url":"https:\/\/kottmann-gurzeler.ch\/cms\/","logo":{"@type":"ImageObject","inLanguage":"de","@id":"https:\/\/kottmann-gurzeler.ch\/cms\/#\/schema\/logo\/image\/","url":"https:\/\/kottmann-gurzeler.ch\/cms\/wp-content\/uploads\/2020\/12\/angaben_schrift_farben_logo-e1607023115442.png","contentUrl":"https:\/\/kottmann-gurzeler.ch\/cms\/wp-content\/uploads\/2020\/12\/angaben_schrift_farben_logo-e1607023115442.png","width":1941,"height":325,"caption":"kottmann+gurzeler ag"},"image":{"@id":"https:\/\/kottmann-gurzeler.ch\/cms\/#\/schema\/logo\/image\/"}}]}},"_links":{"self":[{"href":"https:\/\/kottmann-gurzeler.ch\/cms\/wp-json\/wp\/v2\/pages\/526"}],"collection":[{"href":"https:\/\/kottmann-gurzeler.ch\/cms\/wp-json\/wp\/v2\/pages"}],"about":[{"href":"https:\/\/kottmann-gurzeler.ch\/cms\/wp-json\/wp\/v2\/types\/page"}],"author":[{"embeddable":true,"href":"https:\/\/kottmann-gurzeler.ch\/cms\/wp-json\/wp\/v2\/users\/1"}],"replies":[{"embeddable":true,"href":"https:\/\/kottmann-gurzeler.ch\/cms\/wp-json\/wp\/v2\/comments?post=526"}],"version-history":[{"count":19,"href":"https:\/\/kottmann-gurzeler.ch\/cms\/wp-json\/wp\/v2\/pages\/526\/revisions"}],"predecessor-version":[{"id":1352,"href":"https:\/\/kottmann-gurzeler.ch\/cms\/wp-json\/wp\/v2\/pages\/526\/revisions\/1352"}],"wp:attachment":[{"href":"https:\/\/kottmann-gurzeler.ch\/cms\/wp-json\/wp\/v2\/media?parent=526"}],"curies":[{"name":"wp","href":"https:\/\/api.w.org\/{rel}","templated":true}]}}