{"id":491,"date":"2020-07-24T15:38:19","date_gmt":"2020-07-24T15:38:19","guid":{"rendered":"https:\/\/kottmann-gurzeler.erdbeerblau.ch\/test\/?page_id=491"},"modified":"2024-11-21T15:29:52","modified_gmt":"2024-11-21T15:29:52","slug":"anfahrt","status":"publish","type":"page","link":"https:\/\/kottmann-gurzeler.ch\/cms\/anfahrt\/","title":{"rendered":"Anfahrt \/ Kontakt"},"content":{"rendered":"<div  data-label=\"About\" data-id=\"about--2\" data-export-id=\"about-10\" data-category=\"about\" class=\"about-10 content-section content-section-spacing\" id=\"about-2\" style=\"background-color: rgb(253, 254, 255); background-image: none;\"><div  class=\"gridContainer\"> <div  class=\"row middle-sm text-center\"><div  class=\"col-sm-5 space-bottom-xs content-column\" data-type=\"column\">  <h2  class=\"\">Firma&nbsp;<span  style=\"font-family: Playfair Display,sans-serif; font-weight: 700; font-style: italic;\" href=\"#\">kottmann+gurzeler ag<\/span>&nbsp;in 5525 Fischbach-G\u00f6slikon bei Bremgarten AG<\/h2> <p  class=\"\">In unserer permanenten Ausstellung in Fischbach-G\u00f6slikon zeigen wir Neuheiten und stellen auch bew\u00e4hrte Materialien vor. F\u00fcr einen Besuch der Ausstellung bitten wir Sie um eine telefonische Anmeldung, damit wir Ihnen eine Fachperson beratend zur Verf\u00fcgung stellen k\u00f6nnen.<br ><br >\r\n<span  style=\"font-weight: 700;\">Gerne beraten wir Sie ausf\u00fchrlich in unserem<\/span><br ><span  style=\"font-weight: 700;\">\r\nneugestalteten Showroom.<\/span><\/p> <a class=\"button color1\" href=\"https:\/\/kottmann-gurzeler.ch\/cms\/index.php\/anfahrt\/#kontakt\" target=\"_self\" data-cp-link=\"1\" data-icon=\"\" rel=\"noopener\">Kontaktieren Sie uns<\/a><\/div> <div  class=\"col-sm-7 flexbox middle-xs center-xs space-bottom-xs\"><div  class=\"overlay-box middle-xs center-xs flexbox\"> <div  class=\"overlay-box-offset offset-border shadow-medium border-color1 hide-xs\"><\/div> <img decoding=\"async\"  class=\"shadow-large\" data-size=\"485x705\" src=\"https:\/\/kottmann-gurzeler.ch\/cms\/wp-content\/uploads\/2020\/08\/cropped-cropped-kg-platten-team-2.jpg\" title=\"Plattenbel\u00e4ge\" alt=\"kottmann+gurzeler ag - Ihr Fachmann f\u00fcr Plattenarbeiten\"><\/div> <\/div><\/div> <\/div><\/div><div  data-label=\"Contact\" data-id=\"contact--4\" data-export-id=\"contact-6\" data-category=\"contact\" class=\"contact-5 content-section content-section-spacing\" id=\"kontak-1\" style=\"background-color: rgb(255, 255, 255);\"><div  class=\"gridContainer\"> <div  class=\"row text-center\"><div  class=\"section-title-col\" data-type=\"column\">  <\/div> <\/div> <div  class=\"row middle-sm\"> <div  class=\"col-xs-12 col-sm-6 image-holder space-bottom-xs\"> <div  data-content-shortcode=\"mesmerize_maps address=&quot;Schulstrasse 3, 5525 Fischbach-G\u00f6slikon&quot; zoom=&quot;65&quot;\" data-editable=\"true\" class=\"shadow-medium\"><iframe class=\"mesmerize-google-maps mesmerize-frame-map\" src=\"https:\/\/maps.google.com\/maps?q=Schulstrasse 3, 5525 Fischbach-G\u00f6slikon&amp;z=14&amp;t=m&amp;output=embed&amp;iwloc=near\"><\/iframe><\/div><\/div> <div  class=\"col-xs-12 col-sm-6\"><div  class=\"row middle-sm\"> <div  data-type=\"column\" class=\"col-xs-12 space-bottom-small\"><img decoding=\"async\"  class=\"custom-image\" src=\"https:\/\/kottmann-gurzeler.ch\/cms\/wp-content\/uploads\/2020\/12\/cropped-angaben_schrift_farben_logo-e1607023115442.png\" alt=\"\" title=\"cropped-angaben_schrift_farben_logo-e1607023115442.png\"><p  class=\"lead\"><span  style=\"font-weight: 900;\"><span  style=\"color: rgb(229, 61, 32);\">kottmann+gurzeler ag\r\n<\/span><br >B\u00fcro und Ausstellung<\/span><br >\r\nSchulstrasse 3<br >\r\n5525 Fischbach-G\u00f6slikon<br >\r\n056 622 05 55<\/p><\/div> <\/div> <div  class=\"row middle-sm\" data-type=\"row\"> <div  class=\"col-xs-12 space-bottom-small\"> <div  class=\"row\"> <div  data-type=\"column\" class=\"col-xs-12 col-sm-fit label-col\"><p  class=\"lead\"><span  style=\"font-weight: 900;\">Standort BL<\/span><br >Mittlere Gasse 46<br >4493 Wensingen<br >061 991 00 06<\/p> <\/div> <div  data-type=\"column\" class=\"col-xs-12 col-sm\"><p  class=\"lead\"><span  style=\"font-weight: 900;\">Standort SO<\/span><br >B\u00fchlstrasse 278&nbsp;<br >4468 Kienberg<br >079 418 93 11<\/p><\/div> <\/div><\/div>   <\/div> <\/div><\/div> <\/div><\/div><div data-label=\"Contact\" data-id=\"contact--6\" data-export-id=\"contact-1\" data-category=\"contact\" class=\"contact-1 content-section content-section-spacing white-text content-relative\" data-parallax-depth=\"20\" id=\"contact-1\"  style=\"background-color: rgb(255, 255, 255); background-image: url(&quot;https:\/\/kottmann-gurzeler.ch\/cms\/wp-content\/uploads\/2020\/07\/bodenplatten-wohnzimmer-1.jpg&quot;); background-size: cover; background-position: center top;\"><div class=\"gridContainer\" ><div data-section-title-area=\"true\" class=\"row text-center\" >   <div class=\"section-title-col\" data-type=\"column\" >       <h2 class=\"\" >Kontakt<\/h2>       <p class=\"lead\" >F\u00fcr einen Beratungstermin oder Besuch vom Showroom erreichen Sie uns mit dem untenstehenden Formular.<br >\r\n<sub >* Pflichtfelder<\/sub><\/p>   <\/div><\/div>  <div class=\"row text-center\" > <div class=\"col-xs-12 col-sm-8 col-sm-offset-2 contact-form-wrapper inline-info\" > <div class=\"card large-padding\" > <div class=\"\" data-content-shortcode=\"mesmerize_contact_form shortcode=&quot;contact-form-7 id=&amp;amp;quot;495&amp;amp;quot; title=&amp;amp;quot;Kontakt&amp;amp;quot;&quot;\" data-editable=\"true\" >\n<div class=\"wpcf7 no-js\" id=\"wpcf7-f495-o1\" lang=\"de-DE\" dir=\"ltr\">\n<div class=\"screen-reader-response\"><p role=\"status\" aria-live=\"polite\" aria-atomic=\"true\"><\/p> <ul><\/ul><\/div>\n<form action=\"\/cms\/wp-json\/wp\/v2\/pages\/491#wpcf7-f495-o1\" method=\"post\" class=\"wpcf7-form init\" aria-label=\"Kontaktformular\" novalidate=\"novalidate\" data-status=\"init\">\n<div style=\"display: none;\">\n<input type=\"hidden\" name=\"_wpcf7\" value=\"495\" \/>\n<input type=\"hidden\" name=\"_wpcf7_version\" value=\"5.8.3\" \/>\n<input type=\"hidden\" name=\"_wpcf7_locale\" value=\"de_DE\" \/>\n<input type=\"hidden\" name=\"_wpcf7_unit_tag\" value=\"wpcf7-f495-o1\" \/>\n<input type=\"hidden\" name=\"_wpcf7_container_post\" value=\"0\" \/>\n<input type=\"hidden\" name=\"_wpcf7_posted_data_hash\" value=\"\" \/>\n<\/div>\n<p><label> Name*<br \/>\n<span class=\"wpcf7-form-control-wrap\" data-name=\"your-name\"><input size=\"40\" class=\"wpcf7-form-control wpcf7-text wpcf7-validates-as-required\" aria-required=\"true\" aria-invalid=\"false\" value=\"\" type=\"text\" name=\"your-name\" \/><\/span> <\/label>\n<\/p>\n<p><label> E-Mail-Adresse*<br \/>\n<span class=\"wpcf7-form-control-wrap\" data-name=\"your-email\"><input size=\"40\" class=\"wpcf7-form-control wpcf7-email wpcf7-validates-as-required wpcf7-text wpcf7-validates-as-email\" aria-required=\"true\" aria-invalid=\"false\" value=\"\" type=\"email\" name=\"your-email\" \/><\/span> <\/label>\n<\/p>\n<p><b>Womit k\u00f6nnen wir Ihnen helfen? *<\/b><br \/>\n<span class=\"wpcf7-form-control-wrap\" data-name=\"radio-676\"><span class=\"wpcf7-form-control wpcf7-radio\"><span class=\"wpcf7-list-item first\"><label><input type=\"radio\" name=\"radio-676\" value=\"Beratung im Showroom\" checked=\"checked\" \/><span class=\"wpcf7-list-item-label\">Beratung im Showroom<\/span><\/label><\/span><span class=\"wpcf7-list-item\"><label><input type=\"radio\" name=\"radio-676\" value=\"Beratung vor Ort\" \/><span class=\"wpcf7-list-item-label\">Beratung vor Ort<\/span><\/label><\/span><span class=\"wpcf7-list-item last\"><label><input type=\"radio\" name=\"radio-676\" value=\"Produkteberatung\" \/><span class=\"wpcf7-list-item-label\">Produkteberatung<\/span><\/label><\/span><\/span><\/span>\n<\/p>\n<p><label> Betreff<br \/>\n<span class=\"wpcf7-form-control-wrap\" data-name=\"your-subject\"><input size=\"40\" class=\"wpcf7-form-control wpcf7-text\" aria-invalid=\"false\" value=\"\" type=\"text\" name=\"your-subject\" \/><\/span> <\/label>\n<\/p>\n<p><label> Nachricht<br \/>\n<span class=\"wpcf7-form-control-wrap\" data-name=\"your-message\"><textarea cols=\"40\" rows=\"10\" class=\"wpcf7-form-control wpcf7-textarea\" aria-invalid=\"false\" name=\"your-message\"><\/textarea><\/span> <\/label>\n<\/p>\n<p><input class=\"wpcf7-form-control wpcf7-submit has-spinner\" type=\"submit\" value=\"Senden\" \/>\n<\/p><div class=\"wpcf7-response-output\" aria-hidden=\"true\"><\/div>\n<\/form>\n<\/div>\n<\/div><\/div> <\/div><\/div> <\/div><\/div>","protected":false},"excerpt":{"rendered":"<p>Firma&nbsp;kottmann+gurzeler ag&nbsp;in 5525 Fischbach-G\u00f6slikon bei Bremgarten AG In unserer permanenten Ausstellung in Fischbach-G\u00f6slikon zeigen wir Neuheiten und stellen auch bew\u00e4hrte Materialien vor. F\u00fcr einen Besuch der Ausstellung bitten wir Sie um eine telefonische Anmeldung, damit wir Ihnen eine Fachperson beratend zur Verf\u00fcgung stellen k\u00f6nnen. Gerne beraten wir Sie ausf\u00fchrlich in unserem neugestalteten Showroom. Kontaktieren Sie&hellip; <br \/> <a class=\"read-more\" href=\"https:\/\/kottmann-gurzeler.ch\/cms\/anfahrt\/\">Read more<\/a><\/p>\n","protected":false},"author":1,"featured_media":0,"parent":0,"menu_order":0,"comment_status":"closed","ping_status":"closed","template":"pro\/page-templates\/full-width-page.php","meta":{"footnotes":""},"yoast_head":"<!-- This site is optimized with the Yoast SEO plugin v21.6 - https:\/\/yoast.com\/wordpress\/plugins\/seo\/ -->\n<title>Anfahrt \/ Kontakt | kottmann+gurzeler ag |<\/title>\n<meta name=\"description\" content=\"Anfahrt und Adresse \u203a\u203a kottmann + gurzeler ag in 5525 Fischbach-G\u00f6slikon bei Bremgarten AG, Wohlen AG, Mellingen, Stetten AGAnfahrt und Adresse \u203a\u203a kottmann + gurzeler ag in 5525 Fischbach-G\u00f6slikon im Aargau, Wohlen, Bremgarten, Freiamt und der Nordwestschweiz\" \/>\n<meta name=\"robots\" content=\"index, follow, max-snippet:-1, max-image-preview:large, max-video-preview:-1\" \/>\n<link rel=\"canonical\" href=\"https:\/\/kottmann-gurzeler.ch\/cms\/anfahrt\/\" \/>\n<meta property=\"og:locale\" content=\"de_DE\" \/>\n<meta property=\"og:type\" content=\"article\" \/>\n<meta property=\"og:title\" content=\"Anfahrt \/ Kontakt | kottmann+gurzeler ag |\" \/>\n<meta property=\"og:description\" content=\"Anfahrt und Adresse \u203a\u203a kottmann + gurzeler ag in 5525 Fischbach-G\u00f6slikon bei Bremgarten AG, Wohlen AG, Mellingen, Stetten AGAnfahrt und Adresse \u203a\u203a kottmann + gurzeler ag in 5525 Fischbach-G\u00f6slikon im Aargau, Wohlen, Bremgarten, Freiamt und der Nordwestschweiz\" \/>\n<meta property=\"og:url\" content=\"https:\/\/kottmann-gurzeler.ch\/cms\/anfahrt\/\" \/>\n<meta property=\"og:site_name\" content=\"kottmann+gurzeler ag |\" \/>\n<meta property=\"article:modified_time\" content=\"2024-11-21T15:29:52+00:00\" \/>\n<meta property=\"og:image\" content=\"https:\/\/kottmann-gurzeler.ch\/cms\/wp-content\/uploads\/2020\/08\/cropped-cropped-kg-platten-team-2.jpg\" \/>\n<meta name=\"twitter:card\" content=\"summary_large_image\" \/>\n<meta name=\"twitter:label1\" content=\"Gesch\u00e4tzte Lesezeit\" \/>\n\t<meta name=\"twitter:data1\" content=\"2\u00a0Minuten\" \/>\n<script type=\"application\/ld+json\" class=\"yoast-schema-graph\">{\"@context\":\"https:\/\/schema.org\",\"@graph\":[{\"@type\":\"WebPage\",\"@id\":\"https:\/\/kottmann-gurzeler.ch\/cms\/anfahrt\/\",\"url\":\"https:\/\/kottmann-gurzeler.ch\/cms\/anfahrt\/\",\"name\":\"Anfahrt \/ Kontakt | kottmann+gurzeler ag |\",\"isPartOf\":{\"@id\":\"https:\/\/kottmann-gurzeler.ch\/cms\/#website\"},\"datePublished\":\"2020-07-24T15:38:19+00:00\",\"dateModified\":\"2024-11-21T15:29:52+00:00\",\"description\":\"Anfahrt und Adresse \u203a\u203a kottmann + gurzeler ag in 5525 Fischbach-G\u00f6slikon bei Bremgarten AG, Wohlen AG, Mellingen, Stetten AGAnfahrt und Adresse \u203a\u203a kottmann + gurzeler ag in 5525 Fischbach-G\u00f6slikon im Aargau, Wohlen, Bremgarten, Freiamt und der Nordwestschweiz\",\"breadcrumb\":{\"@id\":\"https:\/\/kottmann-gurzeler.ch\/cms\/anfahrt\/#breadcrumb\"},\"inLanguage\":\"de\",\"potentialAction\":[{\"@type\":\"ReadAction\",\"target\":[\"https:\/\/kottmann-gurzeler.ch\/cms\/anfahrt\/\"]}]},{\"@type\":\"BreadcrumbList\",\"@id\":\"https:\/\/kottmann-gurzeler.ch\/cms\/anfahrt\/#breadcrumb\",\"itemListElement\":[{\"@type\":\"ListItem\",\"position\":1,\"name\":\"Plattenbel\u00e4ge\",\"item\":\"https:\/\/kottmann-gurzeler.ch\/cms\/\"},{\"@type\":\"ListItem\",\"position\":2,\"name\":\"Anfahrt \/ Kontakt\"}]},{\"@type\":\"WebSite\",\"@id\":\"https:\/\/kottmann-gurzeler.ch\/cms\/#website\",\"url\":\"https:\/\/kottmann-gurzeler.ch\/cms\/\",\"name\":\"kottmann+gurzeler ag |\",\"description\":\"| Aargau, Wohlen, Bremgarten, Freiamt, Nordwestschweiz\",\"publisher\":{\"@id\":\"https:\/\/kottmann-gurzeler.ch\/cms\/#organization\"},\"potentialAction\":[{\"@type\":\"SearchAction\",\"target\":{\"@type\":\"EntryPoint\",\"urlTemplate\":\"https:\/\/kottmann-gurzeler.ch\/cms\/?s={search_term_string}\"},\"query-input\":\"required name=search_term_string\"}],\"inLanguage\":\"de\"},{\"@type\":\"Organization\",\"@id\":\"https:\/\/kottmann-gurzeler.ch\/cms\/#organization\",\"name\":\"kottmann+gurzeler ag\",\"url\":\"https:\/\/kottmann-gurzeler.ch\/cms\/\",\"logo\":{\"@type\":\"ImageObject\",\"inLanguage\":\"de\",\"@id\":\"https:\/\/kottmann-gurzeler.ch\/cms\/#\/schema\/logo\/image\/\",\"url\":\"https:\/\/kottmann-gurzeler.ch\/cms\/wp-content\/uploads\/2020\/12\/angaben_schrift_farben_logo-e1607023115442.png\",\"contentUrl\":\"https:\/\/kottmann-gurzeler.ch\/cms\/wp-content\/uploads\/2020\/12\/angaben_schrift_farben_logo-e1607023115442.png\",\"width\":1941,\"height\":325,\"caption\":\"kottmann+gurzeler ag\"},\"image\":{\"@id\":\"https:\/\/kottmann-gurzeler.ch\/cms\/#\/schema\/logo\/image\/\"}}]}<\/script>\n<!-- \/ Yoast SEO plugin. -->","yoast_head_json":{"title":"Anfahrt \/ Kontakt | kottmann+gurzeler ag |","description":"Anfahrt und Adresse \u203a\u203a kottmann + gurzeler ag in 5525 Fischbach-G\u00f6slikon bei Bremgarten AG, Wohlen AG, Mellingen, Stetten AGAnfahrt und Adresse \u203a\u203a kottmann + gurzeler ag in 5525 Fischbach-G\u00f6slikon im Aargau, Wohlen, Bremgarten, Freiamt und der Nordwestschweiz","robots":{"index":"index","follow":"follow","max-snippet":"max-snippet:-1","max-image-preview":"max-image-preview:large","max-video-preview":"max-video-preview:-1"},"canonical":"https:\/\/kottmann-gurzeler.ch\/cms\/anfahrt\/","og_locale":"de_DE","og_type":"article","og_title":"Anfahrt \/ Kontakt | kottmann+gurzeler ag |","og_description":"Anfahrt und Adresse \u203a\u203a kottmann + gurzeler ag in 5525 Fischbach-G\u00f6slikon bei Bremgarten AG, Wohlen AG, Mellingen, Stetten AGAnfahrt und Adresse \u203a\u203a kottmann + gurzeler ag in 5525 Fischbach-G\u00f6slikon im Aargau, Wohlen, Bremgarten, Freiamt und der Nordwestschweiz","og_url":"https:\/\/kottmann-gurzeler.ch\/cms\/anfahrt\/","og_site_name":"kottmann+gurzeler ag |","article_modified_time":"2024-11-21T15:29:52+00:00","og_image":[{"url":"https:\/\/kottmann-gurzeler.ch\/cms\/wp-content\/uploads\/2020\/08\/cropped-cropped-kg-platten-team-2.jpg"}],"twitter_card":"summary_large_image","twitter_misc":{"Gesch\u00e4tzte Lesezeit":"2\u00a0Minuten"},"schema":{"@context":"https:\/\/schema.org","@graph":[{"@type":"WebPage","@id":"https:\/\/kottmann-gurzeler.ch\/cms\/anfahrt\/","url":"https:\/\/kottmann-gurzeler.ch\/cms\/anfahrt\/","name":"Anfahrt \/ Kontakt | kottmann+gurzeler ag |","isPartOf":{"@id":"https:\/\/kottmann-gurzeler.ch\/cms\/#website"},"datePublished":"2020-07-24T15:38:19+00:00","dateModified":"2024-11-21T15:29:52+00:00","description":"Anfahrt und Adresse \u203a\u203a kottmann + gurzeler ag in 5525 Fischbach-G\u00f6slikon bei Bremgarten AG, Wohlen AG, Mellingen, Stetten AGAnfahrt und Adresse \u203a\u203a kottmann + gurzeler ag in 5525 Fischbach-G\u00f6slikon im Aargau, Wohlen, Bremgarten, Freiamt und der Nordwestschweiz","breadcrumb":{"@id":"https:\/\/kottmann-gurzeler.ch\/cms\/anfahrt\/#breadcrumb"},"inLanguage":"de","potentialAction":[{"@type":"ReadAction","target":["https:\/\/kottmann-gurzeler.ch\/cms\/anfahrt\/"]}]},{"@type":"BreadcrumbList","@id":"https:\/\/kottmann-gurzeler.ch\/cms\/anfahrt\/#breadcrumb","itemListElement":[{"@type":"ListItem","position":1,"name":"Plattenbel\u00e4ge","item":"https:\/\/kottmann-gurzeler.ch\/cms\/"},{"@type":"ListItem","position":2,"name":"Anfahrt \/ Kontakt"}]},{"@type":"WebSite","@id":"https:\/\/kottmann-gurzeler.ch\/cms\/#website","url":"https:\/\/kottmann-gurzeler.ch\/cms\/","name":"kottmann+gurzeler ag |","description":"| Aargau, Wohlen, Bremgarten, Freiamt, Nordwestschweiz","publisher":{"@id":"https:\/\/kottmann-gurzeler.ch\/cms\/#organization"},"potentialAction":[{"@type":"SearchAction","target":{"@type":"EntryPoint","urlTemplate":"https:\/\/kottmann-gurzeler.ch\/cms\/?s={search_term_string}"},"query-input":"required name=search_term_string"}],"inLanguage":"de"},{"@type":"Organization","@id":"https:\/\/kottmann-gurzeler.ch\/cms\/#organization","name":"kottmann+gurzeler ag","url":"https:\/\/kottmann-gurzeler.ch\/cms\/","logo":{"@type":"ImageObject","inLanguage":"de","@id":"https:\/\/kottmann-gurzeler.ch\/cms\/#\/schema\/logo\/image\/","url":"https:\/\/kottmann-gurzeler.ch\/cms\/wp-content\/uploads\/2020\/12\/angaben_schrift_farben_logo-e1607023115442.png","contentUrl":"https:\/\/kottmann-gurzeler.ch\/cms\/wp-content\/uploads\/2020\/12\/angaben_schrift_farben_logo-e1607023115442.png","width":1941,"height":325,"caption":"kottmann+gurzeler ag"},"image":{"@id":"https:\/\/kottmann-gurzeler.ch\/cms\/#\/schema\/logo\/image\/"}}]}},"_links":{"self":[{"href":"https:\/\/kottmann-gurzeler.ch\/cms\/wp-json\/wp\/v2\/pages\/491"}],"collection":[{"href":"https:\/\/kottmann-gurzeler.ch\/cms\/wp-json\/wp\/v2\/pages"}],"about":[{"href":"https:\/\/kottmann-gurzeler.ch\/cms\/wp-json\/wp\/v2\/types\/page"}],"author":[{"embeddable":true,"href":"https:\/\/kottmann-gurzeler.ch\/cms\/wp-json\/wp\/v2\/users\/1"}],"replies":[{"embeddable":true,"href":"https:\/\/kottmann-gurzeler.ch\/cms\/wp-json\/wp\/v2\/comments?post=491"}],"version-history":[{"count":41,"href":"https:\/\/kottmann-gurzeler.ch\/cms\/wp-json\/wp\/v2\/pages\/491\/revisions"}],"predecessor-version":[{"id":1383,"href":"https:\/\/kottmann-gurzeler.ch\/cms\/wp-json\/wp\/v2\/pages\/491\/revisions\/1383"}],"wp:attachment":[{"href":"https:\/\/kottmann-gurzeler.ch\/cms\/wp-json\/wp\/v2\/media?parent=491"}],"curies":[{"name":"wp","href":"https:\/\/api.w.org\/{rel}","templated":true}]}}