{"id":443,"date":"2020-07-23T14:33:10","date_gmt":"2020-07-23T14:33:10","guid":{"rendered":"https:\/\/kottmann-gurzeler.erdbeerblau.ch\/test\/?page_id=443"},"modified":"2025-02-24T18:44:59","modified_gmt":"2025-02-24T18:44:59","slug":"kottmann-gurzeler-ag-natursteinbelaege-i-keramikbelaege-aargau-wohlen-bremgarten-freiamt-nordwestschweiz","status":"publish","type":"page","link":"https:\/\/kottmann-gurzeler.ch\/cms\/kottmann-gurzeler-ag-natursteinbelaege-i-keramikbelaege-aargau-wohlen-bremgarten-freiamt-nordwestschweiz\/","title":{"rendered":"Angebot"},"content":{"rendered":"<div  data-label=\"About\" data-id=\"about--1\" data-export-id=\"about-10\" data-category=\"about\" class=\"about-10 content-section content-section-spacing content-relative\" id=\"about-1\" style=\"background-color: rgb(253, 254, 255); background-image: none;\"><div  class=\"gridContainer\"> <div  class=\"row middle-sm text-center\"><div  class=\"col-sm-5 space-bottom-xs content-column\" data-type=\"column\">  <h2  class=\"\">Seit 1967 kompetent in<br > <span  style=\"font-family: Playfair Display,sans-serif; font-weight: 700; font-style: italic;\" href=\"#\">Plattenbel\u00e4ge<\/span> f\u00fcr den Innen- und Aussenbereich<\/h2> <p  class=\"\">Unsere Plattenleger sind erfahren in Plattenarbeiten im Innen- und Aussenbereich. Wir k\u00f6nnen Sie kompetent beraten, wenn es um die richtige Wahl von Materialien und Verlegearten geht.<br ><br >Wir sind bestens vertraut in der Arbeit mit Keramik, Naturstein + Mosaik.<\/p> <h4  class=\"\">Ob Umbau oder Renovation, eine fachm\u00e4nnische Ausf\u00fchrung liegt uns am Herzen. Umbauten und Reparaturen fachm\u00e4nnisch aus, denn auch mit \u00e4lteren Materialien kennen wir uns bestens aus.\r\n<br ><br >Denn auch mit \u00e4lteren Materialien kennen wir uns bestens aus.<\/h4><\/div> <div  class=\"col-sm-7 flexbox middle-xs center-xs space-bottom-xs\"><div  class=\"overlay-box middle-xs center-xs flexbox\"> <div  class=\"overlay-box-offset offset-border shadow-medium border-color1 hide-xs\"><\/div> <img decoding=\"async\"  class=\"shadow-large\" data-size=\"485x705\" src=\"https:\/\/kottmann-gurzeler.ch\/cms\/wp-content\/uploads\/2020\/07\/cropped-kueche-1-1.jpg\" alt=\"\" title=\"cropped-kueche-1-1.jpg\"><\/div> <\/div><\/div> <\/div><\/div><div  data-label=\"Testimonials\" data-id=\"testimonials--1\" data-export-id=\"testimonials-1\" data-category=\"testimonials\" class=\"testimonials-1 content-section content-section-spacing\" id=\"testimonials-1\" style=\"background-color: rgb(255, 255, 255);\"><div  class=\"gridContainer\"> <div  class=\"row\"><div  data-type=\"column\" class=\"section-title-col\"> <h2  class=\"\">.Neubauten .Umbauten .Renovationen .Sanierungen .Reparaturen<\/h2> <p  class=\"lead\">Wir f\u00fchren alle Arbeiten im Bereich Plattenbel\u00e4ge aus; dazu geh\u00f6ren s\u00e4mtliche Wand- und Bodenbel\u00e4ge in Keramik, Mosaik, Naturstein- und Feinsteinzeug.<\/p><\/div> <\/div> <div  class=\"row spaced-cols content-center-sm\" data-type=\"row\"> <div  class=\"col-sm-4\"> <i  class=\"fa fa-quote-right icon color1 small quotation-icon\"><\/i> <p  class=\"\">Wohnbereich, Eingangshallen, Entree, K\u00fcchen, Schlafzimmer, Treppen, B\u00e4der, Duschen, Wellnesszonen, Keller<\/p> <img decoding=\"async\"  src=\"https:\/\/kottmann-gurzeler.ch\/cms\/wp-content\/uploads\/2020\/07\/cropped-WP_20140610_09_13_52_Pro-2.jpg\" class=\"round icon\" alt=\"\" title=\"cropped-WP_20140610_09_13_52_Pro-2.jpg\"> <h5  class=\"\">Plattenarbeiten im Wohnbereich<\/h5> <\/div> <div  class=\"col-sm-4\"><i  class=\"fa fa-quote-right icon color1 small quotation-icon\"><\/i> <p  class=\"\" style=\"text-align: center;\">Sitzpl\u00e4tze, Balkone, Terrassen, Gehwege, Vorpl\u00e4tze, Einfahrten\r\n<\/p> <img decoding=\"async\"  src=\"https:\/\/kottmann-gurzeler.ch\/cms\/wp-content\/uploads\/2020\/08\/cropped-DSCN0302.jpg\" class=\"round icon\" alt=\"\" title=\"cropped-DSCN0302.jpg\"> <h5  class=\"\">Plattenarbeiten im Aussenbereich<\/h5> <\/div> <div  class=\"col-sm-4\"><i  class=\"fa fa-quote-right icon color1 small quotation-icon\"><\/i> <p  class=\"\" style=\"text-align: center;\">Der optimale Schutz f\u00fcr Ihre Plattenbel\u00e4ge \r\n<\/p> <a data-cp-link=\"1\" href=\"https:\/\/kottmann-gurzeler.ch\/cms\/index.php\/reinigungsmittel\" class=\"\" target=\"_self\" rel=\"noopener noreferrer\"><img decoding=\"async\"  src=\"https:\/\/kottmann-gurzeler.ch\/cms\/wp-content\/uploads\/2020\/08\/cropped-tipp-1.jpg\" class=\"round icon\" alt=\"\" title=\"cropped-tipp-1.jpg\"><\/a> <h5  class=\"\">Reinigungs- und Pflegemittel<\/h5> <\/div> <\/div><\/div> <\/div><div  data-label=\"Cta\" data-id=\"cta--1\" data-export-id=\"cta-centered-section-grid\" data-category=\"cta\" class=\"cta-centered-section-grid content-section content-section-spacing-medium bg-color1 white-text\" id=\"cta-1\" style=\"background-image: url(&quot;https:\/\/kottmann-gurzeler.ch\/cms\/wp-content\/uploads\/2020\/07\/bodenplatten-wohnzimmer-1.jpg&quot;); background-color: rgb(255, 152, 0); background-size: cover; background-position: center top;\"><div  class=\"gridContainer\"> <div  class=\"row text-center\"><div  class=\"col-xs-12 col-sm-10 col-sm-offset-1 col-md-8 col-md-offset-2\" data-type=\"column\"> <h2  class=\"\">Ausstellung Bodenplatten &amp; Wandbel\u00e4ge<\/h2> <p  class=\"\">Lassen Sie sich umfassend beraten und vereinbaren einen Termin in unserer Ausstellung<\/p> <a class=\"button color2\" href=\"https:\/\/kottmann-gurzeler.ch\/cms\/index.php\/anfahrt\/#kontakt\" target=\"_self\" data-cp-link=\"1\" data-icon=\"\" rel=\"noopener noreferrer\">Termin vereinbaren<\/a><p  class=\"lead\"><\/p><\/div> <\/div><\/div> <\/div>","protected":false},"excerpt":{"rendered":"<p>Seit 1967 kompetent in Plattenbel\u00e4ge f\u00fcr den Innen- und Aussenbereich Unsere Plattenleger sind erfahren in Plattenarbeiten im Innen- und Aussenbereich. Wir k\u00f6nnen Sie kompetent beraten, wenn es um die richtige Wahl von Materialien und Verlegearten geht.Wir sind bestens vertraut in der Arbeit mit Keramik, Naturstein + Mosaik. Ob Umbau oder Renovation, eine fachm\u00e4nnische Ausf\u00fchrung liegt&hellip; <br \/> <a class=\"read-more\" href=\"https:\/\/kottmann-gurzeler.ch\/cms\/kottmann-gurzeler-ag-natursteinbelaege-i-keramikbelaege-aargau-wohlen-bremgarten-freiamt-nordwestschweiz\/\">Read more<\/a><\/p>\n","protected":false},"author":1,"featured_media":0,"parent":0,"menu_order":0,"comment_status":"closed","ping_status":"closed","template":"pro\/page-templates\/full-width-page.php","meta":{"footnotes":""},"yoast_head":"<!-- This site is optimized with the Yoast SEO plugin v21.6 - https:\/\/yoast.com\/wordpress\/plugins\/seo\/ -->\n<title>Angebot | kottmann+gurzeler ag |<\/title>\n<meta name=\"description\" content=\"Ihr Partner f\u00fcr Natursteinbel\u00e4ge und Keramikbel\u00e4ge im Aargau, Wohlen, Bremgarten, Freiamt und der Nordwestschweiz\" \/>\n<meta name=\"robots\" content=\"index, follow, max-snippet:-1, max-image-preview:large, max-video-preview:-1\" \/>\n<link rel=\"canonical\" href=\"https:\/\/kottmann-gurzeler.ch\/cms\/kottmann-gurzeler-ag-natursteinbelaege-i-keramikbelaege-aargau-wohlen-bremgarten-freiamt-nordwestschweiz\/\" \/>\n<meta property=\"og:locale\" content=\"de_DE\" \/>\n<meta property=\"og:type\" content=\"article\" \/>\n<meta property=\"og:title\" content=\"Angebot | kottmann+gurzeler ag |\" \/>\n<meta property=\"og:description\" content=\"Ihr Partner f\u00fcr Natursteinbel\u00e4ge und Keramikbel\u00e4ge im Aargau, Wohlen, Bremgarten, Freiamt und der Nordwestschweiz\" \/>\n<meta property=\"og:url\" content=\"https:\/\/kottmann-gurzeler.ch\/cms\/kottmann-gurzeler-ag-natursteinbelaege-i-keramikbelaege-aargau-wohlen-bremgarten-freiamt-nordwestschweiz\/\" \/>\n<meta property=\"og:site_name\" content=\"kottmann+gurzeler ag |\" \/>\n<meta property=\"article:modified_time\" content=\"2025-02-24T18:44:59+00:00\" \/>\n<meta property=\"og:image\" content=\"https:\/\/kottmann-gurzeler.ch\/cms\/wp-content\/uploads\/2020\/07\/cropped-kueche-1-1.jpg\" \/>\n<meta name=\"twitter:card\" content=\"summary_large_image\" \/>\n<meta name=\"twitter:label1\" content=\"Gesch\u00e4tzte Lesezeit\" \/>\n\t<meta name=\"twitter:data1\" content=\"2\u00a0Minuten\" \/>\n<script type=\"application\/ld+json\" class=\"yoast-schema-graph\">{\"@context\":\"https:\/\/schema.org\",\"@graph\":[{\"@type\":\"WebPage\",\"@id\":\"https:\/\/kottmann-gurzeler.ch\/cms\/kottmann-gurzeler-ag-natursteinbelaege-i-keramikbelaege-aargau-wohlen-bremgarten-freiamt-nordwestschweiz\/\",\"url\":\"https:\/\/kottmann-gurzeler.ch\/cms\/kottmann-gurzeler-ag-natursteinbelaege-i-keramikbelaege-aargau-wohlen-bremgarten-freiamt-nordwestschweiz\/\",\"name\":\"Angebot | kottmann+gurzeler ag |\",\"isPartOf\":{\"@id\":\"https:\/\/kottmann-gurzeler.ch\/cms\/#website\"},\"datePublished\":\"2020-07-23T14:33:10+00:00\",\"dateModified\":\"2025-02-24T18:44:59+00:00\",\"description\":\"Ihr Partner f\u00fcr Natursteinbel\u00e4ge und Keramikbel\u00e4ge im Aargau, Wohlen, Bremgarten, Freiamt und der Nordwestschweiz\",\"breadcrumb\":{\"@id\":\"https:\/\/kottmann-gurzeler.ch\/cms\/kottmann-gurzeler-ag-natursteinbelaege-i-keramikbelaege-aargau-wohlen-bremgarten-freiamt-nordwestschweiz\/#breadcrumb\"},\"inLanguage\":\"de\",\"potentialAction\":[{\"@type\":\"ReadAction\",\"target\":[\"https:\/\/kottmann-gurzeler.ch\/cms\/kottmann-gurzeler-ag-natursteinbelaege-i-keramikbelaege-aargau-wohlen-bremgarten-freiamt-nordwestschweiz\/\"]}]},{\"@type\":\"BreadcrumbList\",\"@id\":\"https:\/\/kottmann-gurzeler.ch\/cms\/kottmann-gurzeler-ag-natursteinbelaege-i-keramikbelaege-aargau-wohlen-bremgarten-freiamt-nordwestschweiz\/#breadcrumb\",\"itemListElement\":[{\"@type\":\"ListItem\",\"position\":1,\"name\":\"Plattenbel\u00e4ge\",\"item\":\"https:\/\/kottmann-gurzeler.ch\/cms\/\"},{\"@type\":\"ListItem\",\"position\":2,\"name\":\"Angebot\"}]},{\"@type\":\"WebSite\",\"@id\":\"https:\/\/kottmann-gurzeler.ch\/cms\/#website\",\"url\":\"https:\/\/kottmann-gurzeler.ch\/cms\/\",\"name\":\"kottmann+gurzeler ag |\",\"description\":\"| Aargau, Wohlen, Bremgarten, Freiamt, Nordwestschweiz\",\"publisher\":{\"@id\":\"https:\/\/kottmann-gurzeler.ch\/cms\/#organization\"},\"potentialAction\":[{\"@type\":\"SearchAction\",\"target\":{\"@type\":\"EntryPoint\",\"urlTemplate\":\"https:\/\/kottmann-gurzeler.ch\/cms\/?s={search_term_string}\"},\"query-input\":\"required name=search_term_string\"}],\"inLanguage\":\"de\"},{\"@type\":\"Organization\",\"@id\":\"https:\/\/kottmann-gurzeler.ch\/cms\/#organization\",\"name\":\"kottmann+gurzeler ag\",\"url\":\"https:\/\/kottmann-gurzeler.ch\/cms\/\",\"logo\":{\"@type\":\"ImageObject\",\"inLanguage\":\"de\",\"@id\":\"https:\/\/kottmann-gurzeler.ch\/cms\/#\/schema\/logo\/image\/\",\"url\":\"https:\/\/kottmann-gurzeler.ch\/cms\/wp-content\/uploads\/2020\/12\/angaben_schrift_farben_logo-e1607023115442.png\",\"contentUrl\":\"https:\/\/kottmann-gurzeler.ch\/cms\/wp-content\/uploads\/2020\/12\/angaben_schrift_farben_logo-e1607023115442.png\",\"width\":1941,\"height\":325,\"caption\":\"kottmann+gurzeler ag\"},\"image\":{\"@id\":\"https:\/\/kottmann-gurzeler.ch\/cms\/#\/schema\/logo\/image\/\"}}]}<\/script>\n<!-- \/ Yoast SEO plugin. -->","yoast_head_json":{"title":"Angebot | kottmann+gurzeler ag |","description":"Ihr Partner f\u00fcr Natursteinbel\u00e4ge und Keramikbel\u00e4ge im Aargau, Wohlen, Bremgarten, Freiamt und der Nordwestschweiz","robots":{"index":"index","follow":"follow","max-snippet":"max-snippet:-1","max-image-preview":"max-image-preview:large","max-video-preview":"max-video-preview:-1"},"canonical":"https:\/\/kottmann-gurzeler.ch\/cms\/kottmann-gurzeler-ag-natursteinbelaege-i-keramikbelaege-aargau-wohlen-bremgarten-freiamt-nordwestschweiz\/","og_locale":"de_DE","og_type":"article","og_title":"Angebot | kottmann+gurzeler ag |","og_description":"Ihr Partner f\u00fcr Natursteinbel\u00e4ge und Keramikbel\u00e4ge im Aargau, Wohlen, Bremgarten, Freiamt und der Nordwestschweiz","og_url":"https:\/\/kottmann-gurzeler.ch\/cms\/kottmann-gurzeler-ag-natursteinbelaege-i-keramikbelaege-aargau-wohlen-bremgarten-freiamt-nordwestschweiz\/","og_site_name":"kottmann+gurzeler ag |","article_modified_time":"2025-02-24T18:44:59+00:00","og_image":[{"url":"https:\/\/kottmann-gurzeler.ch\/cms\/wp-content\/uploads\/2020\/07\/cropped-kueche-1-1.jpg"}],"twitter_card":"summary_large_image","twitter_misc":{"Gesch\u00e4tzte Lesezeit":"2\u00a0Minuten"},"schema":{"@context":"https:\/\/schema.org","@graph":[{"@type":"WebPage","@id":"https:\/\/kottmann-gurzeler.ch\/cms\/kottmann-gurzeler-ag-natursteinbelaege-i-keramikbelaege-aargau-wohlen-bremgarten-freiamt-nordwestschweiz\/","url":"https:\/\/kottmann-gurzeler.ch\/cms\/kottmann-gurzeler-ag-natursteinbelaege-i-keramikbelaege-aargau-wohlen-bremgarten-freiamt-nordwestschweiz\/","name":"Angebot | kottmann+gurzeler ag |","isPartOf":{"@id":"https:\/\/kottmann-gurzeler.ch\/cms\/#website"},"datePublished":"2020-07-23T14:33:10+00:00","dateModified":"2025-02-24T18:44:59+00:00","description":"Ihr Partner f\u00fcr Natursteinbel\u00e4ge und Keramikbel\u00e4ge im Aargau, Wohlen, Bremgarten, Freiamt und der Nordwestschweiz","breadcrumb":{"@id":"https:\/\/kottmann-gurzeler.ch\/cms\/kottmann-gurzeler-ag-natursteinbelaege-i-keramikbelaege-aargau-wohlen-bremgarten-freiamt-nordwestschweiz\/#breadcrumb"},"inLanguage":"de","potentialAction":[{"@type":"ReadAction","target":["https:\/\/kottmann-gurzeler.ch\/cms\/kottmann-gurzeler-ag-natursteinbelaege-i-keramikbelaege-aargau-wohlen-bremgarten-freiamt-nordwestschweiz\/"]}]},{"@type":"BreadcrumbList","@id":"https:\/\/kottmann-gurzeler.ch\/cms\/kottmann-gurzeler-ag-natursteinbelaege-i-keramikbelaege-aargau-wohlen-bremgarten-freiamt-nordwestschweiz\/#breadcrumb","itemListElement":[{"@type":"ListItem","position":1,"name":"Plattenbel\u00e4ge","item":"https:\/\/kottmann-gurzeler.ch\/cms\/"},{"@type":"ListItem","position":2,"name":"Angebot"}]},{"@type":"WebSite","@id":"https:\/\/kottmann-gurzeler.ch\/cms\/#website","url":"https:\/\/kottmann-gurzeler.ch\/cms\/","name":"kottmann+gurzeler ag |","description":"| Aargau, Wohlen, Bremgarten, Freiamt, Nordwestschweiz","publisher":{"@id":"https:\/\/kottmann-gurzeler.ch\/cms\/#organization"},"potentialAction":[{"@type":"SearchAction","target":{"@type":"EntryPoint","urlTemplate":"https:\/\/kottmann-gurzeler.ch\/cms\/?s={search_term_string}"},"query-input":"required name=search_term_string"}],"inLanguage":"de"},{"@type":"Organization","@id":"https:\/\/kottmann-gurzeler.ch\/cms\/#organization","name":"kottmann+gurzeler ag","url":"https:\/\/kottmann-gurzeler.ch\/cms\/","logo":{"@type":"ImageObject","inLanguage":"de","@id":"https:\/\/kottmann-gurzeler.ch\/cms\/#\/schema\/logo\/image\/","url":"https:\/\/kottmann-gurzeler.ch\/cms\/wp-content\/uploads\/2020\/12\/angaben_schrift_farben_logo-e1607023115442.png","contentUrl":"https:\/\/kottmann-gurzeler.ch\/cms\/wp-content\/uploads\/2020\/12\/angaben_schrift_farben_logo-e1607023115442.png","width":1941,"height":325,"caption":"kottmann+gurzeler ag"},"image":{"@id":"https:\/\/kottmann-gurzeler.ch\/cms\/#\/schema\/logo\/image\/"}}]}},"_links":{"self":[{"href":"https:\/\/kottmann-gurzeler.ch\/cms\/wp-json\/wp\/v2\/pages\/443"}],"collection":[{"href":"https:\/\/kottmann-gurzeler.ch\/cms\/wp-json\/wp\/v2\/pages"}],"about":[{"href":"https:\/\/kottmann-gurzeler.ch\/cms\/wp-json\/wp\/v2\/types\/page"}],"author":[{"embeddable":true,"href":"https:\/\/kottmann-gurzeler.ch\/cms\/wp-json\/wp\/v2\/users\/1"}],"replies":[{"embeddable":true,"href":"https:\/\/kottmann-gurzeler.ch\/cms\/wp-json\/wp\/v2\/comments?post=443"}],"version-history":[{"count":27,"href":"https:\/\/kottmann-gurzeler.ch\/cms\/wp-json\/wp\/v2\/pages\/443\/revisions"}],"predecessor-version":[{"id":1499,"href":"https:\/\/kottmann-gurzeler.ch\/cms\/wp-json\/wp\/v2\/pages\/443\/revisions\/1499"}],"wp:attachment":[{"href":"https:\/\/kottmann-gurzeler.ch\/cms\/wp-json\/wp\/v2\/media?parent=443"}],"curies":[{"name":"wp","href":"https:\/\/api.w.org\/{rel}","templated":true}]}}