{"id":1450,"date":"2022-05-31T18:53:34","date_gmt":"2022-05-31T18:53:34","guid":{"rendered":"https:\/\/kottmann-gurzeler.ch\/cms\/?page_id=1450"},"modified":"2022-05-31T21:09:03","modified_gmt":"2022-05-31T21:09:03","slug":"platinium-betrieb","status":"publish","type":"page","link":"https:\/\/kottmann-gurzeler.ch\/cms\/platinium-betrieb\/","title":{"rendered":"Wir sind ein PLATINIUM Betrieb!"},"content":{"rendered":"<div  data-label=\"About\" data-id=\"about--1\" data-export-id=\"about-10\" data-category=\"about\" class=\"about-10 content-section content-section-spacing\" id=\"about-1\" style=\"background-color: rgb(245, 250, 253);\"><div  class=\"gridContainer\"> <div  class=\"row middle-sm text-center\"><div  class=\"col-sm-5 space-bottom-xs content-column\" data-type=\"column\">  <h2  class=\"\">PLATINIUM steht f\u00fcr Qualit\u00e4t, Wettbewerbsf\u00e4higkeit und<br ><span  style=\"font-family: Playfair Display,sans-serif; font-weight: 700; font-style: italic;\" href=\"#\">Berufsstolz<\/span><\/h2>  <\/div> <div  class=\"col-sm-7 flexbox middle-xs center-xs space-bottom-xs\"><div  class=\"overlay-box middle-xs center-xs flexbox\"> <div  class=\"overlay-box-offset offset-border shadow-medium border-color1 hide-xs\"><\/div> <img decoding=\"async\"  class=\"shadow-large\" data-size=\"485x705\" src=\"https:\/\/kottmann-gurzeler.ch\/cms\/wp-content\/uploads\/2022\/05\/cropped-platinium-Plattenbelag-kott.jpg\" alt=\"\" title=\"cropped-platinium-Plattenbelag-kott.jpg\"><\/div> <\/div><\/div> <\/div><\/div><div  data-label=\"Overlappable\" data-id=\"overlappable--1\" data-export-id=\"overlappable-3\" data-category=\"overlappable\" class=\"overlappable-3 content-section content-section-spacing\" data-overlap=\"true\" id=\"overlappable-1\" style=\"background-color: rgb(255, 255, 255);\"><div  class=\"gridContainer\"> <div  class=\"row bg-color-white shadow-medium\"><div  class=\"col-xs-12 col-sm-6 image-col first-image-col\" data-bg=\"image\" style=\"background-image: url(&quot;https:\/\/kottmann-gurzeler.ch\/cms\/wp-content\/uploads\/2022\/05\/cropped-SPV-Preisverleihung-Platinium-2022-31-scaled-1.jpg&quot;);\"><\/div> <div  class=\"col-xs-12 col-sm-6 content-col col-padding col-padding-xs\"> <div  class=\"col-padding\" data-type=\"column\"> <h4  class=\"\">WIR SIND EIN PLATINIUM BETRIEB!<\/h4> <p  class=\"\">Am 24.03.2022 haben wir die Auszeichnung PLATINIUM vom schweizerischen Plattenverband \u00fcberreicht bekommen.&nbsp;\n<br ><br >PLATINIUM ist das Kompetenzlabel der Keramikbranche und wird vom Schweizerischen Plattenverband SPV an Plattenleger, H\u00e4ndler und Mischbetriebe vergeben.\n<br ><br >\nWir sind stolz auf diese Auszeichnung.<\/p> <\/div> <\/div><\/div> <div  class=\"row bg-color-white shadow-medium\"><div  class=\"col-xs-12 col-sm-6 content-col col-padding col-padding-xs\"> <div  class=\"col-padding\" data-type=\"column\"><h4  class=\"\">&nbsp;PLATINIUM \u2013 Kompetenzlabel der Keramikbranche<\/h4> <p  class=\"\">Bei der Ausgabe 2022 sind die Anforderungen f\u00fcr die Vergabe vom PLATINIUM Label gestiegen. Die Ausbildung von Lernenden wie auch die Weiterbildung der Unternehmer und ihrer Mitarbeitenden stand dieses Jahr verst\u00e4rkt im Zentrum der Bewertingskriterien<br >\n<br ><br >\n<br ><br ><\/p> <p  class=\"\"><sub >Bildquelle: plattenverband.ch<\/sub><span id=\"_mce_caret\" data-mce-bogus=\"1\" data-mce-type=\"format-caret\" ><sub ><span style=\"font-weight: 100;\" >\ufeff<\/span><\/sub><\/span><\/p><\/div> <\/div> <div  class=\"col-xs-12 col-sm-6 image-col second-image-col first-xs last-sm\" data-bg=\"image\" style=\"background-image: url(&quot;https:\/\/kottmann-gurzeler.ch\/cms\/wp-content\/uploads\/2022\/05\/cropped-Platinium-Auszeichnung-Tropaehe2.jpg&quot;);\"><\/div> <\/div><\/div> <\/div>","protected":false},"excerpt":{"rendered":"<p>PLATINIUM steht f\u00fcr Qualit\u00e4t, Wettbewerbsf\u00e4higkeit undBerufsstolz WIR SIND EIN PLATINIUM BETRIEB! Am 24.03.2022 haben wir die Auszeichnung PLATINIUM vom schweizerischen Plattenverband \u00fcberreicht bekommen.&nbsp; PLATINIUM ist das Kompetenzlabel der Keramikbranche und wird vom Schweizerischen Plattenverband SPV an Plattenleger, H\u00e4ndler und Mischbetriebe vergeben. Wir sind stolz auf diese Auszeichnung. &nbsp;PLATINIUM \u2013 Kompetenzlabel der Keramikbranche Bei der Ausgabe&hellip; <br \/> <a class=\"read-more\" href=\"https:\/\/kottmann-gurzeler.ch\/cms\/platinium-betrieb\/\">Read more<\/a><\/p>\n","protected":false},"author":1,"featured_media":0,"parent":0,"menu_order":0,"comment_status":"closed","ping_status":"closed","template":"pro\/page-templates\/full-width-page.php","meta":{"footnotes":""},"yoast_head":"<!-- This site is optimized with the Yoast SEO plugin v21.6 - https:\/\/yoast.com\/wordpress\/plugins\/seo\/ -->\n<title>Wir sind ein PLATINIUM Betrieb! | kottmann+gurzeler ag |<\/title>\n<meta name=\"description\" content=\"kottmann+gurzeler AG ist ein PLATINIUM Betrieb! - Auszeichnung der SPV, Schweizerischer Plattenverband.\" \/>\n<meta name=\"robots\" content=\"index, follow, max-snippet:-1, max-image-preview:large, max-video-preview:-1\" \/>\n<link rel=\"canonical\" href=\"https:\/\/kottmann-gurzeler.ch\/cms\/platinium-betrieb\/\" \/>\n<meta property=\"og:locale\" content=\"de_DE\" \/>\n<meta property=\"og:type\" content=\"article\" \/>\n<meta property=\"og:title\" content=\"Wir sind ein PLATINIUM Betrieb! | kottmann+gurzeler ag |\" \/>\n<meta property=\"og:description\" content=\"kottmann+gurzeler AG ist ein PLATINIUM Betrieb! - Auszeichnung der SPV, Schweizerischer Plattenverband.\" \/>\n<meta property=\"og:url\" content=\"https:\/\/kottmann-gurzeler.ch\/cms\/platinium-betrieb\/\" \/>\n<meta property=\"og:site_name\" content=\"kottmann+gurzeler ag |\" \/>\n<meta property=\"article:modified_time\" content=\"2022-05-31T21:09:03+00:00\" \/>\n<meta property=\"og:image\" content=\"https:\/\/kottmann-gurzeler.ch\/cms\/wp-content\/uploads\/2022\/05\/cropped-platinium-Plattenbelag-kott.jpg\" \/>\n<meta name=\"twitter:card\" content=\"summary_large_image\" \/>\n<script type=\"application\/ld+json\" class=\"yoast-schema-graph\">{\"@context\":\"https:\/\/schema.org\",\"@graph\":[{\"@type\":\"WebPage\",\"@id\":\"https:\/\/kottmann-gurzeler.ch\/cms\/platinium-betrieb\/\",\"url\":\"https:\/\/kottmann-gurzeler.ch\/cms\/platinium-betrieb\/\",\"name\":\"Wir sind ein PLATINIUM Betrieb! | kottmann+gurzeler ag |\",\"isPartOf\":{\"@id\":\"https:\/\/kottmann-gurzeler.ch\/cms\/#website\"},\"datePublished\":\"2022-05-31T18:53:34+00:00\",\"dateModified\":\"2022-05-31T21:09:03+00:00\",\"description\":\"kottmann+gurzeler AG ist ein PLATINIUM Betrieb! - Auszeichnung der SPV, Schweizerischer Plattenverband.\",\"breadcrumb\":{\"@id\":\"https:\/\/kottmann-gurzeler.ch\/cms\/platinium-betrieb\/#breadcrumb\"},\"inLanguage\":\"de\",\"potentialAction\":[{\"@type\":\"ReadAction\",\"target\":[\"https:\/\/kottmann-gurzeler.ch\/cms\/platinium-betrieb\/\"]}]},{\"@type\":\"BreadcrumbList\",\"@id\":\"https:\/\/kottmann-gurzeler.ch\/cms\/platinium-betrieb\/#breadcrumb\",\"itemListElement\":[{\"@type\":\"ListItem\",\"position\":1,\"name\":\"Plattenbel\u00e4ge\",\"item\":\"https:\/\/kottmann-gurzeler.ch\/cms\/\"},{\"@type\":\"ListItem\",\"position\":2,\"name\":\"Wir sind ein PLATINIUM Betrieb!\"}]},{\"@type\":\"WebSite\",\"@id\":\"https:\/\/kottmann-gurzeler.ch\/cms\/#website\",\"url\":\"https:\/\/kottmann-gurzeler.ch\/cms\/\",\"name\":\"kottmann+gurzeler ag |\",\"description\":\"| Aargau, Wohlen, Bremgarten, Freiamt, Nordwestschweiz\",\"publisher\":{\"@id\":\"https:\/\/kottmann-gurzeler.ch\/cms\/#organization\"},\"potentialAction\":[{\"@type\":\"SearchAction\",\"target\":{\"@type\":\"EntryPoint\",\"urlTemplate\":\"https:\/\/kottmann-gurzeler.ch\/cms\/?s={search_term_string}\"},\"query-input\":\"required name=search_term_string\"}],\"inLanguage\":\"de\"},{\"@type\":\"Organization\",\"@id\":\"https:\/\/kottmann-gurzeler.ch\/cms\/#organization\",\"name\":\"kottmann+gurzeler ag\",\"url\":\"https:\/\/kottmann-gurzeler.ch\/cms\/\",\"logo\":{\"@type\":\"ImageObject\",\"inLanguage\":\"de\",\"@id\":\"https:\/\/kottmann-gurzeler.ch\/cms\/#\/schema\/logo\/image\/\",\"url\":\"https:\/\/kottmann-gurzeler.ch\/cms\/wp-content\/uploads\/2020\/12\/angaben_schrift_farben_logo-e1607023115442.png\",\"contentUrl\":\"https:\/\/kottmann-gurzeler.ch\/cms\/wp-content\/uploads\/2020\/12\/angaben_schrift_farben_logo-e1607023115442.png\",\"width\":1941,\"height\":325,\"caption\":\"kottmann+gurzeler ag\"},\"image\":{\"@id\":\"https:\/\/kottmann-gurzeler.ch\/cms\/#\/schema\/logo\/image\/\"}}]}<\/script>\n<!-- \/ Yoast SEO plugin. -->","yoast_head_json":{"title":"Wir sind ein PLATINIUM Betrieb! | kottmann+gurzeler ag |","description":"kottmann+gurzeler AG ist ein PLATINIUM Betrieb! - Auszeichnung der SPV, Schweizerischer Plattenverband.","robots":{"index":"index","follow":"follow","max-snippet":"max-snippet:-1","max-image-preview":"max-image-preview:large","max-video-preview":"max-video-preview:-1"},"canonical":"https:\/\/kottmann-gurzeler.ch\/cms\/platinium-betrieb\/","og_locale":"de_DE","og_type":"article","og_title":"Wir sind ein PLATINIUM Betrieb! | kottmann+gurzeler ag |","og_description":"kottmann+gurzeler AG ist ein PLATINIUM Betrieb! - Auszeichnung der SPV, Schweizerischer Plattenverband.","og_url":"https:\/\/kottmann-gurzeler.ch\/cms\/platinium-betrieb\/","og_site_name":"kottmann+gurzeler ag |","article_modified_time":"2022-05-31T21:09:03+00:00","og_image":[{"url":"https:\/\/kottmann-gurzeler.ch\/cms\/wp-content\/uploads\/2022\/05\/cropped-platinium-Plattenbelag-kott.jpg"}],"twitter_card":"summary_large_image","schema":{"@context":"https:\/\/schema.org","@graph":[{"@type":"WebPage","@id":"https:\/\/kottmann-gurzeler.ch\/cms\/platinium-betrieb\/","url":"https:\/\/kottmann-gurzeler.ch\/cms\/platinium-betrieb\/","name":"Wir sind ein PLATINIUM Betrieb! | kottmann+gurzeler ag |","isPartOf":{"@id":"https:\/\/kottmann-gurzeler.ch\/cms\/#website"},"datePublished":"2022-05-31T18:53:34+00:00","dateModified":"2022-05-31T21:09:03+00:00","description":"kottmann+gurzeler AG ist ein PLATINIUM Betrieb! - Auszeichnung der SPV, Schweizerischer Plattenverband.","breadcrumb":{"@id":"https:\/\/kottmann-gurzeler.ch\/cms\/platinium-betrieb\/#breadcrumb"},"inLanguage":"de","potentialAction":[{"@type":"ReadAction","target":["https:\/\/kottmann-gurzeler.ch\/cms\/platinium-betrieb\/"]}]},{"@type":"BreadcrumbList","@id":"https:\/\/kottmann-gurzeler.ch\/cms\/platinium-betrieb\/#breadcrumb","itemListElement":[{"@type":"ListItem","position":1,"name":"Plattenbel\u00e4ge","item":"https:\/\/kottmann-gurzeler.ch\/cms\/"},{"@type":"ListItem","position":2,"name":"Wir sind ein PLATINIUM Betrieb!"}]},{"@type":"WebSite","@id":"https:\/\/kottmann-gurzeler.ch\/cms\/#website","url":"https:\/\/kottmann-gurzeler.ch\/cms\/","name":"kottmann+gurzeler ag |","description":"| Aargau, Wohlen, Bremgarten, Freiamt, Nordwestschweiz","publisher":{"@id":"https:\/\/kottmann-gurzeler.ch\/cms\/#organization"},"potentialAction":[{"@type":"SearchAction","target":{"@type":"EntryPoint","urlTemplate":"https:\/\/kottmann-gurzeler.ch\/cms\/?s={search_term_string}"},"query-input":"required name=search_term_string"}],"inLanguage":"de"},{"@type":"Organization","@id":"https:\/\/kottmann-gurzeler.ch\/cms\/#organization","name":"kottmann+gurzeler ag","url":"https:\/\/kottmann-gurzeler.ch\/cms\/","logo":{"@type":"ImageObject","inLanguage":"de","@id":"https:\/\/kottmann-gurzeler.ch\/cms\/#\/schema\/logo\/image\/","url":"https:\/\/kottmann-gurzeler.ch\/cms\/wp-content\/uploads\/2020\/12\/angaben_schrift_farben_logo-e1607023115442.png","contentUrl":"https:\/\/kottmann-gurzeler.ch\/cms\/wp-content\/uploads\/2020\/12\/angaben_schrift_farben_logo-e1607023115442.png","width":1941,"height":325,"caption":"kottmann+gurzeler ag"},"image":{"@id":"https:\/\/kottmann-gurzeler.ch\/cms\/#\/schema\/logo\/image\/"}}]}},"_links":{"self":[{"href":"https:\/\/kottmann-gurzeler.ch\/cms\/wp-json\/wp\/v2\/pages\/1450"}],"collection":[{"href":"https:\/\/kottmann-gurzeler.ch\/cms\/wp-json\/wp\/v2\/pages"}],"about":[{"href":"https:\/\/kottmann-gurzeler.ch\/cms\/wp-json\/wp\/v2\/types\/page"}],"author":[{"embeddable":true,"href":"https:\/\/kottmann-gurzeler.ch\/cms\/wp-json\/wp\/v2\/users\/1"}],"replies":[{"embeddable":true,"href":"https:\/\/kottmann-gurzeler.ch\/cms\/wp-json\/wp\/v2\/comments?post=1450"}],"version-history":[{"count":5,"href":"https:\/\/kottmann-gurzeler.ch\/cms\/wp-json\/wp\/v2\/pages\/1450\/revisions"}],"predecessor-version":[{"id":1472,"href":"https:\/\/kottmann-gurzeler.ch\/cms\/wp-json\/wp\/v2\/pages\/1450\/revisions\/1472"}],"wp:attachment":[{"href":"https:\/\/kottmann-gurzeler.ch\/cms\/wp-json\/wp\/v2\/media?parent=1450"}],"curies":[{"name":"wp","href":"https:\/\/api.w.org\/{rel}","templated":true}]}}